{"id":501882,"date":"2021-01-14T15:14:46","date_gmt":"2021-01-14T14:14:46","guid":{"rendered":"https:\/\/cherry-publishing.com\/?page_id=501882"},"modified":"2023-04-28T15:10:01","modified_gmt":"2023-04-28T14:10:01","slug":"manuskripte","status":"publish","type":"page","link":"https:\/\/cherry-publishing.com\/de\/manuskripte\/","title":{"rendered":"Manuskripte"},"content":{"rendered":"\t\t<div data-elementor-type=\"wp-post\" data-elementor-id=\"501882\" class=\"elementor elementor-501882 elementor-19\" data-elementor-settings=\"[]\">\n\t\t\t\t\t\t<div class=\"elementor-inner\">\n\t\t\t\t\t\t\t<div class=\"elementor-section-wrap\">\n\t\t\t\t\t\t\t<section class=\"elementor-section elementor-top-section elementor-element elementor-element-2ebe34e elementor-section-boxed elementor-section-height-default elementor-section-height-default\" data-id=\"2ebe34e\" data-element_type=\"section\">\n\t\t\t\t\t\t<div class=\"elementor-container elementor-column-gap-default\">\n\t\t\t\t\t\t\t<div class=\"elementor-row\">\n\t\t\t\t\t<div class=\"elementor-column elementor-col-100 elementor-top-column elementor-element elementor-element-cc161c3\" data-id=\"cc161c3\" data-element_type=\"column\">\n\t\t\t<div class=\"elementor-column-wrap elementor-element-populated\">\n\t\t\t\t\t\t\t<div class=\"elementor-widget-wrap\">\n\t\t\t\t\t\t<div class=\"elementor-element elementor-element-0c17e72 elementor-widget elementor-widget-heading\" data-id=\"0c17e72\" data-element_type=\"widget\" data-widget_type=\"heading.default\">\n\t\t\t\t<div class=\"elementor-widget-container\">\n\t\t\t<h2 class=\"elementor-heading-title elementor-size-default\">Warum du uns mit deinem Manuskript vertrauen kannst?<\/h2>\t\t<\/div>\n\t\t\t\t<\/div>\n\t\t\t\t\t\t<\/div>\n\t\t\t\t\t<\/div>\n\t\t<\/div>\n\t\t\t\t\t\t\t\t<\/div>\n\t\t\t\t\t<\/div>\n\t\t<\/section>\n\t\t\t\t<section class=\"elementor-section elementor-top-section elementor-element elementor-element-85b1ade elementor-section-boxed elementor-section-height-default elementor-section-height-default\" data-id=\"85b1ade\" data-element_type=\"section\">\n\t\t\t\t\t\t<div class=\"elementor-container elementor-column-gap-default\">\n\t\t\t\t\t\t\t<div class=\"elementor-row\">\n\t\t\t\t\t<div class=\"elementor-column elementor-col-100 elementor-top-column elementor-element elementor-element-3f19f56\" data-id=\"3f19f56\" data-element_type=\"column\">\n\t\t\t<div class=\"elementor-column-wrap elementor-element-populated\">\n\t\t\t\t\t\t\t<div class=\"elementor-widget-wrap\">\n\t\t\t\t\t\t<section class=\"elementor-section elementor-inner-section elementor-element elementor-element-d68261c elementor-section-height-min-height elementor-section-content-middle elementor-section-boxed elementor-section-height-default\" data-id=\"d68261c\" data-element_type=\"section\">\n\t\t\t\t\t\t<div class=\"elementor-container elementor-column-gap-default\">\n\t\t\t\t\t\t\t<div class=\"elementor-row\">\n\t\t\t\t\t<div class=\"elementor-column elementor-col-33 elementor-inner-column elementor-element elementor-element-82d1c6f\" data-id=\"82d1c6f\" data-element_type=\"column\">\n\t\t\t<div class=\"elementor-column-wrap elementor-element-populated\">\n\t\t\t\t\t\t\t<div class=\"elementor-widget-wrap\">\n\t\t\t\t\t\t<div class=\"elementor-element elementor-element-7b521d5 elementor-widget elementor-widget-image\" data-id=\"7b521d5\" data-element_type=\"widget\" data-widget_type=\"image.default\">\n\t\t\t\t<div class=\"elementor-widget-container\">\n\t\t\t\t\t<div class=\"elementor-image\">\n\t\t\t\t\t\t\t\t\t\t<img width=\"600\" height=\"600\" src=\"https:\/\/cherry-publishing.com\/wp-content\/uploads\/2021\/01\/A-UNIQUE-EXPERTISE-4.jpg\" class=\"attachment-large size-large\" alt=\"\" srcset=\"https:\/\/cherry-publishing.com\/wp-content\/uploads\/2021\/01\/A-UNIQUE-EXPERTISE-4.jpg 600w, https:\/\/cherry-publishing.com\/wp-content\/uploads\/2021\/01\/A-UNIQUE-EXPERTISE-4-150x150.jpg 150w, https:\/\/cherry-publishing.com\/wp-content\/uploads\/2021\/01\/A-UNIQUE-EXPERTISE-4-300x300.jpg 300w, https:\/\/cherry-publishing.com\/wp-content\/uploads\/2021\/01\/A-UNIQUE-EXPERTISE-4-599x599.jpg 599w, https:\/\/cherry-publishing.com\/wp-content\/uploads\/2021\/01\/A-UNIQUE-EXPERTISE-4-100x100.jpg 100w\" sizes=\"(max-width: 600px) 100vw, 600px\" \/>\t\t\t\t\t\t\t\t\t\t\t<\/div>\n\t\t\t\t<\/div>\n\t\t\t\t<\/div>\n\t\t\t\t\t\t<\/div>\n\t\t\t\t\t<\/div>\n\t\t<\/div>\n\t\t\t\t<div class=\"elementor-column elementor-col-66 elementor-inner-column elementor-element elementor-element-6173126\" data-id=\"6173126\" data-element_type=\"column\">\n\t\t\t<div class=\"elementor-column-wrap elementor-element-populated\">\n\t\t\t\t\t\t\t<div class=\"elementor-widget-wrap\">\n\t\t\t\t\t\t<div class=\"elementor-element elementor-element-deaed82 elementor-widget elementor-widget-heading\" data-id=\"deaed82\" data-element_type=\"widget\" data-widget_type=\"heading.default\">\n\t\t\t\t<div class=\"elementor-widget-container\">\n\t\t\t<h2 class=\"elementor-heading-title elementor-size-default\">Cherry Publishing: Ein einzigartiger Verlag\n<\/h2>\t\t<\/div>\n\t\t\t\t<\/div>\n\t\t\t\t<div class=\"elementor-element elementor-element-388de7b elementor-widget elementor-widget-spacer\" data-id=\"388de7b\" data-element_type=\"widget\" data-widget_type=\"spacer.default\">\n\t\t\t\t<div class=\"elementor-widget-container\">\n\t\t\t\t\t<div class=\"elementor-spacer\">\n\t\t\t<div class=\"elementor-spacer-inner\"><\/div>\n\t\t<\/div>\n\t\t\t\t<\/div>\n\t\t\t\t<\/div>\n\t\t\t\t<div class=\"elementor-element elementor-element-d006901 elementor-widget elementor-widget-text-editor\" data-id=\"d006901\" data-element_type=\"widget\" data-widget_type=\"text-editor.default\">\n\t\t\t\t<div class=\"elementor-widget-container\">\n\t\t\t\t\t<div class=\"elementor-text-editor elementor-clearfix\"><p>Seit der Gr\u00fcndung im M\u00e4rz 2019, hat Cherry Publishing sich schnell als marktf\u00fchrend im Bereich des Digital Publishings in Frankreich etabliert. Durch die bunte Zusammensetzung unseres Teams, welches aus Web Spezialisten, Grafikdesignern, Autor*Innen und Lektor*innen besteht, verfolgen wir stets innovative Strategien, die unsere Ver\u00f6ffentlichungen bestm\u00f6glich unterst\u00fctzen. Wir freuen uns \u00fcber jede Geschichte am Cherry Tree \u2013 ob in Deutschland oder im internationalen Raum.Unser Erfolg zeigt sich beispielsweise in der Gruppe unserer bereits publizierten Autor*innen: Sie haben sich zu einer echten \u201eCherry Family\u201c zusammengefunden! Gegenw\u00e4rtig sind wir stolz darauf, dass einige unserer Romane bereits in den Amazon Top 100 platziert werden konnten und eine tolle Community hinter uns steht. Zu guter Letzt m\u00f6chten wir erw\u00e4hnen, dass wir auch unentdeckten Autor*innen Aufmerksamkeit schenken m\u00f6chten und offen f\u00fcr jeglichen Kontakt sind. Ob ganz neu in der Welt des Schreibens oder alte Hasen, Cherry Publishing ist f\u00fcr euch da!<\/p><div><div class=\"font_preload\" style=\"opacity: 0;\">\u00a0<\/div><\/div><\/div>\n\t\t\t\t<\/div>\n\t\t\t\t<\/div>\n\t\t\t\t\t\t<\/div>\n\t\t\t\t\t<\/div>\n\t\t<\/div>\n\t\t\t\t\t\t\t\t<\/div>\n\t\t\t\t\t<\/div>\n\t\t<\/section>\n\t\t\t\t<div class=\"elementor-element elementor-element-b4a22bb elementor-widget elementor-widget-heading\" data-id=\"b4a22bb\" data-element_type=\"widget\" data-widget_type=\"heading.default\">\n\t\t\t\t<div class=\"elementor-widget-container\">\n\t\t\t<h2 class=\"elementor-heading-title elementor-size-default\">Wir bem\u00fchen uns aktiv um inklusive, diverse Liebesromane und Own Voice B\u00fccher.<\/h2>\t\t<\/div>\n\t\t\t\t<\/div>\n\t\t\t\t\t\t<\/div>\n\t\t\t\t\t<\/div>\n\t\t<\/div>\n\t\t\t\t\t\t\t\t<\/div>\n\t\t\t\t\t<\/div>\n\t\t<\/section>\n\t\t\t\t<section class=\"elementor-section elementor-top-section elementor-element elementor-element-89473d0 elementor-section-content-middle elementor-section-boxed elementor-section-height-default elementor-section-height-default\" data-id=\"89473d0\" data-element_type=\"section\">\n\t\t\t\t\t\t<div class=\"elementor-container elementor-column-gap-default\">\n\t\t\t\t\t\t\t<div class=\"elementor-row\">\n\t\t\t\t\t<div class=\"elementor-column elementor-col-33 elementor-top-column elementor-element elementor-element-1e22a9f\" data-id=\"1e22a9f\" data-element_type=\"column\">\n\t\t\t<div class=\"elementor-column-wrap elementor-element-populated\">\n\t\t\t\t\t\t\t<div class=\"elementor-widget-wrap\">\n\t\t\t\t\t\t<div class=\"elementor-element elementor-element-3f8bac7 elementor-widget elementor-widget-spacer\" data-id=\"3f8bac7\" data-element_type=\"widget\" data-widget_type=\"spacer.default\">\n\t\t\t\t<div class=\"elementor-widget-container\">\n\t\t\t\t\t<div class=\"elementor-spacer\">\n\t\t\t<div class=\"elementor-spacer-inner\"><\/div>\n\t\t<\/div>\n\t\t\t\t<\/div>\n\t\t\t\t<\/div>\n\t\t\t\t<div class=\"elementor-element elementor-element-376f9f7 elementor-widget elementor-widget-heading\" data-id=\"376f9f7\" data-element_type=\"widget\" data-widget_type=\"heading.default\">\n\t\t\t\t<div class=\"elementor-widget-container\">\n\t\t\t<h1 class=\"elementor-heading-title elementor-size-default\">Wir akzeptieren ... <\/h1>\t\t<\/div>\n\t\t\t\t<\/div>\n\t\t\t\t<div class=\"elementor-element elementor-element-6715d20 elementor-widget elementor-widget-text-editor\" data-id=\"6715d20\" data-element_type=\"widget\" data-widget_type=\"text-editor.default\">\n\t\t\t\t<div class=\"elementor-widget-container\">\n\t\t\t\t\t<div class=\"elementor-text-editor elementor-clearfix\"><div id=\"1668404955.397959\" class=\"c-virtual_list__item\" tabindex=\"-1\" role=\"listitem\" aria-setsize=\"-1\" data-qa=\"virtual-list-item\" data-item-key=\"1668404955.397959\"><div class=\"c-message_kit__background p-message_pane_message__message c-message_kit__message\" role=\"presentation\" data-qa=\"message_container\" data-qa-unprocessed=\"false\" data-qa-placeholder=\"false\"><div class=\"c-message_kit__hover\" role=\"document\" aria-roledescription=\"message\" data-qa-hover=\"true\"><div class=\"c-message_kit__actions c-message_kit__actions--above\"><div class=\"c-message_kit__gutter\"><div class=\"c-message_kit__gutter__right\" role=\"presentation\" data-qa=\"message_content\"><div class=\"c-message_kit__blocks c-message_kit__blocks--rich_text\"><div class=\"c-message__message_blocks c-message__message_blocks--rich_text\" data-qa=\"message-text\"><div class=\"p-block_kit_renderer\" data-qa=\"block-kit-renderer\"><div class=\"p-block_kit_renderer__block_wrapper p-block_kit_renderer__block_wrapper--first\"><div class=\"p-rich_text_block\" dir=\"auto\"><div class=\"p-rich_text_section\">Liebesgeschichten in den Subgenres Sports Romance (American Football, Racing, Hockey, etc.), Gay Romance, Billionaire\/Millionaire Romance und Boss Romance.<br \/>Wie du dich an uns wenden kannst?<\/div><\/div><\/div><\/div><\/div><\/div><\/div><\/div><\/div><\/div><\/div><\/div><div id=\"1668405030.574369\" class=\"c-virtual_list__item c-virtual_list__item--initial-activeitem\" tabindex=\"0\" role=\"listitem\" aria-setsize=\"-1\" data-qa=\"virtual-list-item\" data-item-key=\"1668405030.574369\"><div class=\"c-message_kit__background c-message_kit__background--hovered p-message_pane_message__message c-message_kit__message\" role=\"presentation\" data-qa=\"message_container\" data-qa-unprocessed=\"false\" data-qa-placeholder=\"false\"><div class=\"c-message_kit__hover c-message_kit__hover--hovered\" role=\"document\" aria-roledescription=\"message\" data-qa-hover=\"true\"><div class=\"c-message_kit__actions c-message_kit__actions--above\"><div class=\"c-message_kit__gutter\"><div class=\"c-message_kit__gutter__right\" role=\"presentation\" data-qa=\"message_content\"><div class=\"c-message_kit__blocks c-message_kit__blocks--rich_text\"><div class=\"c-message__message_blocks c-message__message_blocks--rich_text\" data-qa=\"message-text\"><div class=\"p-block_kit_renderer\" data-qa=\"block-kit-renderer\"><div class=\"p-block_kit_renderer__block_wrapper p-block_kit_renderer__block_wrapper--first\"><div class=\"p-rich_text_block\" dir=\"auto\">\u00a0<\/div><\/div><\/div><\/div><\/div><\/div><\/div><\/div><\/div><\/div><\/div><ul><li>Datei in .pdf, .doc oder .docx Format MIT EXPOS\u00c9 UND\u00a0 ZUSAMMENFASSUNG (<strong>max. 3-4 Seiten einschlie\u00dflich des Ausganges der Geschichte aussagekr\u00e4ftige Leseprobe oder gesamtes Manuskript<\/strong>)<\/li><li>F\u00fcr Manuskripte in deutscher Sprache, sende eine Email direkt an: manuela[a]greentomatomedia.com und ersetze das [a] durch ein @. F\u00fcr Manuskripte in den Sprachen Franz\u00f6sisch \/ Italienisch \/ Englisch \/ Spanisch, sende dein Skript an: cherrypublishingco[@]gmail.com (entferne die Klammern vor dem Absenden)<\/li><\/ul><p>Manuskripte, die unberechtigte Gewalt, Rassismus, Sexismus oder Beleidigungen beinhalten, werden nicht ber\u00fccksichtigt. Toxische, ungesunde Beziehungen werden auch ausgeschlossen. Wir wollen inklusive Literatur mit <strong>modernen Werten f\u00f6rdern.<\/strong><\/p><div><div style=\"opacity: 0;\">\u00a0<\/div><\/div><\/div>\n\t\t\t\t<\/div>\n\t\t\t\t<\/div>\n\t\t\t\t\t\t<\/div>\n\t\t\t\t\t<\/div>\n\t\t<\/div>\n\t\t\t\t<div class=\"elementor-column elementor-col-66 elementor-top-column elementor-element elementor-element-2e8cca3\" data-id=\"2e8cca3\" data-element_type=\"column\">\n\t\t\t<div class=\"elementor-column-wrap elementor-element-populated\">\n\t\t\t\t\t\t\t<div class=\"elementor-widget-wrap\">\n\t\t\t\t\t\t<div class=\"elementor-element elementor-element-4be6553 elementor-widget elementor-widget-spacer\" data-id=\"4be6553\" data-element_type=\"widget\" data-widget_type=\"spacer.default\">\n\t\t\t\t<div class=\"elementor-widget-container\">\n\t\t\t\t\t<div class=\"elementor-spacer\">\n\t\t\t<div class=\"elementor-spacer-inner\"><\/div>\n\t\t<\/div>\n\t\t\t\t<\/div>\n\t\t\t\t<\/div>\n\t\t\t\t<div class=\"elementor-element elementor-element-541aaa1 elementor-widget elementor-widget-image\" data-id=\"541aaa1\" data-element_type=\"widget\" data-widget_type=\"image.default\">\n\t\t\t\t<div class=\"elementor-widget-container\">\n\t\t\t\t\t<div class=\"elementor-image\">\n\t\t\t\t\t\t\t\t\t\t<img width=\"980\" height=\"700\" src=\"https:\/\/cherry-publishing.com\/wp-content\/uploads\/2020\/10\/Hot-romance.png\" class=\"attachment-large size-large\" alt=\"\" srcset=\"https:\/\/cherry-publishing.com\/wp-content\/uploads\/2020\/10\/Hot-romance.png 980w, https:\/\/cherry-publishing.com\/wp-content\/uploads\/2020\/10\/Hot-romance-300x214.png 300w, https:\/\/cherry-publishing.com\/wp-content\/uploads\/2020\/10\/Hot-romance-599x428.png 599w, https:\/\/cherry-publishing.com\/wp-content\/uploads\/2020\/10\/Hot-romance-768x549.png 768w\" sizes=\"(max-width: 980px) 100vw, 980px\" \/>\t\t\t\t\t\t\t\t\t\t\t<\/div>\n\t\t\t\t<\/div>\n\t\t\t\t<\/div>\n\t\t\t\t\t\t<\/div>\n\t\t\t\t\t<\/div>\n\t\t<\/div>\n\t\t\t\t\t\t\t\t<\/div>\n\t\t\t\t\t<\/div>\n\t\t<\/section>\n\t\t\t\t<section class=\"elementor-section elementor-top-section elementor-element elementor-element-0f9f6c7 elementor-section-boxed elementor-section-height-default elementor-section-height-default\" data-id=\"0f9f6c7\" data-element_type=\"section\">\n\t\t\t\t\t\t<div class=\"elementor-container elementor-column-gap-default\">\n\t\t\t\t\t\t\t<div class=\"elementor-row\">\n\t\t\t\t\t<div class=\"elementor-column elementor-col-100 elementor-top-column elementor-element elementor-element-fd0b557\" data-id=\"fd0b557\" data-element_type=\"column\">\n\t\t\t<div class=\"elementor-column-wrap elementor-element-populated\">\n\t\t\t\t\t\t\t<div class=\"elementor-widget-wrap\">\n\t\t\t\t\t\t<div class=\"elementor-element elementor-element-0bd0f88 elementor-widget elementor-widget-spacer\" data-id=\"0bd0f88\" data-element_type=\"widget\" data-widget_type=\"spacer.default\">\n\t\t\t\t<div class=\"elementor-widget-container\">\n\t\t\t\t\t<div class=\"elementor-spacer\">\n\t\t\t<div class=\"elementor-spacer-inner\"><\/div>\n\t\t<\/div>\n\t\t\t\t<\/div>\n\t\t\t\t<\/div>\n\t\t\t\t<div class=\"elementor-element elementor-element-acfbbab elementor-widget elementor-widget-heading\" data-id=\"acfbbab\" data-element_type=\"widget\" data-widget_type=\"heading.default\">\n\t\t\t\t<div class=\"elementor-widget-container\">\n\t\t\t<h2 class=\"elementor-heading-title elementor-size-default\">W\u00fcrdest du uns gerne dein Manuskript senden?<\/h2>\t\t<\/div>\n\t\t\t\t<\/div>\n\t\t\t\t\t\t<\/div>\n\t\t\t\t\t<\/div>\n\t\t<\/div>\n\t\t\t\t\t\t\t\t<\/div>\n\t\t\t\t\t<\/div>\n\t\t<\/section>\n\t\t\t\t<section class=\"elementor-section elementor-top-section elementor-element elementor-element-cdced4d elementor-section-boxed elementor-section-height-default elementor-section-height-default\" data-id=\"cdced4d\" data-element_type=\"section\">\n\t\t\t\t\t\t<div class=\"elementor-container elementor-column-gap-default\">\n\t\t\t\t\t\t\t<div class=\"elementor-row\">\n\t\t\t\t\t<div class=\"elementor-column elementor-col-33 elementor-top-column elementor-element elementor-element-2902430\" data-id=\"2902430\" data-element_type=\"column\">\n\t\t\t<div class=\"elementor-column-wrap elementor-element-populated\">\n\t\t\t\t\t\t\t<div class=\"elementor-widget-wrap\">\n\t\t\t\t\t\t<div class=\"elementor-element elementor-element-4a21eaf elementor-widget elementor-widget-spacer\" data-id=\"4a21eaf\" data-element_type=\"widget\" data-widget_type=\"spacer.default\">\n\t\t\t\t<div class=\"elementor-widget-container\">\n\t\t\t\t\t<div class=\"elementor-spacer\">\n\t\t\t<div class=\"elementor-spacer-inner\"><\/div>\n\t\t<\/div>\n\t\t\t\t<\/div>\n\t\t\t\t<\/div>\n\t\t\t\t<div class=\"elementor-element elementor-element-ea49364 elementor-button-align-stretch elementor-widget elementor-widget-form\" data-id=\"ea49364\" data-element_type=\"widget\" data-settings=\"{&quot;step_next_label&quot;:&quot;Suivant&quot;,&quot;step_previous_label&quot;:&quot;Pr\\u00e9c\\u00e9dent&quot;,&quot;button_width&quot;:&quot;100&quot;,&quot;step_type&quot;:&quot;number_text&quot;,&quot;step_icon_shape&quot;:&quot;circle&quot;}\" data-widget_type=\"form.default\">\n\t\t\t\t<div class=\"elementor-widget-container\">\n\t\t\t\t\t<form class=\"elementor-form\" method=\"post\" name=\"New Form\">\n\t\t\t<input type=\"hidden\" name=\"post_id\" value=\"501882\"\/>\n\t\t\t<input type=\"hidden\" name=\"form_id\" value=\"ea49364\"\/>\n\t\t\t<input type=\"hidden\" name=\"referer_title\" value=\"\" \/>\n\n\t\t\t\n\t\t\t<div class=\"elementor-form-fields-wrapper elementor-labels-above\">\n\t\t\t\t\t\t\t\t<div class=\"elementor-field-type-text elementor-field-group elementor-column elementor-field-group-name elementor-col-100\">\n\t\t\t\t\t<label for=\"form-field-name\" class=\"elementor-field-label\">Name<\/label><input size=\"1\" type=\"text\" name=\"form_fields[name]\" id=\"form-field-name\" class=\"elementor-field elementor-size-md  elementor-field-textual\" placeholder=\"Name\">\t\t\t\t<\/div>\n\t\t\t\t\t\t\t\t<div class=\"elementor-field-type-email elementor-field-group elementor-column elementor-field-group-email elementor-col-100 elementor-field-required\">\n\t\t\t\t\t<label for=\"form-field-email\" class=\"elementor-field-label\">Email<\/label><input size=\"1\" type=\"email\" name=\"form_fields[email]\" id=\"form-field-email\" class=\"elementor-field elementor-size-md  elementor-field-textual\" placeholder=\"Email\" required=\"required\" aria-required=\"true\">\t\t\t\t<\/div>\n\t\t\t\t\t\t\t\t<div class=\"elementor-field-type-textarea elementor-field-group elementor-column elementor-field-group-message elementor-col-100\">\n\t\t\t\t\t<label for=\"form-field-message\" class=\"elementor-field-label\">Nachricht<\/label><textarea class=\"elementor-field-textual elementor-field  elementor-size-md\" name=\"form_fields[message]\" id=\"form-field-message\" rows=\"4\" placeholder=\"Message\"><\/textarea>\t\t\t\t<\/div>\n\t\t\t\t\t\t\t\t<div class=\"elementor-field-type-upload elementor-field-group elementor-column elementor-field-group-1a3d343 elementor-col-100 elementor-field-required\">\n\t\t\t\t\t<input type=\"file\" name=\"form_fields[1a3d343][]\" id=\"form-field-1a3d343\" class=\"elementor-field elementor-size-md  elementor-upload-field\" required=\"required\" aria-required=\"true\" multiple=\"multiple\" data-maxsize=\"32\" data-maxsize-message=\"Diese Datei \u00fcbersteigt die maximale Dateigr\u00f6\u00dfe\">\t\t\t\t<\/div>\n\t\t\t\t\t\t\t\t<div class=\"elementor-field-group elementor-column elementor-field-type-submit elementor-col-100 e-form__buttons\">\n\t\t\t\t\t<button type=\"submit\" class=\"elementor-button elementor-size-md\">\n\t\t\t\t\t\t<span >\n\t\t\t\t\t\t\t\t\t\t\t\t\t\t\t<span class=\" elementor-button-icon\">\n\t\t\t\t\t\t\t\t\t\t\t\t\t\t\t\t\t\t\t\t\t\t\t\t\t\t<\/span>\n\t\t\t\t\t\t\t\t\t\t\t\t\t\t\t\t\t\t\t\t\t\t<span class=\"elementor-button-text\">Senden<\/span>\n\t\t\t\t\t\t\t\t\t\t\t\t\t<\/span>\n\t\t\t\t\t<\/button>\n\t\t\t\t<\/div>\n\t\t\t<\/div>\n\t\t<\/form>\n\t\t\t\t<\/div>\n\t\t\t\t<\/div>\n\t\t\t\t\t\t<\/div>\n\t\t\t\t\t<\/div>\n\t\t<\/div>\n\t\t\t\t<div class=\"elementor-column elementor-col-66 elementor-top-column elementor-element elementor-element-4d01a85\" data-id=\"4d01a85\" data-element_type=\"column\">\n\t\t\t<div class=\"elementor-column-wrap elementor-element-populated\">\n\t\t\t\t\t\t\t<div class=\"elementor-widget-wrap\">\n\t\t\t\t\t\t<div class=\"elementor-element elementor-element-7b43a11 elementor-widget elementor-widget-spacer\" data-id=\"7b43a11\" data-element_type=\"widget\" data-widget_type=\"spacer.default\">\n\t\t\t\t<div class=\"elementor-widget-container\">\n\t\t\t\t\t<div class=\"elementor-spacer\">\n\t\t\t<div class=\"elementor-spacer-inner\"><\/div>\n\t\t<\/div>\n\t\t\t\t<\/div>\n\t\t\t\t<\/div>\n\t\t\t\t<div class=\"elementor-element elementor-element-b1ac47d elementor-widget elementor-widget-image\" data-id=\"b1ac47d\" data-element_type=\"widget\" data-widget_type=\"image.default\">\n\t\t\t\t<div class=\"elementor-widget-container\">\n\t\t\t\t\t<div class=\"elementor-image\">\n\t\t\t\t\t\t\t\t\t\t<img width=\"980\" height=\"700\" src=\"https:\/\/cherry-publishing.com\/wp-content\/uploads\/2021\/01\/Hot-romance-1.jpg\" class=\"attachment-large size-large\" alt=\"cherry publishing\" srcset=\"https:\/\/cherry-publishing.com\/wp-content\/uploads\/2021\/01\/Hot-romance-1.jpg 980w, https:\/\/cherry-publishing.com\/wp-content\/uploads\/2021\/01\/Hot-romance-1-300x214.jpg 300w, https:\/\/cherry-publishing.com\/wp-content\/uploads\/2021\/01\/Hot-romance-1-768x549.jpg 768w, https:\/\/cherry-publishing.com\/wp-content\/uploads\/2021\/01\/Hot-romance-1-599x428.jpg 599w\" sizes=\"(max-width: 980px) 100vw, 980px\" \/>\t\t\t\t\t\t\t\t\t\t\t<\/div>\n\t\t\t\t<\/div>\n\t\t\t\t<\/div>\n\t\t\t\t\t\t<\/div>\n\t\t\t\t\t<\/div>\n\t\t<\/div>\n\t\t\t\t\t\t\t\t<\/div>\n\t\t\t\t\t<\/div>\n\t\t<\/section>\n\t\t\t\t<section class=\"elementor-section elementor-top-section elementor-element elementor-element-df4edb2 elementor-section-boxed elementor-section-height-default elementor-section-height-default\" data-id=\"df4edb2\" data-element_type=\"section\">\n\t\t\t\t\t\t<div class=\"elementor-container elementor-column-gap-default\">\n\t\t\t\t\t\t\t<div class=\"elementor-row\">\n\t\t\t\t\t<div class=\"elementor-column elementor-col-100 elementor-top-column elementor-element elementor-element-56dee89\" data-id=\"56dee89\" data-element_type=\"column\">\n\t\t\t<div class=\"elementor-column-wrap elementor-element-populated\">\n\t\t\t\t\t\t\t<div class=\"elementor-widget-wrap\">\n\t\t\t\t\t\t<div class=\"elementor-element elementor-element-23a4322 elementor-widget elementor-widget-spacer\" data-id=\"23a4322\" data-element_type=\"widget\" data-widget_type=\"spacer.default\">\n\t\t\t\t<div class=\"elementor-widget-container\">\n\t\t\t\t\t<div class=\"elementor-spacer\">\n\t\t\t<div class=\"elementor-spacer-inner\"><\/div>\n\t\t<\/div>\n\t\t\t\t<\/div>\n\t\t\t\t<\/div>\n\t\t\t\t<div class=\"elementor-element elementor-element-4d06b53 elementor-widget elementor-widget-text-editor\" data-id=\"4d06b53\" data-element_type=\"widget\" data-widget_type=\"text-editor.default\">\n\t\t\t\t<div class=\"elementor-widget-container\">\n\t\t\t\t\t<div class=\"elementor-text-editor elementor-clearfix\"><p>Aufgrund einer gro\u00dfen Anzahl an Einsendungen kann unsere Antwortzeit sehr variieren und bis zu mehren Monaten dauern. Bitte sende uns keine Erinnerung, da dies die Verarbeitung von Dateien, die bereits bearbeitet werden, verl\u00e4ngert. Wir geben unser Bestes allen Autor*innen eine Antwort zu geben. Eine klare und vollst\u00e4ndige Zusammenfassung der Handlung (inklusive aller Drehungen und Wendungen) hilft uns enorm schneller antworten zu k\u00f6nnen. Wir sind ein kleines Team und nehmen uns Zeit jedes Manuskript gr\u00fcndlich zu betrachten, aus Respekt f\u00fcr deine Motivation und Arbeit. Vielen Dank f\u00fcr dein Verst\u00e4ndnis!<\/p><\/div>\n\t\t\t\t<\/div>\n\t\t\t\t<\/div>\n\t\t\t\t\t\t<\/div>\n\t\t\t\t\t<\/div>\n\t\t<\/div>\n\t\t\t\t\t\t\t\t<\/div>\n\t\t\t\t\t<\/div>\n\t\t<\/section>\n\t\t\t\t\t\t<\/div>\n\t\t\t\t\t\t<\/div>\n\t\t\t\t\t<\/div>\n\t\t","protected":false},"excerpt":{"rendered":"<p>Warum du uns mit deinem Manuskript vertrauen kannst? Cherry Publishing: Ein einzigartiger Verlag Seit der Gr\u00fcndung im M\u00e4rz 2019, hat Cherry Publishing sich schnell als marktf\u00fchrend im Bereich des Digital Publishings in Frankreich etabliert. Durch die bunte Zusammensetzung unseres Teams, welches aus Web Spezialisten, Grafikdesignern, Autor*Innen und Lektor*innen besteht, verfolgen wir stets innovative Strategien, die unsere Ver\u00f6ffentlichungen bestm\u00f6glich unterst\u00fctzen. Wir freuen uns \u00fcber jede Geschichte am Cherry Tree \u2013 ob in Deutschland oder im internationalen Raum.Unser Erfolg zeigt sich beispielsweise &#8230; <\/p>\n<p class=\"read-more-container\"><a title=\"Manuskripte\" class=\"read-more button\" href=\"https:\/\/cherry-publishing.com\/de\/manuskripte\/#more-501882\">Lire la suite<span class=\"screen-reader-text\">Manuskripte<\/span><\/a><\/p>\n","protected":false},"author":1,"featured_media":0,"parent":0,"menu_order":0,"comment_status":"closed","ping_status":"closed","template":"","meta":[],"_links":{"self":[{"href":"https:\/\/cherry-publishing.com\/de\/wp-json\/wp\/v2\/pages\/501882"}],"collection":[{"href":"https:\/\/cherry-publishing.com\/de\/wp-json\/wp\/v2\/pages"}],"about":[{"href":"https:\/\/cherry-publishing.com\/de\/wp-json\/wp\/v2\/types\/page"}],"author":[{"embeddable":true,"href":"https:\/\/cherry-publishing.com\/de\/wp-json\/wp\/v2\/users\/1"}],"replies":[{"embeddable":true,"href":"https:\/\/cherry-publishing.com\/de\/wp-json\/wp\/v2\/comments?post=501882"}],"version-history":[{"count":68,"href":"https:\/\/cherry-publishing.com\/de\/wp-json\/wp\/v2\/pages\/501882\/revisions"}],"predecessor-version":[{"id":3009843,"href":"https:\/\/cherry-publishing.com\/de\/wp-json\/wp\/v2\/pages\/501882\/revisions\/3009843"}],"wp:attachment":[{"href":"https:\/\/cherry-publishing.com\/de\/wp-json\/wp\/v2\/media?parent=501882"}],"curies":[{"name":"wp","href":"https:\/\/api.w.org\/{rel}","templated":true}]}}