{"id":2503753,"date":"2021-05-17T21:29:30","date_gmt":"2021-05-17T20:29:30","guid":{"rendered":"https:\/\/cherry-publishing.com\/?post_type=product&#038;p=2503753"},"modified":"2021-05-17T21:49:42","modified_gmt":"2021-05-17T20:49:42","slug":"im-klang-deines-herzens","status":"publish","type":"product","link":"https:\/\/cherry-publishing.com\/de\/romane\/new-adult\/im-klang-deines-herzens\/","title":{"rendered":"Im Klang deines Herzens"},"content":{"rendered":"<div class=\"su-button-center\"><a href=\"https:\/\/www.amazon.de\/dp\/B094X9GZ6P?&amp;linkCode=ll1&amp;tag=kdp2de-21&amp;linkId=96d5a7cecd6ef25d32fbcf7d6f8f1ee8&amp;language=de_DE&amp;ref_=as_li_ss_tl\" class=\"su-button su-button-style-flat su-button-wide\" style=\"color:#FFFFFF;background-color:#b00909;border-color:#8d0808;border-radius:0px;-moz-border-radius:0px;-webkit-border-radius:0px\" target=\"_blank\" rel=\"noopener noreferrer\"><span style=\"color:#FFFFFF;padding:7px 20px;font-size:16px;line-height:24px;border-color:#c85353;border-radius:0px;-moz-border-radius:0px;-webkit-border-radius:0px;text-shadow:none;-moz-text-shadow:none;-webkit-text-shadow:none\"><i class=\"sui sui-mouse-pointer\" style=\"font-size:16px;color:#FFFFFF\"><\/i> Im E-Book lesen<\/span><\/a><\/div>\n<div class=\"su-button-center\"><a href=\"https:\/\/www.amazon.de\/Klang-deines-Herzens-Cherry-Publishing\/dp\/1801161240\/ref=tmm_pap_swatch_0?_encoding=UTF8&amp;qid=&amp;sr=\" class=\"su-button su-button-style-flat su-button-wide\" style=\"color:#FFFFFF;background-color:#b00909;border-color:#8d0808;border-radius:0px;-moz-border-radius:0px;-webkit-border-radius:0px\" target=\"_blank\" rel=\"noopener noreferrer\"><span style=\"color:#FFFFFF;padding:7px 20px;font-size:16px;line-height:24px;border-color:#c85353;border-radius:0px;-moz-border-radius:0px;-webkit-border-radius:0px;text-shadow:none;-moz-text-shadow:none;-webkit-text-shadow:none\"><i class=\"sui sui-mouse-pointer\" style=\"font-size:16px;color:#FFFFFF\"><\/i>  Als Taschenbuch lesen<\/span><\/a><\/div>\n","protected":false},"excerpt":{"rendered":"[amazon box=\"B094X9GZ6P\" template=\"horizontal\"]\n<p>Die junge Violinistin Grace reist im Zuge eines F\u00f6rderprogrammes f\u00fcr Musiker:Innen und T\u00e4nzer:Innen nach Paris, um dort an der Oper zu spielen.<\/p>\n<p>Nichtsahnend, dass sie dort nicht nur ihr Herz, sondern noch viel mehr aufs Spiel setzt. Sie lernt, dass die Welt des Tanzes ganz und gar nicht ihrer eigenen entspricht \u2013 wohl beh\u00fctet ist sie, umgeben von Vater, Gro\u00dfvater und bestem Freund, in Montr\u00e9al aufgewachsen und muss nun Zeugin dessen werden, was es bedeutet, dem Druck der Tanzszene standzuhalten.<\/p>\n<p>Auf einmal findet sich Grace in einem Kampf mit sich, ihrer Verpflichtung Geige zu spielen und ihren Gef\u00fchlen f\u00fcr den Balettt\u00e4nzer Hayden wieder, der noch tiefer in diesem Strudel steckt, als sie h\u00e4tte ahnen k\u00f6nnen\u2026<\/p>\n","protected":false},"featured_media":2503754,"comment_status":"closed","ping_status":"closed","template":"","meta":[],"_links":{"self":[{"href":"https:\/\/cherry-publishing.com\/de\/wp-json\/wp\/v2\/product\/2503753"}],"collection":[{"href":"https:\/\/cherry-publishing.com\/de\/wp-json\/wp\/v2\/product"}],"about":[{"href":"https:\/\/cherry-publishing.com\/de\/wp-json\/wp\/v2\/types\/product"}],"replies":[{"embeddable":true,"href":"https:\/\/cherry-publishing.com\/de\/wp-json\/wp\/v2\/comments?post=2503753"}],"wp:featuredmedia":[{"embeddable":true,"href":"https:\/\/cherry-publishing.com\/de\/wp-json\/wp\/v2\/media\/2503754"}],"wp:attachment":[{"href":"https:\/\/cherry-publishing.com\/de\/wp-json\/wp\/v2\/media?parent=2503753"}],"curies":[{"name":"wp","href":"https:\/\/api.w.org\/{rel}","templated":true}]}}