{"id":2503958,"date":"2021-05-27T14:34:25","date_gmt":"2021-05-27T13:34:25","guid":{"rendered":"https:\/\/cherry-publishing.com\/?post_type=product&#038;p=2503958"},"modified":"2021-05-28T08:51:48","modified_gmt":"2021-05-28T07:51:48","slug":"cinnamon-crush","status":"publish","type":"product","link":"https:\/\/cherry-publishing.com\/de\/romane\/lgbtq\/cinnamon-crush\/","title":{"rendered":"Cinnamon Crush"},"content":{"rendered":"<div class=\"su-button-center\"><a href=\"https:\/\/www.amazon.de\/dp\/B09634QX68\" class=\"su-button su-button-style-flat su-button-wide\" style=\"color:#FFFFFF;background-color:#b00909;border-color:#8d0808;border-radius:0px;-moz-border-radius:0px;-webkit-border-radius:0px\" target=\"_blank\" rel=\"noopener noreferrer\"><span style=\"color:#FFFFFF;padding:7px 20px;font-size:16px;line-height:24px;border-color:#c85353;border-radius:0px;-moz-border-radius:0px;-webkit-border-radius:0px;text-shadow:none;-moz-text-shadow:none;-webkit-text-shadow:none\"><i class=\"sui sui-mouse-pointer\" style=\"font-size:16px;color:#FFFFFF\"><\/i> Im E-Book lesen<\/span><\/a><\/div>\n<div class=\"su-button-center\"><a href=\"https:\/\/www.amazon.de\/dp\/B09634QX68\" class=\"su-button su-button-style-flat su-button-wide\" style=\"color:#FFFFFF;background-color:#b00909;border-color:#8d0808;border-radius:0px;-moz-border-radius:0px;-webkit-border-radius:0px\" target=\"_blank\" rel=\"noopener noreferrer\"><span style=\"color:#FFFFFF;padding:7px 20px;font-size:16px;line-height:24px;border-color:#c85353;border-radius:0px;-moz-border-radius:0px;-webkit-border-radius:0px;text-shadow:none;-moz-text-shadow:none;-webkit-text-shadow:none\"><i class=\"sui sui-mouse-pointer\" style=\"font-size:16px;color:#FFFFFF\"><\/i>  Als Taschenbuch lesen<\/span><\/a><\/div>\n","protected":false},"excerpt":{"rendered":"[amazon box=\"B09634QX68\" template=\"horizontal\"]\n<p>Sich selbst kennt man doch eigentlich am besten&#8230;<\/p>\n<p>Das denkt der 17-j\u00e4hrige Henry jedenfalls \u2013 bis er eines Abends auf den etwas \u00e4lteren Elian trifft, der mit seinem britischen Akzent und s\u00fc\u00dfen Zimtduft alles durcheinander bringt. Mit einem Mal wird Henrys Welt, die aus skaten, Partys und Frauen besteht, auf den Kopf gestellt und er ist sich seiner bisherigen Identit\u00e4t gar nicht mehr so sicher. Soll er sich Elian \u00f6ffnen und daf\u00fcr vielleicht alles, was ihm lieb ist, aufs Spiel setzen?<\/p>\n<p>Schneller als ihm lieb ist, findet er sich in einem Kampf aus Selbstakzeptanz, Hingabe und Vernunft wieder. Die Jungs aus seiner Schule, die ihn mit seiner Sexualit\u00e4t erpressen wollen, machen das Ganze nat\u00fcrlich auch nicht einfacher&#8230;<\/p>\n<p>Und alles beginnt mit einem unschuldigen Satz:<br \/>\n\u00bbLust auf eine Runde Wahrheit oder Zimt?\u00ab<\/p>\n","protected":false},"featured_media":2503959,"comment_status":"closed","ping_status":"closed","template":"","meta":[],"_links":{"self":[{"href":"https:\/\/cherry-publishing.com\/de\/wp-json\/wp\/v2\/product\/2503958"}],"collection":[{"href":"https:\/\/cherry-publishing.com\/de\/wp-json\/wp\/v2\/product"}],"about":[{"href":"https:\/\/cherry-publishing.com\/de\/wp-json\/wp\/v2\/types\/product"}],"replies":[{"embeddable":true,"href":"https:\/\/cherry-publishing.com\/de\/wp-json\/wp\/v2\/comments?post=2503958"}],"wp:featuredmedia":[{"embeddable":true,"href":"https:\/\/cherry-publishing.com\/de\/wp-json\/wp\/v2\/media\/2503959"}],"wp:attachment":[{"href":"https:\/\/cherry-publishing.com\/de\/wp-json\/wp\/v2\/media?parent=2503958"}],"curies":[{"name":"wp","href":"https:\/\/api.w.org\/{rel}","templated":true}]}}