{"id":2504236,"date":"2021-06-08T19:48:47","date_gmt":"2021-06-08T18:48:47","guid":{"rendered":"https:\/\/cherry-publishing.com\/?post_type=product&#038;p=2504236"},"modified":"2021-06-11T20:19:51","modified_gmt":"2021-06-11T19:19:51","slug":"verwoben-im-wir","status":"publish","type":"product","link":"https:\/\/cherry-publishing.com\/de\/romane\/lgbtq\/verwoben-im-wir\/","title":{"rendered":"Verwoben im Wir"},"content":{"rendered":"<div class=\"su-button-center\"><a href=\"https:\/\/www.amazon.de\/dp\/B09725MNG7?&amp;linkCode=sl1&amp;tag=kdp2de-21&amp;linkId=44b32340027540ac74de91c12078d984&amp;language=en_GB&amp;ref_=as_li_ss_tl\" class=\"su-button su-button-style-flat su-button-wide\" style=\"color:#FFFFFF;background-color:#b00909;border-color:#8d0808;border-radius:0px;-moz-border-radius:0px;-webkit-border-radius:0px\" target=\"_blank\" rel=\"noopener noreferrer\"><span style=\"color:#FFFFFF;padding:7px 20px;font-size:16px;line-height:24px;border-color:#c85353;border-radius:0px;-moz-border-radius:0px;-webkit-border-radius:0px;text-shadow:none;-moz-text-shadow:none;-webkit-text-shadow:none\"><i class=\"sui sui-mouse-pointer\" style=\"font-size:16px;color:#FFFFFF\"><\/i> Im E-Book lesen<\/span><\/a><\/div>\n<div class=\"su-button-center\"><a href=\"https:\/\/www.amazon.de\/dp\/1801161364\" class=\"su-button su-button-style-flat su-button-wide\" style=\"color:#FFFFFF;background-color:#b00909;border-color:#8d0808;border-radius:0px;-moz-border-radius:0px;-webkit-border-radius:0px\" target=\"_blank\" rel=\"noopener noreferrer\"><span style=\"color:#FFFFFF;padding:7px 20px;font-size:16px;line-height:24px;border-color:#c85353;border-radius:0px;-moz-border-radius:0px;-webkit-border-radius:0px;text-shadow:none;-moz-text-shadow:none;-webkit-text-shadow:none\"><i class=\"sui sui-mouse-pointer\" style=\"font-size:16px;color:#FFFFFF\"><\/i>  Als Taschenbuch lesen<\/span><\/a><\/div>\n","protected":false},"excerpt":{"rendered":"[amazon box=\"<span class=\"a-list-item\">B09725MNG7<\/span>\" template=\"horizontal\"]\n<p>Eine schicksalhafte Begegnung. Ein zarter Funken, der Emotionen \u00fcberkochen l\u00e4sst \u2026<\/p>\n<p>Zwei Frauen begegnen sich am Rande der Gesellschaft, am Flughafen in Delhi. Als eine Gruppe M\u00e4nner versucht Marie-Lou zu bedr\u00e4ngen, kann Satya nicht anders als dazwischen zu springen und die Grenze aufzuzeigen, die Marie-Lou durch ihre traumatische Vergangenheit nicht stecken kann. Dieser kleine Moment ist der Anfang einer Verbindung, die das Leben der beiden Frauen f\u00fcr immer ver\u00e4ndern sollte.<\/p>\n<p>Sie treffen sich, als sie aufgegeben hatten <i>normal<\/i> sein zu wollen und sich f\u00fcr Selbstliebe entscheiden. Durch Satya kann sich Marie-Lou einer Intimit\u00e4t \u00f6ffnen, von der sie nicht zu tr\u00e4umen wagte. Doch auch Satya tr\u00e4gt eine Vergangenheit mit sich, die wie ein Schatten \u00fcber den beiden h\u00e4ngt und sie immer weiter einzuholen droht \u2026<\/p>\n<p>Kann ihre Liebe einen Raum \u00f6ffnen, der sich diesem Sog widersetzt?<\/p>\n<p>&nbsp;<\/p>\n","protected":false},"featured_media":2504237,"comment_status":"closed","ping_status":"closed","template":"","meta":[],"_links":{"self":[{"href":"https:\/\/cherry-publishing.com\/de\/wp-json\/wp\/v2\/product\/2504236"}],"collection":[{"href":"https:\/\/cherry-publishing.com\/de\/wp-json\/wp\/v2\/product"}],"about":[{"href":"https:\/\/cherry-publishing.com\/de\/wp-json\/wp\/v2\/types\/product"}],"replies":[{"embeddable":true,"href":"https:\/\/cherry-publishing.com\/de\/wp-json\/wp\/v2\/comments?post=2504236"}],"wp:featuredmedia":[{"embeddable":true,"href":"https:\/\/cherry-publishing.com\/de\/wp-json\/wp\/v2\/media\/2504237"}],"wp:attachment":[{"href":"https:\/\/cherry-publishing.com\/de\/wp-json\/wp\/v2\/media?parent=2504236"}],"curies":[{"name":"wp","href":"https:\/\/api.w.org\/{rel}","templated":true}]}}