{"id":2504627,"date":"2021-06-23T14:07:56","date_gmt":"2021-06-23T13:07:56","guid":{"rendered":"https:\/\/cherry-publishing.com\/?post_type=product&#038;p=2504627"},"modified":"2021-06-23T15:31:23","modified_gmt":"2021-06-23T14:31:23","slug":"allegra-ophelia-schroeder","status":"publish","type":"product","link":"https:\/\/cherry-publishing.com\/de\/autorinnen\/allegra-ophelia-schroeder\/","title":{"rendered":"Allegra Ophelia Schroeder"},"content":{"rendered":"<h2 style=\"text-align: center;\"><strong>Ihre B\u00fccher<\/strong><\/h2>\n<p>&nbsp;<\/p>\n<p style=\"text-align: center;\"><div class=\"woocommerce columns-4 \"><ul class=\"products columns-4\">\n<li class=\"sales-flash-overlay woocommerce-text-align-center woocommerce-image-align-center do-quantity-buttons product type-product post-2503560 status-publish first instock product_cat-new-adult has-post-thumbnail shipping-taxable product-type-simple\">\n\t<\/li>\n<\/ul>\n<\/div>\n","protected":false},"excerpt":{"rendered":"<p>Allegra Ophelia Schr\u00f6der ist Jahrgang 1998 und studiert in den Niederlanden Psychologie. Am Niederrhein aufgewachsen lebt sie mit Ihrer Katze Zoe in der N\u00e4he von Nimwegen. Seit fr\u00fcher Jugend interessiert sie sich f\u00fcr Naturwissenschaften und hat mit 10 Jahren mit dem Schreiben von Kurzgeschichten begonnen. Mit 16 Jahren schrieb sie ihren ersten Roman, den sie auf Wattpad ver\u00f6ffentlichte. Ihre erste kommerzielle Ver\u00f6ffentlichung ist der Roman &#8222;<a href=\"https:\/\/cherry-publishing.com\/de\/romane\/liebesromane\/new-adult\/das-gewicht-von-sternenstaub\/\">Das Gewicht von Sternenstaub<\/a>&#8222;, der am 30.04.2021 erschienen ist.<\/p>\n","protected":false},"featured_media":2504628,"comment_status":"closed","ping_status":"closed","template":"","meta":[],"_links":{"self":[{"href":"https:\/\/cherry-publishing.com\/de\/wp-json\/wp\/v2\/product\/2504627"}],"collection":[{"href":"https:\/\/cherry-publishing.com\/de\/wp-json\/wp\/v2\/product"}],"about":[{"href":"https:\/\/cherry-publishing.com\/de\/wp-json\/wp\/v2\/types\/product"}],"replies":[{"embeddable":true,"href":"https:\/\/cherry-publishing.com\/de\/wp-json\/wp\/v2\/comments?post=2504627"}],"wp:featuredmedia":[{"embeddable":true,"href":"https:\/\/cherry-publishing.com\/de\/wp-json\/wp\/v2\/media\/2504628"}],"wp:attachment":[{"href":"https:\/\/cherry-publishing.com\/de\/wp-json\/wp\/v2\/media?parent=2504627"}],"curies":[{"name":"wp","href":"https:\/\/api.w.org\/{rel}","templated":true}]}}