{"id":2504811,"date":"2021-07-06T15:27:51","date_gmt":"2021-07-06T14:27:51","guid":{"rendered":"https:\/\/cherry-publishing.com\/?post_type=product&#038;p=2504811"},"modified":"2021-09-07T11:44:08","modified_gmt":"2021-09-07T10:44:08","slug":"mila-meadow","status":"publish","type":"product","link":"https:\/\/cherry-publishing.com\/de\/autorinnen\/mila-meadow\/","title":{"rendered":"Mila Meadow"},"content":{"rendered":"<h2 style=\"text-align: center;\"><strong>Ihre B\u00fccher<\/strong><\/h2>\n<p>&nbsp;<\/p>\n<p style=\"text-align: center;\"><div class=\"woocommerce columns-4 \"><ul class=\"products columns-4\">\n<li class=\"sales-flash-overlay woocommerce-text-align-center woocommerce-image-align-center do-quantity-buttons product type-product post-3008672 status-publish first instock product_cat-new-adult product_cat-romane has-post-thumbnail shipping-taxable product-type-simple\">\n\t<\/li>\n<li class=\"sales-flash-overlay woocommerce-text-align-center woocommerce-image-align-center do-quantity-buttons product type-product post-2506012 status-publish instock product_cat-new-adult has-post-thumbnail shipping-taxable product-type-simple\">\n\t<\/li>\n<li class=\"sales-flash-overlay woocommerce-text-align-center woocommerce-image-align-center do-quantity-buttons product type-product post-2504813 status-publish instock product_cat-new-adult has-post-thumbnail shipping-taxable product-type-simple\">\n\t<\/li>\n<\/ul>\n<\/div>\n","protected":false},"excerpt":{"rendered":"<p>Elena alias Mila Meadow wurde 1996 in Kasachstan, nahe der Grenze zu Kirgisistan, geboren und kam drei Jahre sp\u00e4ter nach Deutschland. Seit fr\u00fchester Jugend schreibt und liest sie Fanfiction und Prosa mit Vorliebe f\u00fcr New Adult und Dark Romance. Die gelernte Hotelfachfrau wohnt und arbeitet heute in der N\u00e4he von Karlsruhe. Stets an ihrer Seite ihr Ehemann und ihr Stubentiger.<\/p>\n","protected":false},"featured_media":501262,"comment_status":"closed","ping_status":"closed","template":"","meta":[],"_links":{"self":[{"href":"https:\/\/cherry-publishing.com\/de\/wp-json\/wp\/v2\/product\/2504811"}],"collection":[{"href":"https:\/\/cherry-publishing.com\/de\/wp-json\/wp\/v2\/product"}],"about":[{"href":"https:\/\/cherry-publishing.com\/de\/wp-json\/wp\/v2\/types\/product"}],"replies":[{"embeddable":true,"href":"https:\/\/cherry-publishing.com\/de\/wp-json\/wp\/v2\/comments?post=2504811"}],"wp:featuredmedia":[{"embeddable":true,"href":"https:\/\/cherry-publishing.com\/de\/wp-json\/wp\/v2\/media\/501262"}],"wp:attachment":[{"href":"https:\/\/cherry-publishing.com\/de\/wp-json\/wp\/v2\/media?parent=2504811"}],"curies":[{"name":"wp","href":"https:\/\/api.w.org\/{rel}","templated":true}]}}