{"id":2504813,"date":"2021-07-06T15:33:05","date_gmt":"2021-07-06T14:33:05","guid":{"rendered":"https:\/\/cherry-publishing.com\/?post_type=product&#038;p=2504813"},"modified":"2021-07-09T10:57:50","modified_gmt":"2021-07-09T09:57:50","slug":"challenging-disasters-trusting-me","status":"publish","type":"product","link":"https:\/\/cherry-publishing.com\/de\/romane\/new-adult\/challenging-disasters-trusting-me\/","title":{"rendered":"Challenging Disasters : Trusting Me"},"content":{"rendered":"<div class=\"su-button-center\"><a href=\"https:\/\/www.amazon.de\/dp\/B09919CSCR?&amp;linkCode=ll1&amp;tag=kdp2de-21&amp;linkId=be2cfa888232bcc27c5444951ad969c8&amp;language=en_GB&amp;ref_=as_li_ss_tl\" class=\"su-button su-button-style-flat su-button-wide\" style=\"color:#FFFFFF;background-color:#b00909;border-color:#8d0808;border-radius:0px;-moz-border-radius:0px;-webkit-border-radius:0px\" target=\"_blank\" rel=\"noopener noreferrer\"><span style=\"color:#FFFFFF;padding:7px 20px;font-size:16px;line-height:24px;border-color:#c85353;border-radius:0px;-moz-border-radius:0px;-webkit-border-radius:0px;text-shadow:none;-moz-text-shadow:none;-webkit-text-shadow:none\"><i class=\"sui sui-mouse-pointer\" style=\"font-size:16px;color:#FFFFFF\"><\/i> Im E-Book lesen<\/span><\/a><\/div>\n<div class=\"su-button-center\"><a href=\"https:\/\/www.amazon.de\/dp\/B09919CSCR?&amp;linkCode=ll1&amp;tag=kdp2de-21&amp;linkId=be2cfa888232bcc27c5444951ad969c8&amp;language=en_GB&amp;ref_=as_li_ss_tl\" class=\"su-button su-button-style-flat su-button-wide\" style=\"color:#FFFFFF;background-color:#b00909;border-color:#8d0808;border-radius:0px;-moz-border-radius:0px;-webkit-border-radius:0px\" target=\"_blank\" rel=\"noopener noreferrer\"><span style=\"color:#FFFFFF;padding:7px 20px;font-size:16px;line-height:24px;border-color:#c85353;border-radius:0px;-moz-border-radius:0px;-webkit-border-radius:0px;text-shadow:none;-moz-text-shadow:none;-webkit-text-shadow:none\"><i class=\"sui sui-mouse-pointer\" style=\"font-size:16px;color:#FFFFFF\"><\/i>  Als Taschenbuch lesen<\/span><\/a><\/div>\n","protected":false},"excerpt":{"rendered":"[amazon box=\"<span class=\"a-list-item\">B09919CSCR<\/span>\" template=\"horizontal\"]\n<p>Als Nika und Pixie sich bei einem gemeinsamen Projekt ihres Colleges begegnen, wissen sie nichts \u00fcber die Probleme der jeweils anderen. Pixie, die sonst so unscheinbare Informatikstudentin, plagen die Folgen einer Party, bei der sich ihr Kommilitone Nevan als ein Retter in der Not erweist. Eigentlich eine Kleinigkeit, die pl\u00f6tzlich gro\u00dfe Auswirkungen auf ihre Welt hat. Nika zieht inzwischen gezwungenerma\u00dfen bei ihrem Bruder und seinem unversch\u00e4mt attraktiven besten Freund Sixten ein. Die t\u00e4glichen Streitereien mit ihm sind eine willkommene Abwechslung \u2013 zumindest bis sie sich der starken Anziehung zu ihm bewusst wird und er sich auch noch in ihre privaten Angelegenheiten einmischt. Denn die Probleme, die Nika verfolgen, werden mit jedem Tag gr\u00f6\u00dfer und ausgerechnet Sixten scheint eine L\u00f6sung f\u00fcr ihre missliche Lage zu haben.<br \/>\nObwohl Pixie und Nika so grundverschieden erscheinen, hadern sie mit dem Gleichen: dem Vertrauen in sich und andere. Und wie wichtig das ist, wird deutlich, als sie in etwas hineingezogen werden, das nicht nur <i>ihr<\/i> Leben in Gefahr bringt &#8230;<\/p>\n","protected":false},"featured_media":2504814,"comment_status":"closed","ping_status":"closed","template":"","meta":[],"_links":{"self":[{"href":"https:\/\/cherry-publishing.com\/de\/wp-json\/wp\/v2\/product\/2504813"}],"collection":[{"href":"https:\/\/cherry-publishing.com\/de\/wp-json\/wp\/v2\/product"}],"about":[{"href":"https:\/\/cherry-publishing.com\/de\/wp-json\/wp\/v2\/types\/product"}],"replies":[{"embeddable":true,"href":"https:\/\/cherry-publishing.com\/de\/wp-json\/wp\/v2\/comments?post=2504813"}],"wp:featuredmedia":[{"embeddable":true,"href":"https:\/\/cherry-publishing.com\/de\/wp-json\/wp\/v2\/media\/2504814"}],"wp:attachment":[{"href":"https:\/\/cherry-publishing.com\/de\/wp-json\/wp\/v2\/media?parent=2504813"}],"curies":[{"name":"wp","href":"https:\/\/api.w.org\/{rel}","templated":true}]}}