{"id":2505261,"date":"2021-08-11T09:22:18","date_gmt":"2021-08-11T08:22:18","guid":{"rendered":"https:\/\/cherry-publishing.com\/?post_type=product&#038;p=2505261"},"modified":"2021-09-07T11:41:59","modified_gmt":"2021-09-07T10:41:59","slug":"michelle-a-pietsch","status":"publish","type":"product","link":"https:\/\/cherry-publishing.com\/de\/autorinnen\/michelle-a-pietsch\/","title":{"rendered":"Michelle A. Pietsch"},"content":{"rendered":"<h2 style=\"text-align: center;\"><strong>Ihre B\u00fccher<\/strong><\/h2>\n<p>&nbsp;<\/p>\n<p style=\"text-align: center;\"><div class=\"woocommerce columns-4 \"><ul class=\"products columns-4\">\n<li class=\"sales-flash-overlay woocommerce-text-align-center woocommerce-image-align-center do-quantity-buttons product type-product post-3009022 status-publish first instock product_cat-romane product_cat-young-adult has-post-thumbnail shipping-taxable product-type-simple\">\n\t<\/li>\n<li class=\"sales-flash-overlay woocommerce-text-align-center woocommerce-image-align-center do-quantity-buttons product type-product post-2505262 status-publish instock product_cat-young-adult has-post-thumbnail shipping-taxable product-type-simple\">\n\t<\/li>\n<\/ul>\n<\/div>\n","protected":false},"excerpt":{"rendered":"<p>Michelle Angelina Pietsch, geboren 1994, studierte Medienwissenschaften in K\u00f6ln und Bonn. Nach ihrem Masterabschluss ist sie dem Rheinland treu geblieben und arbeitet seitdem f\u00fcr eine gro\u00dfe deutsche Fernsehproduktionsfirma. Hier betreut sie als Teil der Personalabteilung die kreativen K\u00f6pfe. Sie selbst lebt ihre Kreativit\u00e4t bei ihrem gr\u00f6\u00dften Hobby aus: dem Schreiben. Wenn man sie nicht tippend an ihrem Laptop findet, liest sie Liebes- und Kriminalromane oder spaziert mit ihrer H\u00fcndin \u00fcber Felder, an Seen oder dem Rhein entlang.<\/p>\n","protected":false},"featured_media":501262,"comment_status":"closed","ping_status":"closed","template":"","meta":[],"_links":{"self":[{"href":"https:\/\/cherry-publishing.com\/de\/wp-json\/wp\/v2\/product\/2505261"}],"collection":[{"href":"https:\/\/cherry-publishing.com\/de\/wp-json\/wp\/v2\/product"}],"about":[{"href":"https:\/\/cherry-publishing.com\/de\/wp-json\/wp\/v2\/types\/product"}],"replies":[{"embeddable":true,"href":"https:\/\/cherry-publishing.com\/de\/wp-json\/wp\/v2\/comments?post=2505261"}],"wp:featuredmedia":[{"embeddable":true,"href":"https:\/\/cherry-publishing.com\/de\/wp-json\/wp\/v2\/media\/501262"}],"wp:attachment":[{"href":"https:\/\/cherry-publishing.com\/de\/wp-json\/wp\/v2\/media?parent=2505261"}],"curies":[{"name":"wp","href":"https:\/\/api.w.org\/{rel}","templated":true}]}}