{"id":2505262,"date":"2021-08-11T09:26:03","date_gmt":"2021-08-11T08:26:03","guid":{"rendered":"https:\/\/cherry-publishing.com\/?post_type=product&#038;p=2505262"},"modified":"2021-08-13T09:56:47","modified_gmt":"2021-08-13T08:56:47","slug":"a-glimpse-of-you","status":"publish","type":"product","link":"https:\/\/cherry-publishing.com\/de\/romane\/young-adult\/a-glimpse-of-you\/","title":{"rendered":"A Glimpse of You"},"content":{"rendered":"<div class=\"su-button-center\"><a href=\"https:\/\/cherry-publishing.com\" class=\"su-button su-button-style-flat su-button-wide\" style=\"color:#FFFFFF;background-color:#b00909;border-color:#8d0808;border-radius:0px;-moz-border-radius:0px;-webkit-border-radius:0px\" target=\"_self\"><span style=\"color:#FFFFFF;padding:7px 20px;font-size:16px;line-height:24px;border-color:#c85353;border-radius:0px;-moz-border-radius:0px;-webkit-border-radius:0px;text-shadow:none;-moz-text-shadow:none;-webkit-text-shadow:none\"><i class=\"sui sui-mouse-pointer\" style=\"font-size:16px;color:#FFFFFF\"><\/i> Im E-Book lesen<\/span><\/a><\/div>\n<div class=\"su-button-center\"><a href=\"https:\/\/www.amazon.de\/dp\/B09CJH8CKK?&amp;linkCode=ll1&amp;tag=kdp2de-21&amp;linkId=a300db8b405d3a9647277f3394914b85&amp;language=en_GB&amp;ref_=as_li_ss_tl\" class=\"su-button su-button-style-flat su-button-wide\" style=\"color:#FFFFFF;background-color:#b00909;border-color:#8d0808;border-radius:0px;-moz-border-radius:0px;-webkit-border-radius:0px\" target=\"_blank\" rel=\"noopener noreferrer\"><span style=\"color:#FFFFFF;padding:7px 20px;font-size:16px;line-height:24px;border-color:#c85353;border-radius:0px;-moz-border-radius:0px;-webkit-border-radius:0px;text-shadow:none;-moz-text-shadow:none;-webkit-text-shadow:none\"><i class=\"sui sui-mouse-pointer\" style=\"font-size:16px;color:#FFFFFF\"><\/i>  Als Taschenbuch lesen<\/span><\/a><\/div>\n","protected":false},"excerpt":{"rendered":"<p>Als Melody nach Washington D.C. zieht, will sie vor allem eins: unsichtbar sein. Zu schwer wiegen die traumatischen Erinnerungen, die sie aus ihrer Vergangenheit mitbringt.<\/p>\n<p>Mit aller Kraft versucht sie, ihr Geheimnis zu bewahren \u2013 doch die l\u00e4hmende Angst droht immer wieder, \u00fcber ihr hereinzubrechen. Prompt an ihrem ersten Schultag, begegnet sie dann dem gutaussehenden Mitsch\u00fcler Ken. Er ist frech, lustig, charmant \u2013 und schafft es, ihre so sorgsam errichteten Mauern nach und nach einzurei\u00dfen. Je mehr Zeit sie mit ihm verbringt, desto schwerer f\u00e4llt es ihr, sich hinter ihrer perfekt einstudierten Fassade zu verstecken. Melody ist damit v\u00f6llig \u00fcberfordert: Pl\u00f6tzlich erlebt sie, was wahre Freundschaft bedeutet und dass es sich lohnt, Vertrauen zuzulassen. In andere \u2013 und in sich selbst.<\/p>\n<p>Doch auch Ken hat ein Geheimnis, das Melodys Welt erneut v\u00f6llig auf den Kopf stellen kann \u2026<\/p>\n","protected":false},"featured_media":2505263,"comment_status":"closed","ping_status":"closed","template":"","meta":[],"_links":{"self":[{"href":"https:\/\/cherry-publishing.com\/de\/wp-json\/wp\/v2\/product\/2505262"}],"collection":[{"href":"https:\/\/cherry-publishing.com\/de\/wp-json\/wp\/v2\/product"}],"about":[{"href":"https:\/\/cherry-publishing.com\/de\/wp-json\/wp\/v2\/types\/product"}],"replies":[{"embeddable":true,"href":"https:\/\/cherry-publishing.com\/de\/wp-json\/wp\/v2\/comments?post=2505262"}],"wp:featuredmedia":[{"embeddable":true,"href":"https:\/\/cherry-publishing.com\/de\/wp-json\/wp\/v2\/media\/2505263"}],"wp:attachment":[{"href":"https:\/\/cherry-publishing.com\/de\/wp-json\/wp\/v2\/media?parent=2505262"}],"curies":[{"name":"wp","href":"https:\/\/api.w.org\/{rel}","templated":true}]}}