{"id":2505499,"date":"2021-09-08T10:06:47","date_gmt":"2021-09-08T09:06:47","guid":{"rendered":"https:\/\/cherry-publishing.com\/?post_type=product&#038;p=2505499"},"modified":"2021-09-10T18:23:45","modified_gmt":"2021-09-10T17:23:45","slug":"reyna-das-licht-in-der-dunkelheit","status":"publish","type":"product","link":"https:\/\/cherry-publishing.com\/de\/romane\/fantasy\/reyna-das-licht-in-der-dunkelheit\/","title":{"rendered":"Reyna &#8211; Das Licht in der Dunkelheit"},"content":{"rendered":"<div class=\"su-button-center\"><a href=\"https:\/\/cherry-publishing.com\" class=\"su-button su-button-style-flat su-button-wide\" style=\"color:#FFFFFF;background-color:#b00909;border-color:#8d0808;border-radius:0px;-moz-border-radius:0px;-webkit-border-radius:0px\" target=\"_self\"><span style=\"color:#FFFFFF;padding:7px 20px;font-size:16px;line-height:24px;border-color:#c85353;border-radius:0px;-moz-border-radius:0px;-webkit-border-radius:0px;text-shadow:none;-moz-text-shadow:none;-webkit-text-shadow:none\"><i class=\"sui sui-mouse-pointer\" style=\"font-size:16px;color:#FFFFFF\"><\/i> Im E-Book lesen<\/span><\/a><\/div>\n<div class=\"su-button-center\"><a href=\"https:\/\/www.amazon.de\/dp\/B09FX75DBG?&amp;linkCode=ll1&amp;tag=kdp2de-21&amp;linkId=0c5fc0be2047795fb29af0f05b662a42&amp;language=en_GB&amp;ref_=as_li_ss_tl\" class=\"su-button su-button-style-flat su-button-wide\" style=\"color:#FFFFFF;background-color:#b00909;border-color:#8d0808;border-radius:0px;-moz-border-radius:0px;-webkit-border-radius:0px\" target=\"_blank\" rel=\"noopener noreferrer\"><span style=\"color:#FFFFFF;padding:7px 20px;font-size:16px;line-height:24px;border-color:#c85353;border-radius:0px;-moz-border-radius:0px;-webkit-border-radius:0px;text-shadow:none;-moz-text-shadow:none;-webkit-text-shadow:none\"><i class=\"sui sui-mouse-pointer\" style=\"font-size:16px;color:#FFFFFF\"><\/i>  Als Taschenbuch lesen<\/span><\/a><\/div>\n<div class=\"su-youtube su-u-responsive-media-yes\"><iframe width=\"500\" height=\"400\" src=\"https:\/\/www.youtube.com\/embed\/hERjDQN2oUk?\" frameborder=\"0\" allowfullscreen allow=\"autoplay; encrypted-media; picture-in-picture\" title=\"\"><\/iframe><\/div>\n<p>&nbsp;<\/p>\n","protected":false},"excerpt":{"rendered":"<p>Zwischen Traum und Wirklichkeit hin- und hergerissen, muss sich Reyna ihrer Bestimmung stellen, von der sie bisher nichts ahnte. Denn die Zukunft steht bereits in einer Prophezeiung geschrieben und ihre Welt vor dem Untergang. Der grausame Schattenk\u00f6nig trachtet nach dem Lichtland Lyrandis und die Dunkelheit wartet nur darauf alles zu verschlingen. Fest entschlossen begibt sich Reyna auf eine Reise in die Schattenwelt Mooras, in der nicht nur die Finsternis auf sie lauert.<\/p>\n<p>Inmitten von Selbstzweifeln und der neu erwachten Magie, die durch ihre Adern flie\u00dft, trifft Reyna in ihren Tr\u00e4umen auch noch auf den geheimnisvollen Cassius, der sie von Anfang an in seinen Bann zieht. Reyna hat keine Ahnung, wer er wirklich ist und welche Gefahr von ihm ausgeht.<\/p>\n<p>Sie muss lernen ihre besonderen F\u00e4higkeiten zu beherrschen und darf sich dabei nicht von ihren Gef\u00fchlen ablenken lassen. Doch was, wenn genau diese der Schl\u00fcssel zur Rettung beider Welten sind? Denn Gef\u00fchle sind m\u00e4chtig \u2013 sie k\u00f6nnen Welten retten und im n\u00e4chsten Moment ihre endg\u00fcltige Zerst\u00f6rung bedeuten \u2026<\/p>\n","protected":false},"featured_media":2505500,"comment_status":"closed","ping_status":"closed","template":"","meta":[],"_links":{"self":[{"href":"https:\/\/cherry-publishing.com\/de\/wp-json\/wp\/v2\/product\/2505499"}],"collection":[{"href":"https:\/\/cherry-publishing.com\/de\/wp-json\/wp\/v2\/product"}],"about":[{"href":"https:\/\/cherry-publishing.com\/de\/wp-json\/wp\/v2\/types\/product"}],"replies":[{"embeddable":true,"href":"https:\/\/cherry-publishing.com\/de\/wp-json\/wp\/v2\/comments?post=2505499"}],"wp:featuredmedia":[{"embeddable":true,"href":"https:\/\/cherry-publishing.com\/de\/wp-json\/wp\/v2\/media\/2505500"}],"wp:attachment":[{"href":"https:\/\/cherry-publishing.com\/de\/wp-json\/wp\/v2\/media?parent=2505499"}],"curies":[{"name":"wp","href":"https:\/\/api.w.org\/{rel}","templated":true}]}}