{"id":2505654,"date":"2021-09-20T13:59:31","date_gmt":"2021-09-20T12:59:31","guid":{"rendered":"https:\/\/cherry-publishing.com\/?post_type=product&#038;p=2505654"},"modified":"2021-10-14T17:52:54","modified_gmt":"2021-10-14T16:52:54","slug":"kobalee-im-schutz-meines-herzens","status":"publish","type":"product","link":"https:\/\/cherry-publishing.com\/de\/romane\/erotik\/kobalee-im-schutz-meines-herzens\/","title":{"rendered":"Kobalee &#8211; Im Schutz meines Herzens"},"content":{"rendered":"<div class=\"su-button-center\"><a href=\"https:\/\/www.amazon.de\/dp\/B09H259DYL?&amp;linkCode=ll1&amp;tag=kdpemail00-21&amp;linkId=ca948cc04bc82d3d514629fb147b781d&amp;language=de_DE&amp;ref_=as_li_ss_tl\" class=\"su-button su-button-style-flat su-button-wide\" style=\"color:#FFFFFF;background-color:#b00909;border-color:#8d0808;border-radius:0px;-moz-border-radius:0px;-webkit-border-radius:0px\" target=\"_self\"><span style=\"color:#FFFFFF;padding:7px 20px;font-size:16px;line-height:24px;border-color:#c85353;border-radius:0px;-moz-border-radius:0px;-webkit-border-radius:0px;text-shadow:none;-moz-text-shadow:none;-webkit-text-shadow:none\"><i class=\"sui sui-mouse-pointer\" style=\"font-size:16px;color:#FFFFFF\"><\/i> Im E-Book lesen<\/span><\/a><\/div>\n<div class=\"su-button-center\"><a href=\"https:\/\/www.amazon.de\/dp\/B09H259DYL?&amp;linkCode=ll1&amp;tag=kdpemail00-21&amp;linkId=ca948cc04bc82d3d514629fb147b781d&amp;language=de_DE&amp;ref_=as_li_ss_tl\" class=\"su-button su-button-style-flat su-button-wide\" style=\"color:#FFFFFF;background-color:#b00909;border-color:#8d0808;border-radius:0px;-moz-border-radius:0px;-webkit-border-radius:0px\" target=\"_blank\" rel=\"noopener noreferrer\"><span style=\"color:#FFFFFF;padding:7px 20px;font-size:16px;line-height:24px;border-color:#c85353;border-radius:0px;-moz-border-radius:0px;-webkit-border-radius:0px;text-shadow:none;-moz-text-shadow:none;-webkit-text-shadow:none\"><i class=\"sui sui-mouse-pointer\" style=\"font-size:16px;color:#FFFFFF\"><\/i>  Als Taschenbuch lesen<\/span><\/a><\/div>\n<div class=\"su-youtube su-u-responsive-media-yes\"><iframe width=\"500\" height=\"400\" src=\"https:\/\/www.youtube.com\/embed\/5XkdZhg-HHM?\" frameborder=\"0\" allowfullscreen allow=\"autoplay; encrypted-media; picture-in-picture\" title=\"\"><\/iframe><\/div>\n<p>&nbsp;<\/p>\n","protected":false},"excerpt":{"rendered":"<p>In einem Stripclub arbeiten? Damit h\u00e4tte die 26-j\u00e4hrige, zur\u00fcckhaltende Ananda niemals gerechnet. Als sie jedoch ihren Job verliert, hat sie keine andere Wahl und findet sich in einer \u00e4u\u00dferst ungewohnten und gef\u00e4hrlichen Umgebung wieder.<\/p>\n<p>Zu ihrem Gl\u00fcck arbeitet der attraktive Ex-Soldat Ildir als Security dort und macht es sich von Beginn an zu seiner Aufgabe auf sie zu achten. Durch ihn und seine entwaffnende Art schafft es Ananda sich nach und nach wohler zu f\u00fchlen und ihre eigenen Bed\u00fcrfnisse zu erkennen. Doch Ildir verfolgt einen klaren Vorsatz: Keine Frauen, keine Liebe. So sehr er sich gegen seine Gef\u00fchle wehrt, Ananda zieht ihn mit ihrer freien, unschuldigen Art nahezu magisch an. Eine leidenschaftliche Liebesbeziehung beginnt, in der Ananda ihre Vorlieben entdeckt und Ildir seine tiefsten Phantasien offenbart.<\/p>\n<p>Als Anandas Bruder mit einem schweren Herzleiden im Krankenhaus liegt und sie die Rechnung daf\u00fcr begleichen muss, versucht Ananda auf jede erdenkliche Art Geld aufzutreiben. Dadurch ger\u00e4t nicht nur ihr Leben, sondern auch ihre Beziehung in Gefahr. Doch Ildir hat sich geschworen, Ananda immer zu besch\u00fctzen \u2013 koste es, was es wolle \u2026<\/p>\n","protected":false},"featured_media":2505655,"comment_status":"closed","ping_status":"closed","template":"","meta":[],"_links":{"self":[{"href":"https:\/\/cherry-publishing.com\/de\/wp-json\/wp\/v2\/product\/2505654"}],"collection":[{"href":"https:\/\/cherry-publishing.com\/de\/wp-json\/wp\/v2\/product"}],"about":[{"href":"https:\/\/cherry-publishing.com\/de\/wp-json\/wp\/v2\/types\/product"}],"replies":[{"embeddable":true,"href":"https:\/\/cherry-publishing.com\/de\/wp-json\/wp\/v2\/comments?post=2505654"}],"wp:featuredmedia":[{"embeddable":true,"href":"https:\/\/cherry-publishing.com\/de\/wp-json\/wp\/v2\/media\/2505655"}],"wp:attachment":[{"href":"https:\/\/cherry-publishing.com\/de\/wp-json\/wp\/v2\/media?parent=2505654"}],"curies":[{"name":"wp","href":"https:\/\/api.w.org\/{rel}","templated":true}]}}