{"id":2505833,"date":"2021-10-07T15:17:00","date_gmt":"2021-10-07T14:17:00","guid":{"rendered":"https:\/\/cherry-publishing.com\/?post_type=product&#038;p=2505833"},"modified":"2022-04-08T14:08:41","modified_gmt":"2022-04-08T13:08:41","slug":"maya-skiba","status":"publish","type":"product","link":"https:\/\/cherry-publishing.com\/de\/autorinnen\/maya-skiba\/","title":{"rendered":"Maya Skiba"},"content":{"rendered":"<h2 style=\"text-align: center;\"><strong>Ihre B\u00fccher<\/strong><\/h2>\n<p>&nbsp;<\/p>\n<p style=\"text-align: center;\"><div class=\"woocommerce columns-4 \"><ul class=\"products columns-4\">\n<li class=\"sales-flash-overlay woocommerce-text-align-center woocommerce-image-align-center do-quantity-buttons product type-product post-2505834 status-publish first instock product_cat-erotik product_cat-new-adult has-post-thumbnail shipping-taxable product-type-simple\">\n\t<\/li>\n<\/ul>\n<\/div>\n","protected":false},"excerpt":{"rendered":"<p>Maya Skiba ist 1989 geboren und arbeitet als Sozialarbeiterin in Berlin.<\/p>\n<p>Durch ihren Beruf hat sie Einblicke in diverse Facetten des Lebens und l\u00e4sst diese in ihre Geschichten mit einflie\u00dfen. Die Sch\u00f6nheit des Augenblicks liegt f\u00fcr sie im Hier und Jetzt. Deshalb schreibt sie am liebsten zeitgen\u00f6ssische Liebesromane mit authentischen, vielschichtigen Charakteren mit Ecken und Kanten.<\/p>\n<p>Bisher hat sie noch keine Geschichte ohne Katze geschrieben.<\/p>\n","protected":false},"featured_media":501262,"comment_status":"closed","ping_status":"closed","template":"","meta":[],"_links":{"self":[{"href":"https:\/\/cherry-publishing.com\/de\/wp-json\/wp\/v2\/product\/2505833"}],"collection":[{"href":"https:\/\/cherry-publishing.com\/de\/wp-json\/wp\/v2\/product"}],"about":[{"href":"https:\/\/cherry-publishing.com\/de\/wp-json\/wp\/v2\/types\/product"}],"replies":[{"embeddable":true,"href":"https:\/\/cherry-publishing.com\/de\/wp-json\/wp\/v2\/comments?post=2505833"}],"wp:featuredmedia":[{"embeddable":true,"href":"https:\/\/cherry-publishing.com\/de\/wp-json\/wp\/v2\/media\/501262"}],"wp:attachment":[{"href":"https:\/\/cherry-publishing.com\/de\/wp-json\/wp\/v2\/media?parent=2505833"}],"curies":[{"name":"wp","href":"https:\/\/api.w.org\/{rel}","templated":true}]}}