{"id":2505834,"date":"2021-10-07T15:18:12","date_gmt":"2021-10-07T14:18:12","guid":{"rendered":"https:\/\/cherry-publishing.com\/?post_type=product&#038;p=2505834"},"modified":"2021-10-14T17:52:30","modified_gmt":"2021-10-14T16:52:30","slug":"lockdown-liebe-lagerkoller","status":"publish","type":"product","link":"https:\/\/cherry-publishing.com\/de\/romane\/new-adult\/lockdown-liebe-lagerkoller\/","title":{"rendered":"Lockdown, Liebe, Lagerkoller"},"content":{"rendered":"<div class=\"su-button-center\"><a href=\"https:\/\/amzn.to\/3uU3CaW\" class=\"su-button su-button-style-flat su-button-wide\" style=\"color:#FFFFFF;background-color:#b00909;border-color:#8d0808;border-radius:0px;-moz-border-radius:0px;-webkit-border-radius:0px\" target=\"_self\"><span style=\"color:#FFFFFF;padding:7px 20px;font-size:16px;line-height:24px;border-color:#c85353;border-radius:0px;-moz-border-radius:0px;-webkit-border-radius:0px;text-shadow:none;-moz-text-shadow:none;-webkit-text-shadow:none\"><i class=\"sui sui-mouse-pointer\" style=\"font-size:16px;color:#FFFFFF\"><\/i> Im E-Book lesen<\/span><\/a><\/div>\n<div class=\"su-button-center\"><a href=\"https:\/\/amzn.to\/3uU3CaW\" class=\"su-button su-button-style-flat su-button-wide\" style=\"color:#FFFFFF;background-color:#b00909;border-color:#8d0808;border-radius:0px;-moz-border-radius:0px;-webkit-border-radius:0px\" target=\"_blank\" rel=\"noopener noreferrer\"><span style=\"color:#FFFFFF;padding:7px 20px;font-size:16px;line-height:24px;border-color:#c85353;border-radius:0px;-moz-border-radius:0px;-webkit-border-radius:0px;text-shadow:none;-moz-text-shadow:none;-webkit-text-shadow:none\"><i class=\"sui sui-mouse-pointer\" style=\"font-size:16px;color:#FFFFFF\"><\/i>  Als Taschenbuch lesen<\/span><\/a><\/div>\n<div class=\"su-youtube su-u-responsive-media-yes\"><iframe width=\"500\" height=\"400\" src=\"https:\/\/www.youtube.com\/embed\/U6BIODo6oNQ?\" frameborder=\"0\" allowfullscreen allow=\"autoplay; encrypted-media; picture-in-picture\" title=\"\"><\/iframe><\/div>\n<p>&nbsp;<\/p>\n","protected":false},"excerpt":{"rendered":"<p>Lockdown mit dem Ex? Das hatte Juli sich aber anders vorgestellt \u2026<\/p>\n<p>Hannes nervt Juli. Und Juli nervt Hannes. Von dem, was die beiden vor vier Jahren zusammen gef\u00fchrt hat, ist nicht mehr viel \u00fcbrig. Nachdem sie sich nach einem Eklat in einer Bar trennen, wird pl\u00f6tzlich ein Lockdown verh\u00e4ngt. Eine Pandemie greift um sich und zwingt die Frischgetrennten auf engstem Raum miteinander auszukommen. W\u00e4hrend in den Superm\u00e4rkten K\u00e4mpfe um Klopapier und Desinfektionsmittel beginnen, sitzen die beiden fest und m\u00fcssen sich zu ihrem \u00c4rger wieder richtig mit dem anderen auseinandersetzen. In dieser Zeit erbl\u00fcht v\u00f6llig unerwartet eine prickelnde Leidenschaft zwischen ihnen, die sie zuvor noch nie erlebt haben. Juli ist v\u00f6llig verwirrt und Hannes h\u00fctet ein Geheimnis, das ihre neu gewonnene N\u00e4he mit einem Mal wieder zerst\u00f6ren k\u00f6nnte \u2026<\/p>\n<p>Dieses Jahr ist voller Ver\u00e4nderungen. Doch vielleicht erm\u00f6glicht all das Chaos das Undenkbare \u2013 eine zweite Chance f\u00fcr Juli und Hannes.<\/p>\n","protected":false},"featured_media":2505835,"comment_status":"closed","ping_status":"closed","template":"","meta":[],"_links":{"self":[{"href":"https:\/\/cherry-publishing.com\/de\/wp-json\/wp\/v2\/product\/2505834"}],"collection":[{"href":"https:\/\/cherry-publishing.com\/de\/wp-json\/wp\/v2\/product"}],"about":[{"href":"https:\/\/cherry-publishing.com\/de\/wp-json\/wp\/v2\/types\/product"}],"replies":[{"embeddable":true,"href":"https:\/\/cherry-publishing.com\/de\/wp-json\/wp\/v2\/comments?post=2505834"}],"wp:featuredmedia":[{"embeddable":true,"href":"https:\/\/cherry-publishing.com\/de\/wp-json\/wp\/v2\/media\/2505835"}],"wp:attachment":[{"href":"https:\/\/cherry-publishing.com\/de\/wp-json\/wp\/v2\/media?parent=2505834"}],"curies":[{"name":"wp","href":"https:\/\/api.w.org\/{rel}","templated":true}]}}