{"id":2506342,"date":"2021-11-11T15:47:01","date_gmt":"2021-11-11T14:47:01","guid":{"rendered":"https:\/\/cherry-publishing.com\/?post_type=product&#038;p=2506342"},"modified":"2021-11-12T15:08:56","modified_gmt":"2021-11-12T14:08:56","slug":"liebe-hat-keine-farbe","status":"publish","type":"product","link":"https:\/\/cherry-publishing.com\/de\/romane\/new-adult\/liebe-hat-keine-farbe\/","title":{"rendered":"Liebe hat keine Farbe"},"content":{"rendered":"<div class=\"su-button-center\"><a href=\"https:\/\/amzn.to\/3qEZOdk\" class=\"su-button su-button-style-flat su-button-wide\" style=\"color:#FFFFFF;background-color:#b00909;border-color:#8d0808;border-radius:0px;-moz-border-radius:0px;-webkit-border-radius:0px\" target=\"_blank\" rel=\"noopener noreferrer\"><span style=\"color:#FFFFFF;padding:7px 20px;font-size:16px;line-height:24px;border-color:#c85353;border-radius:0px;-moz-border-radius:0px;-webkit-border-radius:0px;text-shadow:none;-moz-text-shadow:none;-webkit-text-shadow:none\"><i class=\"sui sui-mouse-pointer\" style=\"font-size:16px;color:#FFFFFF\"><\/i> Im E-Book lesen<\/span><\/a><\/div>\n<div class=\"su-button-center\"><a href=\"https:\/\/amzn.to\/3qEZOdk\" class=\"su-button su-button-style-flat su-button-wide\" style=\"color:#FFFFFF;background-color:#b00909;border-color:#8d0808;border-radius:0px;-moz-border-radius:0px;-webkit-border-radius:0px\" target=\"_blank\" rel=\"noopener noreferrer\"><span style=\"color:#FFFFFF;padding:7px 20px;font-size:16px;line-height:24px;border-color:#c85353;border-radius:0px;-moz-border-radius:0px;-webkit-border-radius:0px;text-shadow:none;-moz-text-shadow:none;-webkit-text-shadow:none\"><i class=\"sui sui-mouse-pointer\" style=\"font-size:16px;color:#FFFFFF\"><\/i>  Als Taschenbuch lesen<\/span><\/a><\/div>\n<p>&nbsp;<\/p>\n","protected":false},"excerpt":{"rendered":"[amazon box=\"<span class=\"a-list-item\">B09LQ87JBC<\/span>\" template=\"horizontal\"]\n<p><span class=\"\" title=\"Modifi\u00e9\"><br \/>\nTalia h\u00e4lt nicht viel von Psychologen. Bereits als Kind hat sie gelernt: Bevor du Geld bezahlen musst, damit sich jemand f\u00fcr deine Probleme interessiert, gib es besser f\u00fcr Leinw\u00e4nde und Farben aus. Leider sehen ihre Schwester und die beste Freundin das ganz anders. Nachdem Talia Zeugin eines Selbstmordes wird und von diesem Erlebnis ziemlich mitgenommen ist, soll sie einen Psychotherapeuten aufsuchen. Der entpuppt sich jedoch als alter Feind und statt die Vergangenheit zu bew\u00e4ltigen, schlittert Talia in ganz neue Probleme.<\/span><\/p>\n","protected":false},"featured_media":2506343,"comment_status":"closed","ping_status":"closed","template":"","meta":[],"_links":{"self":[{"href":"https:\/\/cherry-publishing.com\/de\/wp-json\/wp\/v2\/product\/2506342"}],"collection":[{"href":"https:\/\/cherry-publishing.com\/de\/wp-json\/wp\/v2\/product"}],"about":[{"href":"https:\/\/cherry-publishing.com\/de\/wp-json\/wp\/v2\/types\/product"}],"replies":[{"embeddable":true,"href":"https:\/\/cherry-publishing.com\/de\/wp-json\/wp\/v2\/comments?post=2506342"}],"wp:featuredmedia":[{"embeddable":true,"href":"https:\/\/cherry-publishing.com\/de\/wp-json\/wp\/v2\/media\/2506343"}],"wp:attachment":[{"href":"https:\/\/cherry-publishing.com\/de\/wp-json\/wp\/v2\/media?parent=2506342"}],"curies":[{"name":"wp","href":"https:\/\/api.w.org\/{rel}","templated":true}]}}