{"id":2506540,"date":"2021-11-23T18:16:24","date_gmt":"2021-11-23T17:16:24","guid":{"rendered":"https:\/\/cherry-publishing.com\/?post_type=product&#038;p=2506540"},"modified":"2021-11-26T17:20:41","modified_gmt":"2021-11-26T16:20:41","slug":"hals-ueber-kopf-im-chalet","status":"publish","type":"product","link":"https:\/\/cherry-publishing.com\/de\/romane\/new-adult\/hals-ueber-kopf-im-chalet\/","title":{"rendered":"Hals \u00fcber Kopf im Chalet"},"content":{"rendered":"<div class=\"su-button-center\"><a href=\"https:\/\/amzn.to\/3nWE4rY\" class=\"su-button su-button-style-flat su-button-wide\" style=\"color:#FFFFFF;background-color:#b00909;border-color:#8d0808;border-radius:0px;-moz-border-radius:0px;-webkit-border-radius:0px\" target=\"_blank\" rel=\"noopener noreferrer\"><span style=\"color:#FFFFFF;padding:7px 20px;font-size:16px;line-height:24px;border-color:#c85353;border-radius:0px;-moz-border-radius:0px;-webkit-border-radius:0px;text-shadow:none;-moz-text-shadow:none;-webkit-text-shadow:none\"><i class=\"sui sui-mouse-pointer\" style=\"font-size:16px;color:#FFFFFF\"><\/i> Im E-Book lesen<\/span><\/a><\/div>\n<div class=\"su-button-center\"><a href=\"https:\/\/amzn.to\/3nTdH5T\" class=\"su-button su-button-style-flat su-button-wide\" style=\"color:#FFFFFF;background-color:#b00909;border-color:#8d0808;border-radius:0px;-moz-border-radius:0px;-webkit-border-radius:0px\" target=\"_blank\" rel=\"noopener noreferrer\"><span style=\"color:#FFFFFF;padding:7px 20px;font-size:16px;line-height:24px;border-color:#c85353;border-radius:0px;-moz-border-radius:0px;-webkit-border-radius:0px;text-shadow:none;-moz-text-shadow:none;-webkit-text-shadow:none\"><i class=\"sui sui-mouse-pointer\" style=\"font-size:16px;color:#FFFFFF\"><\/i>  Als Taschenbuch lesen<\/span><\/a><\/div>\n<p>&nbsp;<\/p>\n","protected":false},"excerpt":{"rendered":"[amazon box=\"<span class=\"a-list-item\">B09MMBVZ2Q<\/span>\" template=\"horizontal\"]\n<p>Sie<br \/>\nJustine. Sie hasst Weihnachten. Aber was sie noch mehr hasst, ist Schnee. Als ihr Chef sie nach Meg\u00e8ve schickt, um einen eingesessenen Anwohner zu treffen, der ein Immobilienprojekt sabotiert, ist sie nicht weit davon entfernt, allen M\u00e4nnern der Sch\u00f6pfung abzuschw\u00f6ren.<\/p>\n<p>Er<br \/>\nAdrien. Er hasst Weihnachten auch. Aber was er noch mehr hasst, ist, wenn sein Frieden gest\u00f6rt wird. Wenn diese h\u00fcbsche Pariserin nur nicht so anziehend w\u00e4re &#8230;<\/p>\n<p><span class=\"\" title=\"Modifi\u00e9\">\u00a0<\/span><\/p>\n","protected":false},"featured_media":2506541,"comment_status":"closed","ping_status":"closed","template":"","meta":[],"_links":{"self":[{"href":"https:\/\/cherry-publishing.com\/de\/wp-json\/wp\/v2\/product\/2506540"}],"collection":[{"href":"https:\/\/cherry-publishing.com\/de\/wp-json\/wp\/v2\/product"}],"about":[{"href":"https:\/\/cherry-publishing.com\/de\/wp-json\/wp\/v2\/types\/product"}],"replies":[{"embeddable":true,"href":"https:\/\/cherry-publishing.com\/de\/wp-json\/wp\/v2\/comments?post=2506540"}],"wp:featuredmedia":[{"embeddable":true,"href":"https:\/\/cherry-publishing.com\/de\/wp-json\/wp\/v2\/media\/2506541"}],"wp:attachment":[{"href":"https:\/\/cherry-publishing.com\/de\/wp-json\/wp\/v2\/media?parent=2506540"}],"curies":[{"name":"wp","href":"https:\/\/api.w.org\/{rel}","templated":true}]}}