{"id":2506790,"date":"2021-12-09T18:20:01","date_gmt":"2021-12-09T17:20:01","guid":{"rendered":"https:\/\/cherry-publishing.com\/?post_type=product&#038;p=2506790"},"modified":"2021-12-10T18:22:36","modified_gmt":"2021-12-10T17:22:36","slug":"alles-nur-kein-weihnachtszauber","status":"publish","type":"product","link":"https:\/\/cherry-publishing.com\/de\/romane\/new-adult\/alles-nur-kein-weihnachtszauber\/","title":{"rendered":"Alles, nur kein Weihnachtszauber"},"content":{"rendered":"<div class=\"su-button-center\"><a href=\"https:\/\/www.amazon.de\/dp\/B09NDTMJQW?&amp;linkCode=ll1&amp;tag=kdp2de-21&amp;linkId=29ae310d4bd2b6d9993de61fef0ac085&amp;language=de_DE&amp;ref_=as_li_ss_tl\" class=\"su-button su-button-style-flat su-button-wide\" style=\"color:#FFFFFF;background-color:#b00909;border-color:#8d0808;border-radius:0px;-moz-border-radius:0px;-webkit-border-radius:0px\" target=\"_blank\" rel=\"noopener noreferrer\"><span style=\"color:#FFFFFF;padding:7px 20px;font-size:16px;line-height:24px;border-color:#c85353;border-radius:0px;-moz-border-radius:0px;-webkit-border-radius:0px;text-shadow:none;-moz-text-shadow:none;-webkit-text-shadow:none\"><i class=\"sui sui-mouse-pointer\" style=\"font-size:16px;color:#FFFFFF\"><\/i> Im E-Book lesen<\/span><\/a><\/div>\n<div class=\"su-button-center\"><a href=\"https:\/\/www.amazon.de\/dp\/B09NDTMJQW?&amp;linkCode=ll1&amp;tag=kdp2de-21&amp;linkId=29ae310d4bd2b6d9993de61fef0ac085&amp;language=de_DE&amp;ref_=as_li_ss_tl\" class=\"su-button su-button-style-flat su-button-wide\" style=\"color:#FFFFFF;background-color:#b00909;border-color:#8d0808;border-radius:0px;-moz-border-radius:0px;-webkit-border-radius:0px\" target=\"_blank\" rel=\"noopener noreferrer\"><span style=\"color:#FFFFFF;padding:7px 20px;font-size:16px;line-height:24px;border-color:#c85353;border-radius:0px;-moz-border-radius:0px;-webkit-border-radius:0px;text-shadow:none;-moz-text-shadow:none;-webkit-text-shadow:none\"><i class=\"sui sui-mouse-pointer\" style=\"font-size:16px;color:#FFFFFF\"><\/i>  Als Taschenbuch lesen<\/span><\/a><\/div>\n<div class=\"su-youtube su-u-responsive-media-yes\"><iframe width=\"500\" height=\"400\" src=\"https:\/\/www.youtube.com\/embed\/FKjHOMuMgJM?\" frameborder=\"0\" allowfullscreen allow=\"autoplay; encrypted-media; picture-in-picture\" title=\"\"><\/iframe><\/div>\n<p>&nbsp;<\/p>\n","protected":false},"excerpt":{"rendered":"<p>Volle Gesch\u00e4fte, grelle Lichter und Kitsch ohne Ende \u2013 alles nichts f\u00fcr Nino. Er hasst Weihnachten. Doch am meisten st\u00f6rt ihn seine Familie, die nicht m\u00fcde wird, ihn wegen seines nicht vorhandenen Beziehungslebens zu terrorisieren.<br \/>\nAls die aufgedrehte Roxane in sein Leben stolpert, mit der er auch noch einen Artikel \u00fcber Weihnachten in New York City verfassen soll, ist das Ma\u00df endg\u00fcltig voll \u2013 glaubt Nino. Um sich seine pers\u00f6nliche H\u00f6lle zunutze zu machen, bittet er Roxane kurzerhand, f\u00fcr einen Abend seine Freundin zu spielen, damit er endlich seine Ruhe hat. Er ahnt nicht, was er sich damit einbrockt, denn seine neue Kollegin k\u00f6nnte Mrs. Lametta h\u00f6chstpers\u00f6nlich sein und hat sich zum Ziel gemacht Nino die Weihnachtszeit schmackhaft zu machen &#8211; und dabei ist ihr so ziemlich jedes Mittel recht &#8230;<\/p>\n","protected":false},"featured_media":2506791,"comment_status":"closed","ping_status":"closed","template":"","meta":[],"_links":{"self":[{"href":"https:\/\/cherry-publishing.com\/de\/wp-json\/wp\/v2\/product\/2506790"}],"collection":[{"href":"https:\/\/cherry-publishing.com\/de\/wp-json\/wp\/v2\/product"}],"about":[{"href":"https:\/\/cherry-publishing.com\/de\/wp-json\/wp\/v2\/types\/product"}],"replies":[{"embeddable":true,"href":"https:\/\/cherry-publishing.com\/de\/wp-json\/wp\/v2\/comments?post=2506790"}],"wp:featuredmedia":[{"embeddable":true,"href":"https:\/\/cherry-publishing.com\/de\/wp-json\/wp\/v2\/media\/2506791"}],"wp:attachment":[{"href":"https:\/\/cherry-publishing.com\/de\/wp-json\/wp\/v2\/media?parent=2506790"}],"curies":[{"name":"wp","href":"https:\/\/api.w.org\/{rel}","templated":true}]}}