{"id":2506869,"date":"2021-12-15T18:03:44","date_gmt":"2021-12-15T17:03:44","guid":{"rendered":"https:\/\/cherry-publishing.com\/?post_type=product&#038;p=2506869"},"modified":"2022-04-08T14:07:33","modified_gmt":"2022-04-08T13:07:33","slug":"cadence-hille","status":"publish","type":"product","link":"https:\/\/cherry-publishing.com\/de\/autorinnen\/cadence-hille\/","title":{"rendered":"Cadence Hille"},"content":{"rendered":"<h2 style=\"text-align: center;\"><strong>Ihre B\u00fccher<\/strong><\/h2>\n<p>&nbsp;<\/p>\n<p style=\"text-align: center;\"><div class=\"woocommerce columns-4 \"><ul class=\"products columns-4\">\n<li class=\"sales-flash-overlay woocommerce-text-align-center woocommerce-image-align-center do-quantity-buttons product type-product post-2506870 status-publish first instock product_cat-new-adult has-post-thumbnail shipping-taxable product-type-simple\">\n\t<\/li>\n<\/ul>\n<\/div>\n","protected":false},"excerpt":{"rendered":"<p>Cadence Hille, Jahrgang 1997, ist das Pseudonym einer Autorin, die im Gro\u00dfstadtdschungel zu Hause ist. Sie ist inmitten von B\u00fcchern aufgewachsen und hat vor etwa zweieinhalb Jahren das Schreiben f\u00fcr sich entdeckt \u2013 kann sich aber nicht vorstellen, jemals damit aufzuh\u00f6ren.<\/p>\n","protected":false},"featured_media":501262,"comment_status":"closed","ping_status":"closed","template":"","meta":[],"_links":{"self":[{"href":"https:\/\/cherry-publishing.com\/de\/wp-json\/wp\/v2\/product\/2506869"}],"collection":[{"href":"https:\/\/cherry-publishing.com\/de\/wp-json\/wp\/v2\/product"}],"about":[{"href":"https:\/\/cherry-publishing.com\/de\/wp-json\/wp\/v2\/types\/product"}],"replies":[{"embeddable":true,"href":"https:\/\/cherry-publishing.com\/de\/wp-json\/wp\/v2\/comments?post=2506869"}],"wp:featuredmedia":[{"embeddable":true,"href":"https:\/\/cherry-publishing.com\/de\/wp-json\/wp\/v2\/media\/501262"}],"wp:attachment":[{"href":"https:\/\/cherry-publishing.com\/de\/wp-json\/wp\/v2\/media?parent=2506869"}],"curies":[{"name":"wp","href":"https:\/\/api.w.org\/{rel}","templated":true}]}}