{"id":2506870,"date":"2021-12-15T18:06:44","date_gmt":"2021-12-15T17:06:44","guid":{"rendered":"https:\/\/cherry-publishing.com\/?post_type=product&#038;p=2506870"},"modified":"2021-12-17T15:05:41","modified_gmt":"2021-12-17T14:05:41","slug":"diese-saiten-zwischen-uns","status":"publish","type":"product","link":"https:\/\/cherry-publishing.com\/de\/romane\/new-adult\/diese-saiten-zwischen-uns\/","title":{"rendered":"Diese Saiten zwischen uns"},"content":{"rendered":"<div class=\"su-button-center\"><a href=\"https:\/\/amzn.to\/30Gbx0Y\" class=\"su-button su-button-style-flat su-button-wide\" style=\"color:#FFFFFF;background-color:#b00909;border-color:#8d0808;border-radius:0px;-moz-border-radius:0px;-webkit-border-radius:0px\" target=\"_blank\" rel=\"noopener noreferrer\"><span style=\"color:#FFFFFF;padding:7px 20px;font-size:16px;line-height:24px;border-color:#c85353;border-radius:0px;-moz-border-radius:0px;-webkit-border-radius:0px;text-shadow:none;-moz-text-shadow:none;-webkit-text-shadow:none\"><i class=\"sui sui-mouse-pointer\" style=\"font-size:16px;color:#FFFFFF\"><\/i> Im E-Book lesen<\/span><\/a><\/div>\n<div class=\"su-button-center\"><a href=\"https:\/\/amzn.to\/30Gbx0Y\" class=\"su-button su-button-style-flat su-button-wide\" style=\"color:#FFFFFF;background-color:#b00909;border-color:#8d0808;border-radius:0px;-moz-border-radius:0px;-webkit-border-radius:0px\" target=\"_blank\" rel=\"noopener noreferrer\"><span style=\"color:#FFFFFF;padding:7px 20px;font-size:16px;line-height:24px;border-color:#c85353;border-radius:0px;-moz-border-radius:0px;-webkit-border-radius:0px;text-shadow:none;-moz-text-shadow:none;-webkit-text-shadow:none\"><i class=\"sui sui-mouse-pointer\" style=\"font-size:16px;color:#FFFFFF\"><\/i>  Als Taschenbuch lesen<\/span><\/a><\/div>\n<div class=\"su-youtube su-u-responsive-media-yes\"><iframe width=\"500\" height=\"400\" src=\"https:\/\/www.youtube.com\/embed\/yJwMPOCIlSA?\" frameborder=\"0\" allowfullscreen allow=\"autoplay; encrypted-media; picture-in-picture\" title=\"\"><\/iframe><\/div>\n<p>&nbsp;<\/p>\n","protected":false},"excerpt":{"rendered":"<p><i>Manchmal gibt es diese eine Person, der man niemals so viel Raum in seinem Leben eingestehen will, wie sie tats\u00e4chlich nimmt. Diesen Menschen, den man einfach nur hinter sich lassen will \u2026<\/i><\/p>\n<p>Nancy versteht nicht, was Fran\u00e7ois f\u00fcr ein Problem mit ihr hat. Seine Sticheleien haben ihr die Schulzeit nicht einfach gemacht \u2013 umso erleichterter ist sie, ihn nach dem Abi nie mehr wiedersehen zu m\u00fcssen.<br \/>\nWas sie nicht wei\u00df: wie sehr er in sie verliebt war.<br \/>\nFran\u00e7ois kann nicht \u00fcber seinen Schatten springen. Das konnte er noch nie \u2013 zumindest wenn es um <i>sie<\/i> geht.<br \/>\nWas er nicht wei\u00df: wie sehr er sie wirklich verletzt hat.<\/p>\n<p>Als die beiden sich pl\u00f6tzlich in M\u00fcnchen wieder begegnen und herausfinden, dass sie im gleichen Musikverein angemeldet sind und sich auch noch dasselbe Geb\u00e4ude teilen, beginnen alte Wunden schmerzhaft wieder aufzurei\u00dfen \u2026<\/p>\n","protected":false},"featured_media":2506876,"comment_status":"closed","ping_status":"closed","template":"","meta":[],"_links":{"self":[{"href":"https:\/\/cherry-publishing.com\/de\/wp-json\/wp\/v2\/product\/2506870"}],"collection":[{"href":"https:\/\/cherry-publishing.com\/de\/wp-json\/wp\/v2\/product"}],"about":[{"href":"https:\/\/cherry-publishing.com\/de\/wp-json\/wp\/v2\/types\/product"}],"replies":[{"embeddable":true,"href":"https:\/\/cherry-publishing.com\/de\/wp-json\/wp\/v2\/comments?post=2506870"}],"wp:featuredmedia":[{"embeddable":true,"href":"https:\/\/cherry-publishing.com\/de\/wp-json\/wp\/v2\/media\/2506876"}],"wp:attachment":[{"href":"https:\/\/cherry-publishing.com\/de\/wp-json\/wp\/v2\/media?parent=2506870"}],"curies":[{"name":"wp","href":"https:\/\/api.w.org\/{rel}","templated":true}]}}