{"id":2507119,"date":"2022-01-13T11:15:01","date_gmt":"2022-01-13T10:15:01","guid":{"rendered":"https:\/\/cherry-publishing.com\/?post_type=product&#038;p=2507119"},"modified":"2022-01-14T15:46:57","modified_gmt":"2022-01-14T14:46:57","slug":"rebellion","status":"publish","type":"product","link":"https:\/\/cherry-publishing.com\/de\/romane\/fantasy\/rebellion\/","title":{"rendered":"Rebellion &#8211; Das feindliche Schloss"},"content":{"rendered":"<div class=\"su-button-center\"><a href=\"https:\/\/amzn.to\/3rlko15\" class=\"su-button su-button-style-flat su-button-wide\" style=\"color:#FFFFFF;background-color:#b00909;border-color:#8d0808;border-radius:0px;-moz-border-radius:0px;-webkit-border-radius:0px\" target=\"_blank\" rel=\"noopener noreferrer\"><span style=\"color:#FFFFFF;padding:7px 20px;font-size:16px;line-height:24px;border-color:#c85353;border-radius:0px;-moz-border-radius:0px;-webkit-border-radius:0px;text-shadow:none;-moz-text-shadow:none;-webkit-text-shadow:none\"><i class=\"sui sui-mouse-pointer\" style=\"font-size:16px;color:#FFFFFF\"><\/i> Im E-Book lesen<\/span><\/a><\/div>\n<div class=\"su-button-center\"><a href=\"https:\/\/amzn.to\/33zyWCa\" class=\"su-button su-button-style-flat su-button-wide\" style=\"color:#FFFFFF;background-color:#b00909;border-color:#8d0808;border-radius:0px;-moz-border-radius:0px;-webkit-border-radius:0px\" target=\"_blank\" rel=\"noopener noreferrer\"><span style=\"color:#FFFFFF;padding:7px 20px;font-size:16px;line-height:24px;border-color:#c85353;border-radius:0px;-moz-border-radius:0px;-webkit-border-radius:0px;text-shadow:none;-moz-text-shadow:none;-webkit-text-shadow:none\"><i class=\"sui sui-mouse-pointer\" style=\"font-size:16px;color:#FFFFFF\"><\/i>  Als Taschenbuch lesen<\/span><\/a><\/div>\n<div class=\"su-youtube su-u-responsive-media-yes\"><iframe width=\"500\" height=\"400\" src=\"https:\/\/www.youtube.com\/embed\/Jr26EfhJwOU?\" frameborder=\"0\" allowfullscreen allow=\"autoplay; encrypted-media; picture-in-picture\" title=\"\"><\/iframe><\/div>\n<p>&nbsp;<\/p>\n","protected":false},"excerpt":{"rendered":"<p><b>4123<\/b>. Die Erde hat sich in zwei Welten geteilt: Die Land- und Wasserwelt. Der grausame Meeresk\u00f6nig strebt nach der gesamten Macht und unterdr\u00fcckt die Landmenschen gewaltt\u00e4tig. Unter ihnen lebt auch die 16-j\u00e4hrige Sarah. Gemeinsam mit einer Gruppe Rebellen schmiedet sie Pl\u00e4ne gegen diese Ungerechtigkeit, bis sie eines Tages erwischt und gefangen genommen wird. Im feindlichen Schloss begegnet sie dem unbarmherzigen, gut aussehenden Kronprinzen Henry, der sie brutal foltert, um an Informationen zu kommen. Doch ist er wirklich so kalt, wie es auf den ersten Blick scheint? Auf einmal findet sich Sarah in einem Strudel aus verbotenen Gef\u00fchlen, heimlicher Rebellion und Empfindungen jenseits von Gut und B\u00f6se wieder \u2026<\/p>\n<p>Wird es ihr gelingen, ihre Mission zu verfolgen und weiterhin f\u00fcr Gerechtigkeit zu k\u00e4mpfen?<\/p>\n<p>Nichts ist wie es scheint und in diesem Krieg kann Sarah nur einer einzigen Person vertrauen:<br \/>\nSich selbst.<\/p>\n","protected":false},"featured_media":2507120,"comment_status":"closed","ping_status":"closed","template":"","meta":[],"_links":{"self":[{"href":"https:\/\/cherry-publishing.com\/de\/wp-json\/wp\/v2\/product\/2507119"}],"collection":[{"href":"https:\/\/cherry-publishing.com\/de\/wp-json\/wp\/v2\/product"}],"about":[{"href":"https:\/\/cherry-publishing.com\/de\/wp-json\/wp\/v2\/types\/product"}],"replies":[{"embeddable":true,"href":"https:\/\/cherry-publishing.com\/de\/wp-json\/wp\/v2\/comments?post=2507119"}],"wp:featuredmedia":[{"embeddable":true,"href":"https:\/\/cherry-publishing.com\/de\/wp-json\/wp\/v2\/media\/2507120"}],"wp:attachment":[{"href":"https:\/\/cherry-publishing.com\/de\/wp-json\/wp\/v2\/media?parent=2507119"}],"curies":[{"name":"wp","href":"https:\/\/api.w.org\/{rel}","templated":true}]}}