{"id":2507394,"date":"2022-02-04T18:23:46","date_gmt":"2022-02-04T17:23:46","guid":{"rendered":"https:\/\/cherry-publishing.com\/?post_type=product&#038;p=2507394"},"modified":"2022-02-04T18:28:45","modified_gmt":"2022-02-04T17:28:45","slug":"before-summer-ends","status":"publish","type":"product","link":"https:\/\/cherry-publishing.com\/de\/romane\/new-adult\/before-summer-ends\/","title":{"rendered":"Before Summer Ends"},"content":{"rendered":"<div class=\"su-button-center\"><a href=\"https:\/\/amzn.to\/3unNQXC\" class=\"su-button su-button-style-flat su-button-wide\" style=\"color:#FFFFFF;background-color:#b00909;border-color:#8d0808;border-radius:0px;-moz-border-radius:0px;-webkit-border-radius:0px\" target=\"_blank\" rel=\"noopener noreferrer\"><span style=\"color:#FFFFFF;padding:7px 20px;font-size:16px;line-height:24px;border-color:#c85353;border-radius:0px;-moz-border-radius:0px;-webkit-border-radius:0px;text-shadow:none;-moz-text-shadow:none;-webkit-text-shadow:none\"><i class=\"sui sui-mouse-pointer\" style=\"font-size:16px;color:#FFFFFF\"><\/i> Im E-Book lesen<\/span><\/a><\/div>\n<div class=\"su-button-center\"><a href=\"https:\/\/amzn.to\/3J80n5J\" class=\"su-button su-button-style-flat su-button-wide\" style=\"color:#FFFFFF;background-color:#b00909;border-color:#8d0808;border-radius:0px;-moz-border-radius:0px;-webkit-border-radius:0px\" target=\"_blank\" rel=\"noopener noreferrer\"><span style=\"color:#FFFFFF;padding:7px 20px;font-size:16px;line-height:24px;border-color:#c85353;border-radius:0px;-moz-border-radius:0px;-webkit-border-radius:0px;text-shadow:none;-moz-text-shadow:none;-webkit-text-shadow:none\"><i class=\"sui sui-mouse-pointer\" style=\"font-size:16px;color:#FFFFFF\"><\/i>  Als Taschenbuch lesen<\/span><\/a><\/div>\n<p>&nbsp;<\/p>\n","protected":false},"excerpt":{"rendered":"<p><i>Ich wei\u00df, dass die Leute mich anstarren, aber das ist mir egal. Ich habe nur Augen f\u00fcr Tyson. Nur Augen f\u00fcr den Mann, der es nicht mehr mit mir aush\u00e4lt. Der so verletzt ist, dass er seine Geschichte mit niemanden teilen m\u00f6chte. Er versteckt sich. Genau, wie ich es tue.<\/i><\/p>\n<p>Vor acht Jahren hat Riley Hanson gelernt, was es bedeutet, Angst zu haben. Angst, die sich in ihr Inneres gefressen hat. Nun steht sie kurz vor ihrem Abschluss und m\u00f6chte den Sommer vor dem College genie\u00dfen. Doch ein Anruf ver\u00e4ndert alles.<\/p>\n<p>Wenige Tage sp\u00e4ter findet Riley sich in Harpers Ferry wieder \u2013 einer winzigen Stadt am Shenandoah River. Dort trifft sie auf ihre Mutter, die sie jahrelang nicht gesehen hat, und wird mit ihren gr\u00f6\u00dften \u00c4ngsten konfrontiert. Riley versucht sich auf ihre Leidenschaft \u2013 das Fotografieren \u2013 zu konzentrieren und findet unverhofft Freunde, die ihr beistehen.<br \/>\nDarunter Tyson Green: Attraktiv, schamlos und geheimnisvoll. Die beiden sind sich \u00e4hnlicher, als sie denken und kommen sich schon bald n\u00e4her. Doch der Sommer kann nicht ewig dauern und die Geheimnisse, die sie einander verschweigen, stellen ihre Verbindung auf eine harte Probe \u2026<\/p>\n","protected":false},"featured_media":2507395,"comment_status":"closed","ping_status":"closed","template":"","meta":[],"_links":{"self":[{"href":"https:\/\/cherry-publishing.com\/de\/wp-json\/wp\/v2\/product\/2507394"}],"collection":[{"href":"https:\/\/cherry-publishing.com\/de\/wp-json\/wp\/v2\/product"}],"about":[{"href":"https:\/\/cherry-publishing.com\/de\/wp-json\/wp\/v2\/types\/product"}],"replies":[{"embeddable":true,"href":"https:\/\/cherry-publishing.com\/de\/wp-json\/wp\/v2\/comments?post=2507394"}],"wp:featuredmedia":[{"embeddable":true,"href":"https:\/\/cherry-publishing.com\/de\/wp-json\/wp\/v2\/media\/2507395"}],"wp:attachment":[{"href":"https:\/\/cherry-publishing.com\/de\/wp-json\/wp\/v2\/media?parent=2507394"}],"curies":[{"name":"wp","href":"https:\/\/api.w.org\/{rel}","templated":true}]}}