{"id":2507637,"date":"2022-02-23T10:20:55","date_gmt":"2022-02-23T09:20:55","guid":{"rendered":"https:\/\/cherry-publishing.com\/?post_type=product&#038;p=2507637"},"modified":"2022-04-08T14:05:05","modified_gmt":"2022-04-08T13:05:05","slug":"julia-han","status":"publish","type":"product","link":"https:\/\/cherry-publishing.com\/de\/autorinnen\/julia-han\/","title":{"rendered":"Julia Han"},"content":{"rendered":"<h2 style=\"text-align: center;\"><strong>Ihre B\u00fccher<\/strong><\/h2>\n<p>&nbsp;<\/p>\n<p style=\"text-align: center;\"><div class=\"woocommerce columns-4 \"><ul class=\"products columns-4\">\n<li class=\"sales-flash-overlay woocommerce-text-align-center woocommerce-image-align-center do-quantity-buttons product type-product post-2507638 status-publish first instock product_cat-erotik has-post-thumbnail shipping-taxable product-type-simple\">\n\t<\/li>\n<\/ul>\n<\/div>\n","protected":false},"excerpt":{"rendered":"<p>Als kreativer Kopf und Tagtr\u00e4umerin hat Julia HAN, damals das Schreiben auf der Lese- und Schreibplattform \u201eWattpad\u201c f\u00fcr sich entdeckt. Obwohl sie im Kindesalter ein Lesemuffel war, hat sich das Lesen und Schreiben heute zu ihrer gr\u00f6\u00dften Leidenschaft entwickelt. Doch eins hat sie immer schon begleitet und das ist Kreativit\u00e4t. Egal ob das Zeichnen oder das Ausdenken von Geschichten in ihrem Kopf. Am liebsten schreibt sie im Genre Romantik, in denen prickelnde, erotische Liebesszenen nicht zu kurz kommen.<\/p>\n","protected":false},"featured_media":501262,"comment_status":"closed","ping_status":"closed","template":"","meta":[],"_links":{"self":[{"href":"https:\/\/cherry-publishing.com\/de\/wp-json\/wp\/v2\/product\/2507637"}],"collection":[{"href":"https:\/\/cherry-publishing.com\/de\/wp-json\/wp\/v2\/product"}],"about":[{"href":"https:\/\/cherry-publishing.com\/de\/wp-json\/wp\/v2\/types\/product"}],"replies":[{"embeddable":true,"href":"https:\/\/cherry-publishing.com\/de\/wp-json\/wp\/v2\/comments?post=2507637"}],"wp:featuredmedia":[{"embeddable":true,"href":"https:\/\/cherry-publishing.com\/de\/wp-json\/wp\/v2\/media\/501262"}],"wp:attachment":[{"href":"https:\/\/cherry-publishing.com\/de\/wp-json\/wp\/v2\/media?parent=2507637"}],"curies":[{"name":"wp","href":"https:\/\/api.w.org\/{rel}","templated":true}]}}