{"id":2508034,"date":"2022-03-29T09:40:06","date_gmt":"2022-03-29T08:40:06","guid":{"rendered":"https:\/\/cherry-publishing.com\/?post_type=product&#038;p=2508034"},"modified":"2022-04-01T14:00:12","modified_gmt":"2022-04-01T13:00:12","slug":"du-bleibst-mein-traum","status":"publish","type":"product","link":"https:\/\/cherry-publishing.com\/de\/romane\/lgbtq\/du-bleibst-mein-traum\/","title":{"rendered":"Du bleibst mein Traum"},"content":{"rendered":"<div class=\"su-button-center\"><a href=\"https:\/\/amzn.to\/3iVrsxR\" class=\"su-button su-button-style-flat su-button-wide\" style=\"color:#FFFFFF;background-color:#b00909;border-color:#8d0808;border-radius:0px;-moz-border-radius:0px;-webkit-border-radius:0px\" target=\"_blank\" rel=\"noopener noreferrer\"><span style=\"color:#FFFFFF;padding:7px 20px;font-size:16px;line-height:24px;border-color:#c85353;border-radius:0px;-moz-border-radius:0px;-webkit-border-radius:0px;text-shadow:none;-moz-text-shadow:none;-webkit-text-shadow:none\"><i class=\"sui sui-mouse-pointer\" style=\"font-size:16px;color:#FFFFFF\"><\/i> Im E-Book lesen<\/span><\/a><\/div>\n<div class=\"su-button-center\"><a href=\"https:\/\/amzn.to\/3iVrsxR\" class=\"su-button su-button-style-flat su-button-wide\" style=\"color:#FFFFFF;background-color:#b00909;border-color:#8d0808;border-radius:0px;-moz-border-radius:0px;-webkit-border-radius:0px\" target=\"_blank\" rel=\"noopener noreferrer\"><span style=\"color:#FFFFFF;padding:7px 20px;font-size:16px;line-height:24px;border-color:#c85353;border-radius:0px;-moz-border-radius:0px;-webkit-border-radius:0px;text-shadow:none;-moz-text-shadow:none;-webkit-text-shadow:none\"><i class=\"sui sui-mouse-pointer\" style=\"font-size:16px;color:#FFFFFF\"><\/i>  Als Taschenbuch lesen<\/span><\/a><\/div>\n<p>&nbsp;<\/p>\n","protected":false},"excerpt":{"rendered":"<p><i data-stringify-type=\"italic\">Tr\u00e4ume sind es, die uns dazu bringen, wieder aufzustehen.<\/i><\/p>\n<p>Nach einem tragischen Schicksalsschlag fl\u00fcchtet die junge Autorin Fiona an die Ostseek\u00fcste. In einem kleinen, idyllischen Dorf versucht sie, inmitten der alteingesessenen Dorfbewohner ein neues Leben anzufangen und Normalit\u00e4t in ihren Alltag zu bringen. Die k\u00fchle und geheimnisvolle Nesrin scheint immer dann aufzutauchen, wenn Fiona Hilfe braucht und ihr \u00e4hnlicher zu sein, als sie es je f\u00fcr m\u00f6glich gehalten h\u00e4tte. Je weiter Fiona die Vergangenheit hinter sich l\u00e4sst, desto intensiver werden ihre Tr\u00e4ume und die Schatten drohen sie einzuholen \u2013 w\u00e4ren da nicht stets diese stechend gr\u00fcnen Augen, die sie jedes Mal aufs Neue in ihren Bann ziehen und sich heimlich in ihr Herz schleichen \u2026<\/p>\n<p>Schafft Fiona es, ihre Tr\u00e4ume zu befreien oder wird die Dunkelheit sie verschlingen?<\/p>\n","protected":false},"featured_media":2508035,"comment_status":"closed","ping_status":"closed","template":"","meta":[],"_links":{"self":[{"href":"https:\/\/cherry-publishing.com\/de\/wp-json\/wp\/v2\/product\/2508034"}],"collection":[{"href":"https:\/\/cherry-publishing.com\/de\/wp-json\/wp\/v2\/product"}],"about":[{"href":"https:\/\/cherry-publishing.com\/de\/wp-json\/wp\/v2\/types\/product"}],"replies":[{"embeddable":true,"href":"https:\/\/cherry-publishing.com\/de\/wp-json\/wp\/v2\/comments?post=2508034"}],"wp:featuredmedia":[{"embeddable":true,"href":"https:\/\/cherry-publishing.com\/de\/wp-json\/wp\/v2\/media\/2508035"}],"wp:attachment":[{"href":"https:\/\/cherry-publishing.com\/de\/wp-json\/wp\/v2\/media?parent=2508034"}],"curies":[{"name":"wp","href":"https:\/\/api.w.org\/{rel}","templated":true}]}}