{"id":2508207,"date":"2022-04-11T13:52:03","date_gmt":"2022-04-11T12:52:03","guid":{"rendered":"https:\/\/cherry-publishing.com\/?post_type=product&#038;p=2508207"},"modified":"2023-05-29T15:11:07","modified_gmt":"2023-05-29T14:11:07","slug":"the-servitoros","status":"publish","type":"product","link":"https:\/\/cherry-publishing.com\/de\/romane\/lgbtq\/the-servitoros\/","title":{"rendered":"The Servit\u00f3ros"},"content":{"rendered":"<div class=\"su-button-center\"><a href=\"https:\/\/amzn.to\/3N3w70G\" class=\"su-button su-button-style-flat su-button-wide\" style=\"color:#FFFFFF;background-color:#b00909;border-color:#8d0808;border-radius:0px;-moz-border-radius:0px;-webkit-border-radius:0px\" target=\"_blank\" rel=\"noopener noreferrer\"><span style=\"color:#FFFFFF;padding:7px 20px;font-size:16px;line-height:24px;border-color:#c85353;border-radius:0px;-moz-border-radius:0px;-webkit-border-radius:0px;text-shadow:none;-moz-text-shadow:none;-webkit-text-shadow:none\"><i class=\"sui sui-mouse-pointer\" style=\"font-size:16px;color:#FFFFFF\"><\/i> Im E-Book lesen<\/span><\/a><\/div>\n<div class=\"su-button-center\"><a href=\"https:\/\/amzn.to\/3rsv0MS\" class=\"su-button su-button-style-flat su-button-wide\" style=\"color:#FFFFFF;background-color:#b00909;border-color:#8d0808;border-radius:0px;-moz-border-radius:0px;-webkit-border-radius:0px\" target=\"_blank\" rel=\"noopener noreferrer\"><span style=\"color:#FFFFFF;padding:7px 20px;font-size:16px;line-height:24px;border-color:#c85353;border-radius:0px;-moz-border-radius:0px;-webkit-border-radius:0px;text-shadow:none;-moz-text-shadow:none;-webkit-text-shadow:none\"><i class=\"sui sui-mouse-pointer\" style=\"font-size:16px;color:#FFFFFF\"><\/i>  Als Taschenbuch lesen<\/span><\/a><\/div>\n<p>&nbsp;<\/p>\n","protected":false},"excerpt":{"rendered":"<div id=\"1649682973.822769\" class=\"c-virtual_list__item c-virtual_list__item--initial-activeitem\" tabindex=\"0\" role=\"listitem\" data-qa=\"virtual-list-item\">\n<div class=\"c-message_kit__background p-message_pane_message__message c-message_kit__message\" role=\"presentation\" data-qa=\"message_container\" data-qa-unprocessed=\"false\" data-qa-placeholder=\"false\">\n<div class=\"c-message_kit__hover\" role=\"document\" aria-roledescription=\"message\" data-qa-hover=\"true\">\n<div class=\"c-message_kit__actions c-message_kit__actions--above\">\n<div class=\"c-message_kit__gutter\">\n<div class=\"c-message_kit__gutter__right\" role=\"presentation\" data-qa=\"message_content\">\n<div class=\"c-message_kit__blocks c-message_kit__blocks--rich_text\">\n<div class=\"c-message__message_blocks c-message__message_blocks--rich_text\" data-qa=\"message-text\">\n<div class=\"p-block_kit_renderer\" data-qa=\"block-kit-renderer\">\n<div class=\"p-block_kit_renderer__block_wrapper p-block_kit_renderer__block_wrapper--first\">\n<div class=\"p-rich_text_block\" dir=\"auto\">\n<div class=\"p-rich_text_section\">\u00bb<i data-stringify-type=\"italic\">Nichts war mehr zu h\u00f6ren, bis auf seinen au\u00dfer Kontrolle geratenen Herzschlag hinter seinen Schl\u00e4fen.<\/i>\u00ab<\/div>\n<div class=\"p-rich_text_section\">Der junge Servit\u00f3ros Soti arbeitet in einer der exklusivsten Hotelanlagen auf ganz Rhodos. Das bedeutet: Top Service, Luxus und n\u00f6rgelnde G\u00e4ste. Jeder neue Tag verlangt ihm einiges ab. Nur die Katze Morpheus hat stets ein offenes Ohr f\u00fcr ihn. Bis er dem omin\u00f6sen Gast von Tisch 65 gegen\u00fcbersteht: Alexander Lloyd, der in einer Premiumsuite untergebracht ist und nur so im Geld schwimmt. Obwohl Soti sich als sein Kellner mehr als einmal geh\u00f6rige Fehltritte leistet, scheint der gutaussehende Brite Interesse an ihm zu zeigen und stellt sein Leben damit vollkommen auf den Kopf. Denn Soti kann nicht leugnen, dass diese durchdringenden gr\u00fcnen Augen ihn l\u00e4ngst in seinen Tr\u00e4umen verfolgen. Doch Alex tr\u00e4gt ein Geheimnis mit sich, das alles zwischen ihnen beenden k\u00f6nnte, ehe es angefangen hat \u2026<\/div>\n<\/div>\n<\/div>\n<\/div>\n<\/div>\n<\/div>\n<\/div>\n<\/div>\n<\/div>\n<\/div>\n<\/div>\n<\/div>\n<div id=\"1649682985.157939\" class=\"c-virtual_list__item\" tabindex=\"-1\" role=\"listitem\" data-qa=\"virtual-list-item\">\n<div class=\"c-message_kit__background c-message_kit__background--hovered p-message_pane_message__message c-message_kit__message\" role=\"presentation\" data-qa=\"message_container\" data-qa-unprocessed=\"false\" data-qa-placeholder=\"false\">\n<div class=\"c-message_kit__hover c-message_kit__hover--hovered\" role=\"document\" aria-roledescription=\"message\" data-qa-hover=\"true\">\n<div class=\"c-message_kit__actions c-message_kit__actions--above\">\n<div class=\"c-message_kit__gutter\">\n<div class=\"c-message_kit__gutter__right\" role=\"presentation\" data-qa=\"message_content\">\n<div class=\"c-message_kit__blocks c-message_kit__blocks--rich_text\">\n<div class=\"c-message__message_blocks c-message__message_blocks--rich_text\" data-qa=\"message-text\">\n<div class=\"p-block_kit_renderer\" data-qa=\"block-kit-renderer\">\n<div class=\"p-block_kit_renderer__block_wrapper p-block_kit_renderer__block_wrapper--first\">\n<div class=\"p-rich_text_block\" dir=\"auto\"><\/div>\n<\/div>\n<\/div>\n<\/div>\n<\/div>\n<\/div>\n<\/div>\n<\/div>\n<\/div>\n<\/div>\n<\/div>\n","protected":false},"featured_media":2508208,"comment_status":"closed","ping_status":"closed","template":"","meta":[],"_links":{"self":[{"href":"https:\/\/cherry-publishing.com\/de\/wp-json\/wp\/v2\/product\/2508207"}],"collection":[{"href":"https:\/\/cherry-publishing.com\/de\/wp-json\/wp\/v2\/product"}],"about":[{"href":"https:\/\/cherry-publishing.com\/de\/wp-json\/wp\/v2\/types\/product"}],"replies":[{"embeddable":true,"href":"https:\/\/cherry-publishing.com\/de\/wp-json\/wp\/v2\/comments?post=2508207"}],"wp:featuredmedia":[{"embeddable":true,"href":"https:\/\/cherry-publishing.com\/de\/wp-json\/wp\/v2\/media\/2508208"}],"wp:attachment":[{"href":"https:\/\/cherry-publishing.com\/de\/wp-json\/wp\/v2\/media?parent=2508207"}],"curies":[{"name":"wp","href":"https:\/\/api.w.org\/{rel}","templated":true}]}}