{"id":3008538,"date":"2022-05-02T14:19:17","date_gmt":"2022-05-02T13:19:17","guid":{"rendered":"https:\/\/cherry-publishing.com\/?post_type=product&#038;p=3008538"},"modified":"2022-05-06T10:22:21","modified_gmt":"2022-05-06T09:22:21","slug":"find-me-before-it-ends","status":"publish","type":"product","link":"https:\/\/cherry-publishing.com\/de\/romane\/new-adult\/find-me-before-it-ends\/","title":{"rendered":"Find me before it ends"},"content":{"rendered":"<div class=\"su-button-center\"><a href=\"https:\/\/amzn.to\/3wcjiHo\" class=\"su-button su-button-style-flat su-button-wide\" style=\"color:#FFFFFF;background-color:#b00909;border-color:#8d0808;border-radius:0px;-moz-border-radius:0px;-webkit-border-radius:0px\" target=\"_blank\" rel=\"noopener noreferrer\"><span style=\"color:#FFFFFF;padding:7px 20px;font-size:16px;line-height:24px;border-color:#c85353;border-radius:0px;-moz-border-radius:0px;-webkit-border-radius:0px;text-shadow:none;-moz-text-shadow:none;-webkit-text-shadow:none\"><i class=\"sui sui-mouse-pointer\" style=\"font-size:16px;color:#FFFFFF\"><\/i> Im E-Book lesen<\/span><\/a><\/div>\n<div class=\"su-button-center\"><a href=\"https:\/\/amzn.to\/3wcjiHo\" class=\"su-button su-button-style-flat su-button-wide\" style=\"color:#FFFFFF;background-color:#b00909;border-color:#8d0808;border-radius:0px;-moz-border-radius:0px;-webkit-border-radius:0px\" target=\"_blank\" rel=\"noopener noreferrer\"><span style=\"color:#FFFFFF;padding:7px 20px;font-size:16px;line-height:24px;border-color:#c85353;border-radius:0px;-moz-border-radius:0px;-webkit-border-radius:0px;text-shadow:none;-moz-text-shadow:none;-webkit-text-shadow:none\"><i class=\"sui sui-mouse-pointer\" style=\"font-size:16px;color:#FFFFFF\"><\/i>  Als Taschenbuch lesen<\/span><\/a><\/div>\n<p>&nbsp;<\/p>\n","protected":false},"excerpt":{"rendered":"<p><em>Er sollte niemals in ihr Leben treten.<\/em><br \/>\nDoch sie schlitterte ungebremst in seines &#8230;<\/p>\n<p>Mit Verlust kennt Manon sich zur Gen\u00fcge aus. Sie wei\u00df, dass Jahre vergehen k\u00f6nnen, doch der Schmerz nie vollkommen verblasst, wenn man die Menschen verliert, die man liebt. Als sie durch einen Freund vom r\u00e4tselhaften Tod eines Unbekannten erf\u00e4hrt, kann sie an nichts anderes mehr denken. Nicholas Walker hat beschlossen seinem Leben selbst ein Ende zu setzen und damit unbeantwortete Fragen zu hinterlassen. Durch ein unerkl\u00e4rliches Ereignis bekommt ausgerechnet Manon die Chance, Nicks Lebensweg zu ver\u00e4ndern. Sie traut ihren Augen kaum, als sie sich in einer Zeit wiederfindet, die l\u00e4ngst vergangen sein sollte. Und der Mann vor ihr steht, dessen Zeit bereits abgelaufen war \u2026<\/p>\n<p>Doch was, wenn das Schicksal uns eine zweite Chance gibt?<br \/>\nKann sie alles ver\u00e4ndern oder ist der Lauf der Dinge unwiderruflich?<\/p>\n","protected":false},"featured_media":3008539,"comment_status":"closed","ping_status":"closed","template":"","meta":[],"_links":{"self":[{"href":"https:\/\/cherry-publishing.com\/de\/wp-json\/wp\/v2\/product\/3008538"}],"collection":[{"href":"https:\/\/cherry-publishing.com\/de\/wp-json\/wp\/v2\/product"}],"about":[{"href":"https:\/\/cherry-publishing.com\/de\/wp-json\/wp\/v2\/types\/product"}],"replies":[{"embeddable":true,"href":"https:\/\/cherry-publishing.com\/de\/wp-json\/wp\/v2\/comments?post=3008538"}],"wp:featuredmedia":[{"embeddable":true,"href":"https:\/\/cherry-publishing.com\/de\/wp-json\/wp\/v2\/media\/3008539"}],"wp:attachment":[{"href":"https:\/\/cherry-publishing.com\/de\/wp-json\/wp\/v2\/media?parent=3008538"}],"curies":[{"name":"wp","href":"https:\/\/api.w.org\/{rel}","templated":true}]}}