{"id":3008672,"date":"2022-05-23T09:09:55","date_gmt":"2022-05-23T08:09:55","guid":{"rendered":"https:\/\/cherry-publishing.com\/?post_type=product&#038;p=3008672"},"modified":"2022-05-27T13:19:07","modified_gmt":"2022-05-27T12:19:07","slug":"challenging-disasters-finding-us","status":"publish","type":"product","link":"https:\/\/cherry-publishing.com\/de\/romane\/new-adult\/challenging-disasters-finding-us\/","title":{"rendered":"Challenging Disasters : Finding US"},"content":{"rendered":"<div class=\"su-button-center\"><a href=\"https:\/\/amzn.to\/3t1iB38\" class=\"su-button su-button-style-flat su-button-wide\" style=\"color:#FFFFFF;background-color:#b00909;border-color:#8d0808;border-radius:0px;-moz-border-radius:0px;-webkit-border-radius:0px\" target=\"_blank\" rel=\"noopener noreferrer\"><span style=\"color:#FFFFFF;padding:7px 20px;font-size:16px;line-height:24px;border-color:#c85353;border-radius:0px;-moz-border-radius:0px;-webkit-border-radius:0px;text-shadow:none;-moz-text-shadow:none;-webkit-text-shadow:none\"><i class=\"sui sui-mouse-pointer\" style=\"font-size:16px;color:#FFFFFF\"><\/i> Im E-Book lesen<\/span><\/a><\/div>\n<div class=\"su-button-center\"><a href=\"https:\/\/amzn.to\/3t1iB38\" class=\"su-button su-button-style-flat su-button-wide\" style=\"color:#FFFFFF;background-color:#b00909;border-color:#8d0808;border-radius:0px;-moz-border-radius:0px;-webkit-border-radius:0px\" target=\"_blank\" rel=\"noopener noreferrer\"><span style=\"color:#FFFFFF;padding:7px 20px;font-size:16px;line-height:24px;border-color:#c85353;border-radius:0px;-moz-border-radius:0px;-webkit-border-radius:0px;text-shadow:none;-moz-text-shadow:none;-webkit-text-shadow:none\"><i class=\"sui sui-mouse-pointer\" style=\"font-size:16px;color:#FFFFFF\"><\/i>  Als Taschenbuch lesen<\/span><\/a><\/div>\n","protected":false},"excerpt":{"rendered":"[amazon box=\"<span class=\"a-list-item\">B0B1WJ6W4V<\/span>\" template=\"horizontal\"]\n<p>Zwei starke Frauen, eine skrupellose Geheimorganisation und eine denkbar ung\u00fcnstige Zeit, sich zu verlieben &#8230;<\/p>\n<p>Kompliziert ist eine Untertreibung f\u00fcr Ivys Leben. Als Whistleblowerin, die eine der m\u00e4chtigsten Geheimorganisationen des Landes zu Fall bringen will, muss sie ihr Doppelleben streng geheim halten. Auch vor Jacob, einem attraktiven K\u00fcnstler des Montana State Colleges, der durch einen gl\u00fccklichen Zufall ihr Mitbewohner wird und ihr nicht mehr aus dem Kopf gehen will. Unter ihrem Decknamen Imogen plant sie hinter den Kulissen einen erbarmungslosen Angriff gegen Aequitas.<\/p>\n<p>Die T\u00e4towiererin Anouk w\u00e4re die perfekte Partnerin f\u00fcr diesen Plan, denn auch sie hat mit besagter Organisation noch eine Rechnung offen. Bei ihrem Rachefeldzug schreckt sie vor nichts zur\u00fcck. Doch sie vertraut Imogen nicht. Als auch noch der charmante Student Robbie auftaucht und Anouks so sorgsam errichteten Mauern zum Einst\u00fcrzen bringt, ger\u00e4t ihr Vorhaben ins Wanken. Gefangen zwischen Hass und Hoffnung findet sie sich pl\u00f6tzlich in einem verheerenden Showdown wieder, der nicht nur ihr Leben in Gefahr bringt &#8230;<\/p>\n<p>T\u00f6dliche Geheimnisse und ein gnadenloser Kampf um die Freiheit. Hat die Liebe da noch eine Chance?<\/p>\n","protected":false},"featured_media":3008673,"comment_status":"closed","ping_status":"closed","template":"","meta":[],"_links":{"self":[{"href":"https:\/\/cherry-publishing.com\/de\/wp-json\/wp\/v2\/product\/3008672"}],"collection":[{"href":"https:\/\/cherry-publishing.com\/de\/wp-json\/wp\/v2\/product"}],"about":[{"href":"https:\/\/cherry-publishing.com\/de\/wp-json\/wp\/v2\/types\/product"}],"replies":[{"embeddable":true,"href":"https:\/\/cherry-publishing.com\/de\/wp-json\/wp\/v2\/comments?post=3008672"}],"wp:featuredmedia":[{"embeddable":true,"href":"https:\/\/cherry-publishing.com\/de\/wp-json\/wp\/v2\/media\/3008673"}],"wp:attachment":[{"href":"https:\/\/cherry-publishing.com\/de\/wp-json\/wp\/v2\/media?parent=3008672"}],"curies":[{"name":"wp","href":"https:\/\/api.w.org\/{rel}","templated":true}]}}