{"id":3008979,"date":"2022-06-15T06:49:02","date_gmt":"2022-06-15T05:49:02","guid":{"rendered":"https:\/\/cherry-publishing.com\/?post_type=product&#038;p=3008979"},"modified":"2022-06-17T09:21:56","modified_gmt":"2022-06-17T08:21:56","slug":"small-town-doc","status":"publish","type":"product","link":"https:\/\/cherry-publishing.com\/de\/romane\/lgbtq\/small-town-doc\/","title":{"rendered":"Small Town Doc"},"content":{"rendered":"<div class=\"su-button-center\"><a href=\"https:\/\/amzn.to\/3xByui2\" class=\"su-button su-button-style-flat su-button-wide\" style=\"color:#FFFFFF;background-color:#b00909;border-color:#8d0808;border-radius:0px;-moz-border-radius:0px;-webkit-border-radius:0px\" target=\"_blank\" rel=\"noopener noreferrer\"><span style=\"color:#FFFFFF;padding:7px 20px;font-size:16px;line-height:24px;border-color:#c85353;border-radius:0px;-moz-border-radius:0px;-webkit-border-radius:0px;text-shadow:none;-moz-text-shadow:none;-webkit-text-shadow:none\"><i class=\"sui sui-mouse-pointer\" style=\"font-size:16px;color:#FFFFFF\"><\/i> Im E-Book lesen<\/span><\/a><\/div>\n<div class=\"su-button-center\"><a href=\"https:\/\/amzn.to\/3xByui2\" class=\"su-button su-button-style-flat su-button-wide\" style=\"color:#FFFFFF;background-color:#b00909;border-color:#8d0808;border-radius:0px;-moz-border-radius:0px;-webkit-border-radius:0px\" target=\"_blank\" rel=\"noopener noreferrer\"><span style=\"color:#FFFFFF;padding:7px 20px;font-size:16px;line-height:24px;border-color:#c85353;border-radius:0px;-moz-border-radius:0px;-webkit-border-radius:0px;text-shadow:none;-moz-text-shadow:none;-webkit-text-shadow:none\"><i class=\"sui sui-mouse-pointer\" style=\"font-size:16px;color:#FFFFFF\"><\/i>  Als Taschenbuch lesen<\/span><\/a><\/div>\n","protected":false},"excerpt":{"rendered":"[amazon box=\"<span class=\"a-list-item\">B0B4BZ1TT7<\/span>\" template=\"horizontal\"]\n<p><em>\u00bbIch will nicht reden, will nicht, dass Worte diesen Moment zerst\u00f6ren. Ich will ihn nur f\u00fchlen und ein einziges Mal meinem Verlangen nachgeben.\u00ab<\/em><\/p>\n<p>Nach seinem Medizinstudium beginnt Daniel Portman seine Arbeit als praktizierender Arzt in einer verschlafenen Kleinstadt. Er liebt seinen Job und findet schnell Gefallen an der idyllischen Gegend und ihren herzlichen Einwohnern. Ein Patient scheint jedoch eine besondere Herausforderung zu sein: Nathan Brooks \u2013 extravagant, attraktiv und ein Dauergast in seiner neuen Praxis. Der extrovertierte Modedesigner weckt nicht nur Dans Interesse \u2013 er droht auch noch, sein so gut beh\u00fctetes Geheimnis vor der ganzen Stadt zu enth\u00fcllen. W\u00e4hrend Nathan keine Scheu davor hat, sein Interesse offen zu zeigen, k\u00e4mpft Daniel verzweifelt gegen seine Gef\u00fchle an. W\u00e4re da nicht diese magnetische Anziehung, der er kaum widerstehen kann. Zwischen Leidenschaft, Liebe und Moral findet Dan sich in einem inneren Kampf wieder, der ihn alles kosten k\u00f6nnte \u2026<\/p>\n","protected":false},"featured_media":3008980,"comment_status":"closed","ping_status":"closed","template":"","meta":[],"_links":{"self":[{"href":"https:\/\/cherry-publishing.com\/de\/wp-json\/wp\/v2\/product\/3008979"}],"collection":[{"href":"https:\/\/cherry-publishing.com\/de\/wp-json\/wp\/v2\/product"}],"about":[{"href":"https:\/\/cherry-publishing.com\/de\/wp-json\/wp\/v2\/types\/product"}],"replies":[{"embeddable":true,"href":"https:\/\/cherry-publishing.com\/de\/wp-json\/wp\/v2\/comments?post=3008979"}],"wp:featuredmedia":[{"embeddable":true,"href":"https:\/\/cherry-publishing.com\/de\/wp-json\/wp\/v2\/media\/3008980"}],"wp:attachment":[{"href":"https:\/\/cherry-publishing.com\/de\/wp-json\/wp\/v2\/media?parent=3008979"}],"curies":[{"name":"wp","href":"https:\/\/api.w.org\/{rel}","templated":true}]}}