{"id":3009022,"date":"2022-06-21T03:22:34","date_gmt":"2022-06-21T02:22:34","guid":{"rendered":"https:\/\/cherry-publishing.com\/?post_type=product&#038;p=3009022"},"modified":"2022-06-23T17:15:02","modified_gmt":"2022-06-23T16:15:02","slug":"a-glance-at-you","status":"publish","type":"product","link":"https:\/\/cherry-publishing.com\/de\/romane\/young-adult\/a-glance-at-you\/","title":{"rendered":"A Glance At You"},"content":{"rendered":"<div class=\"su-button-center\"><a href=\"https:\/\/amzn.to\/3xVhQdI\" class=\"su-button su-button-style-flat su-button-wide\" style=\"color:#FFFFFF;background-color:#b00909;border-color:#8d0808;border-radius:0px;-moz-border-radius:0px;-webkit-border-radius:0px\" target=\"_blank\" rel=\"noopener noreferrer\"><span style=\"color:#FFFFFF;padding:7px 20px;font-size:16px;line-height:24px;border-color:#c85353;border-radius:0px;-moz-border-radius:0px;-webkit-border-radius:0px;text-shadow:none;-moz-text-shadow:none;-webkit-text-shadow:none\"><i class=\"sui sui-mouse-pointer\" style=\"font-size:16px;color:#FFFFFF\"><\/i> Im E-Book lesen<\/span><\/a><\/div>\n<div class=\"su-button-center\"><a href=\"https:\/\/amzn.to\/3xVhQdI\" class=\"su-button su-button-style-flat su-button-wide\" style=\"color:#FFFFFF;background-color:#b00909;border-color:#8d0808;border-radius:0px;-moz-border-radius:0px;-webkit-border-radius:0px\" target=\"_blank\" rel=\"noopener noreferrer\"><span style=\"color:#FFFFFF;padding:7px 20px;font-size:16px;line-height:24px;border-color:#c85353;border-radius:0px;-moz-border-radius:0px;-webkit-border-radius:0px;text-shadow:none;-moz-text-shadow:none;-webkit-text-shadow:none\"><i class=\"sui sui-mouse-pointer\" style=\"font-size:16px;color:#FFFFFF\"><\/i>  Als Taschenbuch lesen<\/span><\/a><\/div>\n","protected":false},"excerpt":{"rendered":"[amazon box=\"<span class=\"a-list-item\">B0B4BZ1TT7<\/span>\" template=\"horizontal\"]\n<p>Rachel erz\u00e4hlt ihrem besten Freund Ryan alles \u2013 au\u00dfer ihr gr\u00f6\u00dftes Geheimnis. Er darf auf keinen Fall erfahren, dass sie bis \u00fcber beide Ohren in ihn verliebt ist. Rachel ist sich sicher, dass sie als Paar niemals funktionieren w\u00fcrden. Daf\u00fcr sind sie viel zu unterschiedlich. Er: der gefeierte Footballstar der Highschool, sie: der unscheinbare Nerd mit den guten Noten.<br \/>\nDoch in ihrem letzten gemeinsamen Highschool-Jahr steht pl\u00f6tzlich alles Kopf. Rachel und ihre Clique m\u00fcssen sich entscheiden, wie es nach der Schule weitergeht \u2013 und dann lernt sie auch noch Evan kennen. Er ist immer gut gelaunt, m\u00f6chte genau wie Rachel Medizin studieren und schafft es, sie bei jedem Treffen zum Lachen zu bringen.<br \/>\nAlle scheinen ihn zu m\u00f6gen \u2013 au\u00dfer Ryan \u2026<\/p>\n","protected":false},"featured_media":3009023,"comment_status":"closed","ping_status":"closed","template":"","meta":[],"_links":{"self":[{"href":"https:\/\/cherry-publishing.com\/de\/wp-json\/wp\/v2\/product\/3009022"}],"collection":[{"href":"https:\/\/cherry-publishing.com\/de\/wp-json\/wp\/v2\/product"}],"about":[{"href":"https:\/\/cherry-publishing.com\/de\/wp-json\/wp\/v2\/types\/product"}],"replies":[{"embeddable":true,"href":"https:\/\/cherry-publishing.com\/de\/wp-json\/wp\/v2\/comments?post=3009022"}],"wp:featuredmedia":[{"embeddable":true,"href":"https:\/\/cherry-publishing.com\/de\/wp-json\/wp\/v2\/media\/3009023"}],"wp:attachment":[{"href":"https:\/\/cherry-publishing.com\/de\/wp-json\/wp\/v2\/media?parent=3009022"}],"curies":[{"name":"wp","href":"https:\/\/api.w.org\/{rel}","templated":true}]}}