{"id":3009362,"date":"2022-09-27T04:19:31","date_gmt":"2022-09-27T03:19:31","guid":{"rendered":"https:\/\/cherry-publishing.com\/?post_type=product&#038;p=3009362"},"modified":"2023-05-26T15:16:29","modified_gmt":"2023-05-26T14:16:29","slug":"witch-of-devishland-er-kann-dich-finden","status":"publish","type":"product","link":"https:\/\/cherry-publishing.com\/de\/romane\/witch-of-devishland-er-kann-dich-finden\/","title":{"rendered":"Witch of Devishland: Er kann dich finden"},"content":{"rendered":"<div class=\"su-button-center\"><a href=\"https:\/\/amzn.to\/3r890pN\" class=\"su-button su-button-style-flat su-button-wide\" style=\"color:#FFFFFF;background-color:#b00909;border-color:#8d0808;border-radius:0px;-moz-border-radius:0px;-webkit-border-radius:0px\" target=\"_blank\" rel=\"noopener noreferrer\"><span style=\"color:#FFFFFF;padding:7px 20px;font-size:16px;line-height:24px;border-color:#c85353;border-radius:0px;-moz-border-radius:0px;-webkit-border-radius:0px;text-shadow:none;-moz-text-shadow:none;-webkit-text-shadow:none\"><i class=\"sui sui-mouse-pointer\" style=\"font-size:16px;color:#FFFFFF\"><\/i> Im E-Book lesen<\/span><\/a><\/div>\n<div class=\"su-button-center\"><a href=\"https:\/\/amzn.to\/3r890pN\" class=\"su-button su-button-style-flat su-button-wide\" style=\"color:#FFFFFF;background-color:#b00909;border-color:#8d0808;border-radius:0px;-moz-border-radius:0px;-webkit-border-radius:0px\" target=\"_blank\" rel=\"noopener noreferrer\"><span style=\"color:#FFFFFF;padding:7px 20px;font-size:16px;line-height:24px;border-color:#c85353;border-radius:0px;-moz-border-radius:0px;-webkit-border-radius:0px;text-shadow:none;-moz-text-shadow:none;-webkit-text-shadow:none\"><i class=\"sui sui-mouse-pointer\" style=\"font-size:16px;color:#FFFFFF\"><\/i>  Als Taschenbuch lesen<\/span><\/a><\/div>\n","protected":false},"excerpt":{"rendered":"[amazon box=\"<span class=\"a-list-item\">asin<\/span>\" template=\"horizontal\"]\n<p><span class=\"a-text-italic\">Sie ist das Wasser.<br \/>\nEr ist das Feuer.<br \/>\nWer wird wem gehorchen?<\/span><\/p>\n<p>Die Wurzelhexe Ari wird von einem ber\u00fchmten Hexencoven als Arenak\u00e4mpferin in die Hauptstadt berufen. Doch anstatt endlich Anschluss zu finden, ger\u00e4t sie in den Bann des d\u00fcsteren Zauberkriegers Nero, der ihr ganz neue Dimensionen ihrer Hexenlust offenbart. Nach einem Zerw\u00fcrfnis glaubt Ari, diesen Mann niemals wiederzusehen, doch dann wird er ihr als Erster Offizier des Covens vorgestellt, dem sie um jeden Preis angeh\u00f6ren m\u00f6chte \u2026<\/p>\n","protected":false},"featured_media":3009363,"comment_status":"closed","ping_status":"closed","template":"","meta":[],"_links":{"self":[{"href":"https:\/\/cherry-publishing.com\/de\/wp-json\/wp\/v2\/product\/3009362"}],"collection":[{"href":"https:\/\/cherry-publishing.com\/de\/wp-json\/wp\/v2\/product"}],"about":[{"href":"https:\/\/cherry-publishing.com\/de\/wp-json\/wp\/v2\/types\/product"}],"replies":[{"embeddable":true,"href":"https:\/\/cherry-publishing.com\/de\/wp-json\/wp\/v2\/comments?post=3009362"}],"wp:featuredmedia":[{"embeddable":true,"href":"https:\/\/cherry-publishing.com\/de\/wp-json\/wp\/v2\/media\/3009363"}],"wp:attachment":[{"href":"https:\/\/cherry-publishing.com\/de\/wp-json\/wp\/v2\/media?parent=3009362"}],"curies":[{"name":"wp","href":"https:\/\/api.w.org\/{rel}","templated":true}]}}