{"id":3009470,"date":"2022-11-15T12:07:09","date_gmt":"2022-11-15T11:07:09","guid":{"rendered":"https:\/\/cherry-publishing.com\/?post_type=product&#038;p=3009470"},"modified":"2023-07-24T11:48:24","modified_gmt":"2023-07-24T10:48:24","slug":"too-close-to-let-go-vertrauen-california-boys","status":"publish","type":"product","link":"https:\/\/cherry-publishing.com\/de\/romane\/new-adult\/too-close-to-let-go-vertrauen-california-boys\/","title":{"rendered":"Too Close To Let Go: Vertrauen (California Boys)"},"content":{"rendered":"<div class=\"su-button-center\"><a href=\"https:\/\/cherry-publishing.com\" class=\"su-button su-button-style-flat su-button-wide\" style=\"color:#FFFFFF;background-color:#b00909;border-color:#8d0808;border-radius:0px;-moz-border-radius:0px;-webkit-border-radius:0px\" target=\"_self\"><span style=\"color:#FFFFFF;padding:7px 20px;font-size:16px;line-height:24px;border-color:#c85353;border-radius:0px;-moz-border-radius:0px;-webkit-border-radius:0px;text-shadow:none;-moz-text-shadow:none;-webkit-text-shadow:none\"><i class=\"sui sui-mouse-pointer\" style=\"font-size:16px;color:#FFFFFF\"><\/i> Im E-Book lesen<\/span><\/a><\/div>\n<div class=\"su-button-center\"><a href=\"https:\/\/cherry-publishing.com\" class=\"su-button su-button-style-flat su-button-wide\" style=\"color:#FFFFFF;background-color:#b00909;border-color:#8d0808;border-radius:0px;-moz-border-radius:0px;-webkit-border-radius:0px\" target=\"_blank\" rel=\"noopener noreferrer\"><span style=\"color:#FFFFFF;padding:7px 20px;font-size:16px;line-height:24px;border-color:#c85353;border-radius:0px;-moz-border-radius:0px;-webkit-border-radius:0px;text-shadow:none;-moz-text-shadow:none;-webkit-text-shadow:none\"><i class=\"sui sui-mouse-pointer\" style=\"font-size:16px;color:#FFFFFF\"><\/i>  Als Taschenbuch lesen<\/span><\/a><\/div>\n<p>&nbsp;<\/p>\n<p>&nbsp;<\/p>\n","protected":false},"excerpt":{"rendered":"<p><strong><span class=\"a-text-bold a-text-italic\">\u00bbWenn ich etwas will \u2013 und im Moment bist das du \u2013 nehme ich es mir.\u00ab<\/span><\/strong><\/p>\n<p>Aaron Mason lebt\u00a0<span class=\"a-text-italic\">den<\/span>\u00a0Traum: Frontmann einer erfolgreichen Band, Rockstar und verehrt von seinen Fans. Doch er ist durch \u2013 mit dem Management, dem Medienrummel, dem Musikbusiness. Kurzerhand fl\u00fcchtet er in den Mandeville Country Club, wo ihn nichts als Ruhe erwarten soll. Stattdessen steht\u00a0<span class=\"a-text-italic\">er<\/span>\u00a0vor ihm: Ryder Mandeville \u2013 der attraktive Gesch\u00e4ftsf\u00fchrer mit einem wohlgeh\u00fcteten Geheimnis. Seit Jahren spielt er die Rolle des frauenliebenden Country Club Erben und verleugnet sich damit selbst. Gefangen in einem goldenen K\u00e4fig, unternimmt Ryder keinen Versuch, auszubrechen \u2013 bis der t\u00e4towierte S\u00e4nger seine sorgsam errichtete Fassade br\u00f6ckeln l\u00e4sst. Obwohl beide sich dagegen wehren, ist ihre Anziehung zu stark und sie begeben sich auf eine leidenschaftliche Reise, die sie alles kosten k\u00f6nnte \u2026<\/p>\n<p><span class=\"a-text-italic\">Dieser Roman ist in sich abgeschlossen und kann unabh\u00e4ngig von anderen Geschichten gelesen werden.<\/span><\/p>\n","protected":false},"featured_media":3009471,"comment_status":"closed","ping_status":"closed","template":"","meta":[],"_links":{"self":[{"href":"https:\/\/cherry-publishing.com\/de\/wp-json\/wp\/v2\/product\/3009470"}],"collection":[{"href":"https:\/\/cherry-publishing.com\/de\/wp-json\/wp\/v2\/product"}],"about":[{"href":"https:\/\/cherry-publishing.com\/de\/wp-json\/wp\/v2\/types\/product"}],"replies":[{"embeddable":true,"href":"https:\/\/cherry-publishing.com\/de\/wp-json\/wp\/v2\/comments?post=3009470"}],"wp:featuredmedia":[{"embeddable":true,"href":"https:\/\/cherry-publishing.com\/de\/wp-json\/wp\/v2\/media\/3009471"}],"wp:attachment":[{"href":"https:\/\/cherry-publishing.com\/de\/wp-json\/wp\/v2\/media?parent=3009470"}],"curies":[{"name":"wp","href":"https:\/\/api.w.org\/{rel}","templated":true}]}}