{"id":3009535,"date":"2022-12-14T08:47:58","date_gmt":"2022-12-14T07:47:58","guid":{"rendered":"https:\/\/cherry-publishing.com\/?post_type=product&#038;p=3009535"},"modified":"2022-12-14T08:53:17","modified_gmt":"2022-12-14T07:53:17","slug":"kobalee-im-schutz-unserer-herzen","status":"publish","type":"product","link":"https:\/\/cherry-publishing.com\/de\/romane\/erotik\/kobalee-im-schutz-unserer-herzen\/","title":{"rendered":"Kobalee: Im Schutz unserer Herzen"},"content":{"rendered":"<div class=\"su-button-center\"><a href=\"https:\/\/amzn.to\/3FRXnvk\" class=\"su-button su-button-style-flat su-button-wide\" style=\"color:#FFFFFF;background-color:#b00909;border-color:#8d0808;border-radius:0px;-moz-border-radius:0px;-webkit-border-radius:0px\" target=\"_self\"><span style=\"color:#FFFFFF;padding:7px 20px;font-size:16px;line-height:24px;border-color:#c85353;border-radius:0px;-moz-border-radius:0px;-webkit-border-radius:0px;text-shadow:none;-moz-text-shadow:none;-webkit-text-shadow:none\"><i class=\"sui sui-mouse-pointer\" style=\"font-size:16px;color:#FFFFFF\"><\/i> Im E-Book lesen<\/span><\/a><\/div>\n<div class=\"su-button-center\"><a href=\"https:\/\/amzn.to\/3WjuY6D\" class=\"su-button su-button-style-flat su-button-wide\" style=\"color:#FFFFFF;background-color:#b00909;border-color:#8d0808;border-radius:0px;-moz-border-radius:0px;-webkit-border-radius:0px\" target=\"_blank\" rel=\"noopener noreferrer\"><span style=\"color:#FFFFFF;padding:7px 20px;font-size:16px;line-height:24px;border-color:#c85353;border-radius:0px;-moz-border-radius:0px;-webkit-border-radius:0px;text-shadow:none;-moz-text-shadow:none;-webkit-text-shadow:none\"><i class=\"sui sui-mouse-pointer\" style=\"font-size:16px;color:#FFFFFF\"><\/i>  Als Taschenbuch lesen<\/span><\/a><\/div>\n<p>&nbsp;<\/p>\n<p>&nbsp;<\/p>\n","protected":false},"excerpt":{"rendered":"<p><span class=\"a-text-italic\">\u00bbIch werde dich besch\u00fctzen, Kobalee. Komme, was wolle.\u00ab<\/span><\/p>\n<p>Ildir w\u00fcrde alles f\u00fcr Ananda tun. Das hat er sich geschworen. Zur\u00fcck bei der Army lebt er in einem Zwiespalt. Er ist in seinem Element, vereint mit seinen Br\u00fcdern, doch ohne seine Liebe. Zwischen Verpflichtungen und Herzschmerz versucht er, das Richtige zu tun \u2013 nichts ahnend, dass er l\u00e4ngst in einen teuflischen Plan verwickelt ist, der ihn mehr als nur sein Leben kosten k\u00f6nnte.<br \/>\nIndes schwebt Ananda in gro\u00dfer Gefahr: Der Stripperm\u00f6rder ist zur\u00fcck und lechzt nach Rache. Er will das zerst\u00f6ren, was Ildir liebt. Doch nicht nur die Identit\u00e4t des Killers, sondern auch ein Geheimnis seiner Kobalee, werden Ildirs Leben f\u00fcr immer ver\u00e4ndern \u2026<\/p>\n<p>Als Anandas Bruder mit einem schweren Herzleiden im Krankenhaus liegt und sie die Rechnung daf\u00fcr begleichen muss, versucht Ananda auf jede erdenkliche Art Geld aufzutreiben. Dadurch ger\u00e4t nicht nur ihr Leben, sondern auch ihre Beziehung in Gefahr. Doch Ildir hat sich geschworen, Ananda immer zu besch\u00fctzen \u2013 koste es, was es wolle \u2026<\/p>\n","protected":false},"featured_media":3009536,"comment_status":"closed","ping_status":"closed","template":"","meta":[],"_links":{"self":[{"href":"https:\/\/cherry-publishing.com\/de\/wp-json\/wp\/v2\/product\/3009535"}],"collection":[{"href":"https:\/\/cherry-publishing.com\/de\/wp-json\/wp\/v2\/product"}],"about":[{"href":"https:\/\/cherry-publishing.com\/de\/wp-json\/wp\/v2\/types\/product"}],"replies":[{"embeddable":true,"href":"https:\/\/cherry-publishing.com\/de\/wp-json\/wp\/v2\/comments?post=3009535"}],"wp:featuredmedia":[{"embeddable":true,"href":"https:\/\/cherry-publishing.com\/de\/wp-json\/wp\/v2\/media\/3009536"}],"wp:attachment":[{"href":"https:\/\/cherry-publishing.com\/de\/wp-json\/wp\/v2\/media?parent=3009535"}],"curies":[{"name":"wp","href":"https:\/\/api.w.org\/{rel}","templated":true}]}}