{"id":3010036,"date":"2023-05-26T15:07:18","date_gmt":"2023-05-26T14:07:18","guid":{"rendered":"https:\/\/cherry-publishing.com\/?post_type=product&#038;p=3010036"},"modified":"2023-06-27T09:53:50","modified_gmt":"2023-06-27T08:53:50","slug":"too-far-to-hold-on","status":"publish","type":"product","link":"https:\/\/cherry-publishing.com\/de\/romane\/new-adult\/too-far-to-hold-on\/","title":{"rendered":"Too far to hold on"},"content":{"rendered":"<div class=\"su-button-center\"><a href=\"https:\/\/amzn.to\/3ooUjkE\" class=\"su-button su-button-style-flat su-button-wide\" style=\"color:#FFFFFF;background-color:#b00909;border-color:#8d0808;border-radius:0px;-moz-border-radius:0px;-webkit-border-radius:0px\" target=\"_self\"><span style=\"color:#FFFFFF;padding:7px 20px;font-size:16px;line-height:24px;border-color:#c85353;border-radius:0px;-moz-border-radius:0px;-webkit-border-radius:0px;text-shadow:none;-moz-text-shadow:none;-webkit-text-shadow:none\"><i class=\"sui sui-mouse-pointer\" style=\"font-size:16px;color:#FFFFFF\"><\/i> Im E-Book lesen<\/span><\/a><\/div>\n<div class=\"su-button-center\"><a href=\"https:\/\/amzn.to\/45vVqj2\" class=\"su-button su-button-style-flat su-button-wide\" style=\"color:#FFFFFF;background-color:#b00909;border-color:#8d0808;border-radius:0px;-moz-border-radius:0px;-webkit-border-radius:0px\" target=\"_blank\" rel=\"noopener noreferrer\"><span style=\"color:#FFFFFF;padding:7px 20px;font-size:16px;line-height:24px;border-color:#c85353;border-radius:0px;-moz-border-radius:0px;-webkit-border-radius:0px;text-shadow:none;-moz-text-shadow:none;-webkit-text-shadow:none\"><i class=\"sui sui-mouse-pointer\" style=\"font-size:16px;color:#FFFFFF\"><\/i>  Als Taschenbuch lesen<\/span><\/a><\/div>\n<p>&nbsp;<\/p>\n<p>&nbsp;<\/p>\n","protected":false},"excerpt":{"rendered":"<p><span class=\"a-text-bold a-text-italic\">\u00bbIch holte mir, was ich haben wollte. Und in diesem Moment schwor ich mir, Phoenix nicht aufzugeben, egal wie quer sich dieser Mann auch stellen w\u00fcrde.\u00ab<\/span><\/p>\n<p>Der junge Banker Phoenix de la Rosa hat nur ein Ziel: Den Mann vergessen, der ihm das Herz gebrochen hat. Zehn Jahre vergehen in dem erfolglosen Versuch \u2013 einzig sich selbst verliert er auf diesem Weg. Als Jamie \u00fcberraschend vor ihm steht, wird Phoenix zur\u00fcck in die Vergangenheit katapultiert und sieht sich schlagartig mit seinen geheimsten W\u00fcnschen konfrontiert.<br \/>\nJamie Mandrake wusste als Teenager nur einen Ausweg: Sein Zuhause verlassen. Nach dem Ende seiner Musikkarriere wagt er die R\u00fcckkehr, doch der Schmerz und sein Verlangen nach Phoenix scheinen st\u00e4rker denn je. Jamie ist fest entschlossen, seine Fehler wiedergutzumachen.<br \/>\nPhoenix wehrt sich mit aller Macht, doch die Anziehung von damals ist ungebrochen.<br \/>\nSchnell befinden sich die beiden in einem Strudel aus Liebe, Freundschaft und Vergebung, doch die Wunden der Vergangenheit lauern hinter jeder Ecke \u2026<\/p>\n<p><span class=\"a-text-italic\">Jeder Roman dieser Reihe ist in sich abgeschlossen und kann unabh\u00e4ngig von anderen Geschichten gelesen werden. Happy End garantiert!<\/span><\/p>\n","protected":false},"featured_media":3010037,"comment_status":"closed","ping_status":"closed","template":"","meta":[],"_links":{"self":[{"href":"https:\/\/cherry-publishing.com\/de\/wp-json\/wp\/v2\/product\/3010036"}],"collection":[{"href":"https:\/\/cherry-publishing.com\/de\/wp-json\/wp\/v2\/product"}],"about":[{"href":"https:\/\/cherry-publishing.com\/de\/wp-json\/wp\/v2\/types\/product"}],"replies":[{"embeddable":true,"href":"https:\/\/cherry-publishing.com\/de\/wp-json\/wp\/v2\/comments?post=3010036"}],"wp:featuredmedia":[{"embeddable":true,"href":"https:\/\/cherry-publishing.com\/de\/wp-json\/wp\/v2\/media\/3010037"}],"wp:attachment":[{"href":"https:\/\/cherry-publishing.com\/de\/wp-json\/wp\/v2\/media?parent=3010036"}],"curies":[{"name":"wp","href":"https:\/\/api.w.org\/{rel}","templated":true}]}}