{"id":501904,"date":"2021-01-14T15:30:43","date_gmt":"2021-01-14T14:30:43","guid":{"rendered":"https:\/\/cherry-publishing.com\/?page_id=501904"},"modified":"2021-03-30T14:47:24","modified_gmt":"2021-03-30T13:47:24","slug":"manuscritos","status":"publish","type":"page","link":"https:\/\/cherry-publishing.com\/es\/manuscritos\/","title":{"rendered":"Manuscritos"},"content":{"rendered":"\t\t<div data-elementor-type=\"wp-post\" data-elementor-id=\"501904\" class=\"elementor elementor-501904 elementor-19\" data-elementor-settings=\"[]\">\n\t\t\t\t\t\t<div class=\"elementor-inner\">\n\t\t\t\t\t\t\t<div class=\"elementor-section-wrap\">\n\t\t\t\t\t\t\t<section class=\"elementor-section elementor-top-section elementor-element elementor-element-2ebe34e elementor-section-boxed elementor-section-height-default elementor-section-height-default\" data-id=\"2ebe34e\" data-element_type=\"section\">\n\t\t\t\t\t\t<div class=\"elementor-container elementor-column-gap-default\">\n\t\t\t\t\t\t\t<div class=\"elementor-row\">\n\t\t\t\t\t<div class=\"elementor-column elementor-col-100 elementor-top-column elementor-element elementor-element-cc161c3\" data-id=\"cc161c3\" data-element_type=\"column\">\n\t\t\t<div class=\"elementor-column-wrap elementor-element-populated\">\n\t\t\t\t\t\t\t<div class=\"elementor-widget-wrap\">\n\t\t\t\t\t\t<div class=\"elementor-element elementor-element-0c17e72 elementor-widget elementor-widget-heading\" data-id=\"0c17e72\" data-element_type=\"widget\" data-widget_type=\"heading.default\">\n\t\t\t\t<div class=\"elementor-widget-container\">\n\t\t\t<h2 class=\"elementor-heading-title elementor-size-default\">\u00bfPor qu\u00e9 confiarnos tu manuscrito?<\/h2>\t\t<\/div>\n\t\t\t\t<\/div>\n\t\t\t\t\t\t<\/div>\n\t\t\t\t\t<\/div>\n\t\t<\/div>\n\t\t\t\t\t\t\t\t<\/div>\n\t\t\t\t\t<\/div>\n\t\t<\/section>\n\t\t\t\t<section class=\"elementor-section elementor-top-section elementor-element elementor-element-85b1ade elementor-section-boxed elementor-section-height-default elementor-section-height-default\" data-id=\"85b1ade\" data-element_type=\"section\">\n\t\t\t\t\t\t<div class=\"elementor-container elementor-column-gap-default\">\n\t\t\t\t\t\t\t<div class=\"elementor-row\">\n\t\t\t\t\t<div class=\"elementor-column elementor-col-100 elementor-top-column elementor-element elementor-element-3f19f56\" data-id=\"3f19f56\" data-element_type=\"column\">\n\t\t\t<div class=\"elementor-column-wrap elementor-element-populated\">\n\t\t\t\t\t\t\t<div class=\"elementor-widget-wrap\">\n\t\t\t\t\t\t<section class=\"elementor-section elementor-inner-section elementor-element elementor-element-d68261c elementor-section-height-min-height elementor-section-content-middle elementor-section-boxed elementor-section-height-default\" data-id=\"d68261c\" data-element_type=\"section\">\n\t\t\t\t\t\t<div class=\"elementor-container elementor-column-gap-default\">\n\t\t\t\t\t\t\t<div class=\"elementor-row\">\n\t\t\t\t\t<div class=\"elementor-column elementor-col-33 elementor-inner-column elementor-element elementor-element-82d1c6f\" data-id=\"82d1c6f\" data-element_type=\"column\">\n\t\t\t<div class=\"elementor-column-wrap elementor-element-populated\">\n\t\t\t\t\t\t\t<div class=\"elementor-widget-wrap\">\n\t\t\t\t\t\t<div class=\"elementor-element elementor-element-7b521d5 elementor-widget elementor-widget-image\" data-id=\"7b521d5\" data-element_type=\"widget\" data-widget_type=\"image.default\">\n\t\t\t\t<div class=\"elementor-widget-container\">\n\t\t\t\t\t<div class=\"elementor-image\">\n\t\t\t\t\t\t\t\t\t\t<img width=\"600\" height=\"600\" src=\"https:\/\/cherry-publishing.com\/wp-content\/uploads\/2021\/01\/A-UNIQUE-EXPERTISE-3.jpg\" class=\"attachment-large size-large\" alt=\"cherry publishing\" srcset=\"https:\/\/cherry-publishing.com\/wp-content\/uploads\/2021\/01\/A-UNIQUE-EXPERTISE-3.jpg 600w, https:\/\/cherry-publishing.com\/wp-content\/uploads\/2021\/01\/A-UNIQUE-EXPERTISE-3-150x150.jpg 150w, https:\/\/cherry-publishing.com\/wp-content\/uploads\/2021\/01\/A-UNIQUE-EXPERTISE-3-300x300.jpg 300w, https:\/\/cherry-publishing.com\/wp-content\/uploads\/2021\/01\/A-UNIQUE-EXPERTISE-3-599x599.jpg 599w, https:\/\/cherry-publishing.com\/wp-content\/uploads\/2021\/01\/A-UNIQUE-EXPERTISE-3-100x100.jpg 100w\" sizes=\"(max-width: 600px) 100vw, 600px\" \/>\t\t\t\t\t\t\t\t\t\t\t<\/div>\n\t\t\t\t<\/div>\n\t\t\t\t<\/div>\n\t\t\t\t\t\t<\/div>\n\t\t\t\t\t<\/div>\n\t\t<\/div>\n\t\t\t\t<div class=\"elementor-column elementor-col-66 elementor-inner-column elementor-element elementor-element-6173126\" data-id=\"6173126\" data-element_type=\"column\">\n\t\t\t<div class=\"elementor-column-wrap elementor-element-populated\">\n\t\t\t\t\t\t\t<div class=\"elementor-widget-wrap\">\n\t\t\t\t\t\t<div class=\"elementor-element elementor-element-deaed82 elementor-widget elementor-widget-heading\" data-id=\"deaed82\" data-element_type=\"widget\" data-widget_type=\"heading.default\">\n\t\t\t\t<div class=\"elementor-widget-container\">\n\t\t\t<h2 class=\"elementor-heading-title elementor-size-default\">Cherry Publishing: una editorial \u00fanica<\/h2>\t\t<\/div>\n\t\t\t\t<\/div>\n\t\t\t\t<div class=\"elementor-element elementor-element-388de7b elementor-widget elementor-widget-spacer\" data-id=\"388de7b\" data-element_type=\"widget\" data-widget_type=\"spacer.default\">\n\t\t\t\t<div class=\"elementor-widget-container\">\n\t\t\t\t\t<div class=\"elementor-spacer\">\n\t\t\t<div class=\"elementor-spacer-inner\"><\/div>\n\t\t<\/div>\n\t\t\t\t<\/div>\n\t\t\t\t<\/div>\n\t\t\t\t<div class=\"elementor-element elementor-element-d006901 elementor-widget elementor-widget-text-editor\" data-id=\"d006901\" data-element_type=\"widget\" data-widget_type=\"text-editor.default\">\n\t\t\t\t<div class=\"elementor-widget-container\">\n\t\t\t\t\t<div class=\"elementor-text-editor elementor-clearfix\"><p>La editorial Cherry Publishing, fundada en marzo de 2019, se ha posicionado en muy poco tiempo como l\u00edder en publicaciones digitales. Gracias a nuestro at\u00edpico y especial equipo, compuesto por pofesionales web, de una autora-editora y de grandes dise\u00f1adores gr\u00e1ficos, creamos estrategias innovadoras que nos permiten situar todas nuestras novelas en el top 10 de ventas de Amazon por lo menos una vez. Nuestro perfil joven y din\u00e1mico tambi\u00e9n nos acercan m\u00e1s a los autores, ya que entendemos sus preguntas y sus dudas, cosa que nos permite anticiparnos a sus necesidades. M\u00e1s que en un boost de ventas, la fuerza de Cherry Publishing se encuentra en la relaci\u00f3n humana. La relaci\u00f3n editor-autor est\u00e1 siempre en el coraz\u00f3n de nuestro trabajo, y el panel de autores publicados crea la verdadera \u00abCherry Family\u00bb. De hecho, los primeros editores han fundado un grupo de Facebook donde lectores y bloggers pueden interactuar. A d\u00eda de hoy estamos orgullosos de ver c\u00f3mo nuestras novelas son aclamadas por una red de bloggers europeos y de c\u00f3mo nuestros autores defienden sus novelas en varios salones del libro. Finalmente, aunque el romance es la esencia original de la editorial, nos gusta crear nuevas colecciones como Young Adult o Fantas\u00eda, as\u00ed como libros pr\u00e1cticos.<\/p><\/div>\n\t\t\t\t<\/div>\n\t\t\t\t<\/div>\n\t\t\t\t\t\t<\/div>\n\t\t\t\t\t<\/div>\n\t\t<\/div>\n\t\t\t\t\t\t\t\t<\/div>\n\t\t\t\t\t<\/div>\n\t\t<\/section>\n\t\t\t\t<div class=\"elementor-element elementor-element-b4a22bb elementor-widget elementor-widget-heading\" data-id=\"b4a22bb\" data-element_type=\"widget\" data-widget_type=\"heading.default\">\n\t\t\t\t<div class=\"elementor-widget-container\">\n\t\t\t<h2 class=\"elementor-heading-title elementor-size-default\">Buscamos activamente romances inclusivos, con voz propia.\n<\/h2>\t\t<\/div>\n\t\t\t\t<\/div>\n\t\t\t\t\t\t<\/div>\n\t\t\t\t\t<\/div>\n\t\t<\/div>\n\t\t\t\t\t\t\t\t<\/div>\n\t\t\t\t\t<\/div>\n\t\t<\/section>\n\t\t\t\t<section class=\"elementor-section elementor-top-section elementor-element elementor-element-89473d0 elementor-section-content-middle elementor-section-boxed elementor-section-height-default elementor-section-height-default\" data-id=\"89473d0\" data-element_type=\"section\">\n\t\t\t\t\t\t<div class=\"elementor-container elementor-column-gap-default\">\n\t\t\t\t\t\t\t<div class=\"elementor-row\">\n\t\t\t\t\t<div class=\"elementor-column elementor-col-33 elementor-top-column elementor-element elementor-element-1e22a9f\" data-id=\"1e22a9f\" data-element_type=\"column\">\n\t\t\t<div class=\"elementor-column-wrap elementor-element-populated\">\n\t\t\t\t\t\t\t<div class=\"elementor-widget-wrap\">\n\t\t\t\t\t\t<div class=\"elementor-element elementor-element-376f9f7 elementor-widget elementor-widget-heading\" data-id=\"376f9f7\" data-element_type=\"widget\" data-widget_type=\"heading.default\">\n\t\t\t\t<div class=\"elementor-widget-container\">\n\t\t\t<h2 class=\"elementor-heading-title elementor-size-default\">Aceptamos...<\/h2>\t\t<\/div>\n\t\t\t\t<\/div>\n\t\t\t\t<div class=\"elementor-element elementor-element-6715d20 elementor-widget elementor-widget-text-editor\" data-id=\"6715d20\" data-element_type=\"widget\" data-widget_type=\"text-editor.default\">\n\t\t\t\t<div class=\"elementor-widget-container\">\n\t\t\t\t\t<div class=\"elementor-text-editor elementor-clearfix\"><p>Cualquier tipo de romance <em>(estudiamos detenidamente el \u00abDark Soft Romance\u00bb, ya que somos muy precavidos con este g\u00e9nero. Solicitud caso a caso)<\/em><\/p><ul><li>Juvenil\u00a0<\/li><li>Romances imaginarios (fantas\u00eda\/SF&#8230;)<\/li><li>Desarrollo personal<\/li><li>Archivo en formato .pdf, .doc o .docx <strong>CON SINOPSIS EN UNA P\u00c1GINA<\/strong> <em>(incluyendo el desenlace)<\/em><\/li><li>Idiomas: Franc\u00e9s \/ Italiano \/ Ingl\u00e9s \/ Espa\u00f1ol (para enviar un manuscrito en espa\u00f1ol, por favor, manda un correo a mireia(a)greentomatomedia.com\u00a0y sustituir [a] por @.<\/li><\/ul><p>Los manuscritos que contengan violencia injustificada, racismo, sexismo or difamaci\u00f3n<span style=\"text-decoration: underline;\"><strong> no ser\u00e1n estudiados<\/strong><\/span>. Las relaciones t\u00f3xicas tambi\u00e9n quedan excluidas. Queremos promover una literatura inclusiva con <strong>valores contempor\u00e1neos.<\/strong><\/p><p>Por favor, env\u00eda junto a tu manuscrito una sinopsis de una p\u00e1gina m\u00e1ximo (tan solo sobre la novela, tendremos tiempo suficiente para conocernos si trabajamos juntos). Si tienes alg\u00fan problema para enviarnos tu manuscrito, puedes enviarlo directamente a cherrypublishingco(a)gmail.com\u00a0y sustituir [a] por @.<\/p><\/div>\n\t\t\t\t<\/div>\n\t\t\t\t<\/div>\n\t\t\t\t\t\t<\/div>\n\t\t\t\t\t<\/div>\n\t\t<\/div>\n\t\t\t\t<div class=\"elementor-column elementor-col-66 elementor-top-column elementor-element elementor-element-2e8cca3\" data-id=\"2e8cca3\" data-element_type=\"column\">\n\t\t\t<div class=\"elementor-column-wrap elementor-element-populated\">\n\t\t\t\t\t\t\t<div class=\"elementor-widget-wrap\">\n\t\t\t\t\t\t<div class=\"elementor-element elementor-element-4be6553 elementor-widget elementor-widget-spacer\" data-id=\"4be6553\" data-element_type=\"widget\" data-widget_type=\"spacer.default\">\n\t\t\t\t<div class=\"elementor-widget-container\">\n\t\t\t\t\t<div class=\"elementor-spacer\">\n\t\t\t<div class=\"elementor-spacer-inner\"><\/div>\n\t\t<\/div>\n\t\t\t\t<\/div>\n\t\t\t\t<\/div>\n\t\t\t\t<div class=\"elementor-element elementor-element-541aaa1 elementor-widget elementor-widget-image\" data-id=\"541aaa1\" data-element_type=\"widget\" data-widget_type=\"image.default\">\n\t\t\t\t<div class=\"elementor-widget-container\">\n\t\t\t\t\t<div class=\"elementor-image\">\n\t\t\t\t\t\t\t\t\t\t<img width=\"980\" height=\"700\" src=\"https:\/\/cherry-publishing.com\/wp-content\/uploads\/2020\/10\/Hot-romance.png\" class=\"attachment-large size-large\" alt=\"\" srcset=\"https:\/\/cherry-publishing.com\/wp-content\/uploads\/2020\/10\/Hot-romance.png 980w, https:\/\/cherry-publishing.com\/wp-content\/uploads\/2020\/10\/Hot-romance-300x214.png 300w, https:\/\/cherry-publishing.com\/wp-content\/uploads\/2020\/10\/Hot-romance-599x428.png 599w, https:\/\/cherry-publishing.com\/wp-content\/uploads\/2020\/10\/Hot-romance-768x549.png 768w\" sizes=\"(max-width: 980px) 100vw, 980px\" \/>\t\t\t\t\t\t\t\t\t\t\t<\/div>\n\t\t\t\t<\/div>\n\t\t\t\t<\/div>\n\t\t\t\t<div class=\"elementor-element elementor-element-21899a4 elementor-widget elementor-widget-image\" data-id=\"21899a4\" data-element_type=\"widget\" data-widget_type=\"image.default\">\n\t\t\t\t<div class=\"elementor-widget-container\">\n\t\t\t\t\t<div class=\"elementor-image\">\n\t\t\t\t\t\t\t\t\t\t<img width=\"980\" height=\"700\" src=\"https:\/\/cherry-publishing.com\/wp-content\/uploads\/2021\/01\/Hot-romance-3.jpg\" class=\"attachment-large size-large\" alt=\"cherry publishing\" srcset=\"https:\/\/cherry-publishing.com\/wp-content\/uploads\/2021\/01\/Hot-romance-3.jpg 980w, https:\/\/cherry-publishing.com\/wp-content\/uploads\/2021\/01\/Hot-romance-3-300x214.jpg 300w, https:\/\/cherry-publishing.com\/wp-content\/uploads\/2021\/01\/Hot-romance-3-768x549.jpg 768w, https:\/\/cherry-publishing.com\/wp-content\/uploads\/2021\/01\/Hot-romance-3-599x428.jpg 599w\" sizes=\"(max-width: 980px) 100vw, 980px\" \/>\t\t\t\t\t\t\t\t\t\t\t<\/div>\n\t\t\t\t<\/div>\n\t\t\t\t<\/div>\n\t\t\t\t\t\t<\/div>\n\t\t\t\t\t<\/div>\n\t\t<\/div>\n\t\t\t\t\t\t\t\t<\/div>\n\t\t\t\t\t<\/div>\n\t\t<\/section>\n\t\t\t\t<section class=\"elementor-section elementor-top-section elementor-element elementor-element-0f9f6c7 elementor-section-boxed elementor-section-height-default elementor-section-height-default\" data-id=\"0f9f6c7\" data-element_type=\"section\">\n\t\t\t\t\t\t<div class=\"elementor-container elementor-column-gap-default\">\n\t\t\t\t\t\t\t<div class=\"elementor-row\">\n\t\t\t\t\t<div class=\"elementor-column elementor-col-100 elementor-top-column elementor-element elementor-element-fd0b557\" data-id=\"fd0b557\" data-element_type=\"column\">\n\t\t\t<div class=\"elementor-column-wrap elementor-element-populated\">\n\t\t\t\t\t\t\t<div class=\"elementor-widget-wrap\">\n\t\t\t\t\t\t<div class=\"elementor-element elementor-element-0bd0f88 elementor-widget elementor-widget-spacer\" data-id=\"0bd0f88\" data-element_type=\"widget\" data-widget_type=\"spacer.default\">\n\t\t\t\t<div class=\"elementor-widget-container\">\n\t\t\t\t\t<div class=\"elementor-spacer\">\n\t\t\t<div class=\"elementor-spacer-inner\"><\/div>\n\t\t<\/div>\n\t\t\t\t<\/div>\n\t\t\t\t<\/div>\n\t\t\t\t<div class=\"elementor-element elementor-element-acfbbab elementor-widget elementor-widget-heading\" data-id=\"acfbbab\" data-element_type=\"widget\" data-widget_type=\"heading.default\">\n\t\t\t\t<div class=\"elementor-widget-container\">\n\t\t\t<h2 class=\"elementor-heading-title elementor-size-default\">\u00bfTe gustar\u00eda enviarnos tu manuscrito?<\/h2>\t\t<\/div>\n\t\t\t\t<\/div>\n\t\t\t\t\t\t<\/div>\n\t\t\t\t\t<\/div>\n\t\t<\/div>\n\t\t\t\t\t\t\t\t<\/div>\n\t\t\t\t\t<\/div>\n\t\t<\/section>\n\t\t\t\t<section class=\"elementor-section elementor-top-section elementor-element elementor-element-cdced4d elementor-section-boxed elementor-section-height-default elementor-section-height-default\" data-id=\"cdced4d\" data-element_type=\"section\">\n\t\t\t\t\t\t<div class=\"elementor-container elementor-column-gap-default\">\n\t\t\t\t\t\t\t<div class=\"elementor-row\">\n\t\t\t\t\t<div class=\"elementor-column elementor-col-33 elementor-top-column elementor-element elementor-element-2902430\" data-id=\"2902430\" data-element_type=\"column\">\n\t\t\t<div class=\"elementor-column-wrap elementor-element-populated\">\n\t\t\t\t\t\t\t<div class=\"elementor-widget-wrap\">\n\t\t\t\t\t\t<div class=\"elementor-element elementor-element-4a21eaf elementor-widget elementor-widget-spacer\" data-id=\"4a21eaf\" data-element_type=\"widget\" data-widget_type=\"spacer.default\">\n\t\t\t\t<div class=\"elementor-widget-container\">\n\t\t\t\t\t<div class=\"elementor-spacer\">\n\t\t\t<div class=\"elementor-spacer-inner\"><\/div>\n\t\t<\/div>\n\t\t\t\t<\/div>\n\t\t\t\t<\/div>\n\t\t\t\t<div class=\"elementor-element elementor-element-ea49364 elementor-button-align-stretch elementor-widget elementor-widget-form\" data-id=\"ea49364\" data-element_type=\"widget\" data-settings=\"{&quot;step_next_label&quot;:&quot;Suivant&quot;,&quot;step_previous_label&quot;:&quot;Pr\\u00e9c\\u00e9dent&quot;,&quot;button_width&quot;:&quot;100&quot;,&quot;step_type&quot;:&quot;number_text&quot;,&quot;step_icon_shape&quot;:&quot;circle&quot;}\" data-widget_type=\"form.default\">\n\t\t\t\t<div class=\"elementor-widget-container\">\n\t\t\t\t\t<form class=\"elementor-form\" method=\"post\" name=\"New Form\">\n\t\t\t<input type=\"hidden\" name=\"post_id\" value=\"501904\"\/>\n\t\t\t<input type=\"hidden\" name=\"form_id\" value=\"ea49364\"\/>\n\t\t\t<input type=\"hidden\" name=\"referer_title\" value=\"\" \/>\n\n\t\t\t\n\t\t\t<div class=\"elementor-form-fields-wrapper elementor-labels-above\">\n\t\t\t\t\t\t\t\t<div class=\"elementor-field-type-text elementor-field-group elementor-column elementor-field-group-name elementor-col-100\">\n\t\t\t\t\t<label for=\"form-field-name\" class=\"elementor-field-label\">Nombre<\/label><input size=\"1\" type=\"text\" name=\"form_fields[name]\" id=\"form-field-name\" class=\"elementor-field elementor-size-md  elementor-field-textual\" placeholder=\"Name\">\t\t\t\t<\/div>\n\t\t\t\t\t\t\t\t<div class=\"elementor-field-type-email elementor-field-group elementor-column elementor-field-group-email elementor-col-100 elementor-field-required\">\n\t\t\t\t\t<label for=\"form-field-email\" class=\"elementor-field-label\">Email<\/label><input size=\"1\" type=\"email\" name=\"form_fields[email]\" id=\"form-field-email\" class=\"elementor-field elementor-size-md  elementor-field-textual\" placeholder=\"Email\" required=\"required\" aria-required=\"true\">\t\t\t\t<\/div>\n\t\t\t\t\t\t\t\t<div class=\"elementor-field-type-textarea elementor-field-group elementor-column elementor-field-group-message elementor-col-100\">\n\t\t\t\t\t<label for=\"form-field-message\" class=\"elementor-field-label\">Mensaje<\/label><textarea class=\"elementor-field-textual elementor-field  elementor-size-md\" name=\"form_fields[message]\" id=\"form-field-message\" rows=\"4\" placeholder=\"Message\"><\/textarea>\t\t\t\t<\/div>\n\t\t\t\t\t\t\t\t<div class=\"elementor-field-type-upload elementor-field-group elementor-column elementor-field-group-1a3d343 elementor-col-100 elementor-field-required\">\n\t\t\t\t\t<input type=\"file\" name=\"form_fields[1a3d343][]\" id=\"form-field-1a3d343\" class=\"elementor-field elementor-size-md  elementor-upload-field\" required=\"required\" aria-required=\"true\" multiple=\"multiple\" data-maxsize=\"32\" data-maxsize-message=\"Este archivo excede el tama\u00f1o m\u00e1ximo permitido.\">\t\t\t\t<\/div>\n\t\t\t\t\t\t\t\t<div class=\"elementor-field-group elementor-column elementor-field-type-submit elementor-col-100 e-form__buttons\">\n\t\t\t\t\t<button type=\"submit\" class=\"elementor-button elementor-size-md\">\n\t\t\t\t\t\t<span >\n\t\t\t\t\t\t\t\t\t\t\t\t\t\t\t<span class=\" elementor-button-icon\">\n\t\t\t\t\t\t\t\t\t\t\t\t\t\t\t\t\t\t\t\t\t\t\t\t\t\t<\/span>\n\t\t\t\t\t\t\t\t\t\t\t\t\t\t\t\t\t\t\t\t\t\t<span class=\"elementor-button-text\">Env\u00eda<\/span>\n\t\t\t\t\t\t\t\t\t\t\t\t\t<\/span>\n\t\t\t\t\t<\/button>\n\t\t\t\t<\/div>\n\t\t\t<\/div>\n\t\t<\/form>\n\t\t\t\t<\/div>\n\t\t\t\t<\/div>\n\t\t\t\t\t\t<\/div>\n\t\t\t\t\t<\/div>\n\t\t<\/div>\n\t\t\t\t<div class=\"elementor-column elementor-col-66 elementor-top-column elementor-element elementor-element-4d01a85\" data-id=\"4d01a85\" data-element_type=\"column\">\n\t\t\t<div class=\"elementor-column-wrap elementor-element-populated\">\n\t\t\t\t\t\t\t<div class=\"elementor-widget-wrap\">\n\t\t\t\t\t\t<div class=\"elementor-element elementor-element-7b43a11 elementor-widget elementor-widget-spacer\" data-id=\"7b43a11\" data-element_type=\"widget\" data-widget_type=\"spacer.default\">\n\t\t\t\t<div class=\"elementor-widget-container\">\n\t\t\t\t\t<div class=\"elementor-spacer\">\n\t\t\t<div class=\"elementor-spacer-inner\"><\/div>\n\t\t<\/div>\n\t\t\t\t<\/div>\n\t\t\t\t<\/div>\n\t\t\t\t<div class=\"elementor-element elementor-element-b1ac47d elementor-widget elementor-widget-image\" data-id=\"b1ac47d\" data-element_type=\"widget\" data-widget_type=\"image.default\">\n\t\t\t\t<div class=\"elementor-widget-container\">\n\t\t\t\t\t<div class=\"elementor-image\">\n\t\t\t\t\t\t\t\t\t\t<img width=\"980\" height=\"700\" src=\"https:\/\/cherry-publishing.com\/wp-content\/uploads\/2021\/01\/Hot-romance-1.jpg\" class=\"attachment-large size-large\" alt=\"cherry publishing\" srcset=\"https:\/\/cherry-publishing.com\/wp-content\/uploads\/2021\/01\/Hot-romance-1.jpg 980w, https:\/\/cherry-publishing.com\/wp-content\/uploads\/2021\/01\/Hot-romance-1-300x214.jpg 300w, https:\/\/cherry-publishing.com\/wp-content\/uploads\/2021\/01\/Hot-romance-1-768x549.jpg 768w, https:\/\/cherry-publishing.com\/wp-content\/uploads\/2021\/01\/Hot-romance-1-599x428.jpg 599w\" sizes=\"(max-width: 980px) 100vw, 980px\" \/>\t\t\t\t\t\t\t\t\t\t\t<\/div>\n\t\t\t\t<\/div>\n\t\t\t\t<\/div>\n\t\t\t\t\t\t<\/div>\n\t\t\t\t\t<\/div>\n\t\t<\/div>\n\t\t\t\t\t\t\t\t<\/div>\n\t\t\t\t\t<\/div>\n\t\t<\/section>\n\t\t\t\t<section class=\"elementor-section elementor-top-section elementor-element elementor-element-df4edb2 elementor-section-boxed elementor-section-height-default elementor-section-height-default\" data-id=\"df4edb2\" data-element_type=\"section\">\n\t\t\t\t\t\t<div class=\"elementor-container elementor-column-gap-default\">\n\t\t\t\t\t\t\t<div class=\"elementor-row\">\n\t\t\t\t\t<div class=\"elementor-column elementor-col-100 elementor-top-column elementor-element elementor-element-56dee89\" data-id=\"56dee89\" data-element_type=\"column\">\n\t\t\t<div class=\"elementor-column-wrap elementor-element-populated\">\n\t\t\t\t\t\t\t<div class=\"elementor-widget-wrap\">\n\t\t\t\t\t\t<div class=\"elementor-element elementor-element-23a4322 elementor-widget elementor-widget-spacer\" data-id=\"23a4322\" data-element_type=\"widget\" data-widget_type=\"spacer.default\">\n\t\t\t\t<div class=\"elementor-widget-container\">\n\t\t\t\t\t<div class=\"elementor-spacer\">\n\t\t\t<div class=\"elementor-spacer-inner\"><\/div>\n\t\t<\/div>\n\t\t\t\t<\/div>\n\t\t\t\t<\/div>\n\t\t\t\t<div class=\"elementor-element elementor-element-4d06b53 elementor-widget elementor-widget-text-editor\" data-id=\"4d06b53\" data-element_type=\"widget\" data-widget_type=\"text-editor.default\">\n\t\t\t\t<div class=\"elementor-widget-container\">\n\t\t\t\t\t<div class=\"elementor-text-editor elementor-clearfix\"><p>Por la gran cantidad de solicitudes que recibimos, nuestro tiempo de respuesta es variable y puede demorarse varios meses. Por favor, no nos env\u00edes un recordatorio, ya que solo alargar\u00e1 el proceso de los manuscritos que ya hemos recibido. Hacemos lo que podemos para dar una respuesta a autores\/as lo antes posible. Enviar una sinopsis completa (que incluya todos los giros de la historia) ayuda a que podamos dar una respuesta m\u00e1s r\u00e1pida. Somos un equipo peque\u00f1o y nos tomamos un tiempo para valorar cada manuscrito, ya que respetamos el trabajo y la motivaci\u00f3n que le pon\u00e9is a vuestras historias. Gracias por entenderlo.<\/p><\/div>\n\t\t\t\t<\/div>\n\t\t\t\t<\/div>\n\t\t\t\t\t\t<\/div>\n\t\t\t\t\t<\/div>\n\t\t<\/div>\n\t\t\t\t\t\t\t\t<\/div>\n\t\t\t\t\t<\/div>\n\t\t<\/section>\n\t\t\t\t\t\t<\/div>\n\t\t\t\t\t\t<\/div>\n\t\t\t\t\t<\/div>\n\t\t","protected":false},"excerpt":{"rendered":"<p>\u00bfPor qu\u00e9 confiarnos tu manuscrito? Cherry Publishing: una editorial \u00fanica La editorial Cherry Publishing, fundada en marzo de 2019, se ha posicionado en muy poco tiempo como l\u00edder en publicaciones digitales. Gracias a nuestro at\u00edpico y especial equipo, compuesto por pofesionales web, de una autora-editora y de grandes dise\u00f1adores gr\u00e1ficos, creamos estrategias innovadoras que nos permiten situar todas nuestras novelas en el top 10 de ventas de Amazon por lo menos una vez. Nuestro perfil joven y din\u00e1mico tambi\u00e9n nos &#8230; <\/p>\n<p class=\"read-more-container\"><a title=\"Manuscritos\" class=\"read-more button\" href=\"https:\/\/cherry-publishing.com\/es\/manuscritos\/#more-501904\">Lire la suite<span class=\"screen-reader-text\">Manuscritos<\/span><\/a><\/p>\n","protected":false},"author":1,"featured_media":0,"parent":0,"menu_order":0,"comment_status":"closed","ping_status":"closed","template":"","meta":[],"_links":{"self":[{"href":"https:\/\/cherry-publishing.com\/es\/wp-json\/wp\/v2\/pages\/501904"}],"collection":[{"href":"https:\/\/cherry-publishing.com\/es\/wp-json\/wp\/v2\/pages"}],"about":[{"href":"https:\/\/cherry-publishing.com\/es\/wp-json\/wp\/v2\/types\/page"}],"author":[{"embeddable":true,"href":"https:\/\/cherry-publishing.com\/es\/wp-json\/wp\/v2\/users\/1"}],"replies":[{"embeddable":true,"href":"https:\/\/cherry-publishing.com\/es\/wp-json\/wp\/v2\/comments?post=501904"}],"version-history":[{"count":35,"href":"https:\/\/cherry-publishing.com\/es\/wp-json\/wp\/v2\/pages\/501904\/revisions"}],"predecessor-version":[{"id":2503169,"href":"https:\/\/cherry-publishing.com\/es\/wp-json\/wp\/v2\/pages\/501904\/revisions\/2503169"}],"wp:attachment":[{"href":"https:\/\/cherry-publishing.com\/es\/wp-json\/wp\/v2\/media?parent=501904"}],"curies":[{"name":"wp","href":"https:\/\/api.w.org\/{rel}","templated":true}]}}