{"id":2503446,"date":"2021-04-16T16:25:53","date_gmt":"2021-04-16T15:25:53","guid":{"rendered":"https:\/\/cherry-publishing.com\/?post_type=product&#038;p=2503446"},"modified":"2021-06-10T11:13:24","modified_gmt":"2021-06-10T10:13:24","slug":"refugio-de-letras","status":"publish","type":"product","link":"https:\/\/cherry-publishing.com\/es\/novelas\/romance\/new-adult\/refugio-de-letras\/","title":{"rendered":"Refugio de Letras"},"content":{"rendered":"<div class=\"su-button-center\"><a href=\"https:\/\/www.amazon.es\/dp\/B092NXL36Y?&amp;linkCode=ll1&amp;tag=kdp2es-21&amp;linkId=326316c05650657045514ac1f47435fa&amp;language=es_ES&amp;ref_=as_li_ss_tl\" class=\"su-button su-button-style-flat su-button-wide\" style=\"color:#FFFFFF;background-color:#b00909;border-color:#8d0808;border-radius:0px;-moz-border-radius:0px;-webkit-border-radius:0px\" target=\"_blank\" rel=\"noopener noreferrer\"><span style=\"color:#FFFFFF;padding:7px 20px;font-size:16px;line-height:24px;border-color:#c85353;border-radius:0px;-moz-border-radius:0px;-webkit-border-radius:0px;text-shadow:none;-moz-text-shadow:none;-webkit-text-shadow:none\"><i class=\"sui sui-mouse-pointer\" style=\"font-size:16px;color:#FFFFFF\"><\/i> Leer en e-book<\/span><\/a><\/div>\n<div>\n<div class=\"font_preload\" style=\"opacity: 0;\"><\/div>\n<\/div>\n","protected":false},"excerpt":{"rendered":"<p>Olivia vive en un peque\u00f1o pueblo de Inglaterra donde nunca pasa nada. O casi nunca.<\/p>\n<p>Despu\u00e9s de la muerte de su padre, Sam regresa de Espa\u00f1a, donde reside desde hace a\u00f1os, para vender la propiedad que este le dej\u00f3. El destino har\u00e1 que sea Olivia quien tenga que encargarse de la venta.<\/p>\n<p>Sus vidas dan un vuelco cuando vuelven a verse. Ella intentar\u00e1 dejar el rencor por lo que sucedi\u00f3 entre ellos a\u00f1os atr\u00e1s para conocer al nuevo Sam, un hombre inteligente, guapo y enigm\u00e1tico. \u00c9l, a su vez, intentar\u00e1 sanar las heridas que hicieron que se marchara del pueblo.<\/p>\n<p>Una vieja biblioteca y un antiguo amor prohibido dar\u00e1n paso a un nuevo amor, intenso e inesperado, que cambiar\u00e1 sus vidas para siempre.<\/p>\n<div>\n<div class=\"font_preload\" style=\"opacity: 0;\"><\/div>\n<\/div>\n","protected":false},"featured_media":2503463,"comment_status":"closed","ping_status":"closed","template":"","meta":[],"_links":{"self":[{"href":"https:\/\/cherry-publishing.com\/es\/wp-json\/wp\/v2\/product\/2503446"}],"collection":[{"href":"https:\/\/cherry-publishing.com\/es\/wp-json\/wp\/v2\/product"}],"about":[{"href":"https:\/\/cherry-publishing.com\/es\/wp-json\/wp\/v2\/types\/product"}],"replies":[{"embeddable":true,"href":"https:\/\/cherry-publishing.com\/es\/wp-json\/wp\/v2\/comments?post=2503446"}],"wp:featuredmedia":[{"embeddable":true,"href":"https:\/\/cherry-publishing.com\/es\/wp-json\/wp\/v2\/media\/2503463"}],"wp:attachment":[{"href":"https:\/\/cherry-publishing.com\/es\/wp-json\/wp\/v2\/media?parent=2503446"}],"curies":[{"name":"wp","href":"https:\/\/api.w.org\/{rel}","templated":true}]}}