{"id":2503505,"date":"2021-04-26T16:22:40","date_gmt":"2021-04-26T15:22:40","guid":{"rendered":"https:\/\/cherry-publishing.com\/?post_type=product&#038;p=2503505"},"modified":"2021-06-10T09:32:55","modified_gmt":"2021-06-10T08:32:55","slug":"amor-rock-y-otras-canciones","status":"publish","type":"product","link":"https:\/\/cherry-publishing.com\/es\/novelas\/romance\/young-adult\/amor-rock-y-otras-canciones\/","title":{"rendered":"Amor, rock, y otras canciones"},"content":{"rendered":"<div class=\"su-button-center\"><a href=\"https:\/\/www.amazon.es\/dp\/B0938KYFGY?&amp;linkCode=sl1&amp;tag=kdp2es-21&amp;linkId=b4aa4b96b078e35eca5df11ecda814c6&amp;language=es_ES&amp;ref_=as_li_ss_tl\" class=\"su-button su-button-style-flat su-button-wide\" style=\"color:#FFFFFF;background-color:#b00909;border-color:#8d0808;border-radius:0px;-moz-border-radius:0px;-webkit-border-radius:0px\" target=\"_blank\" rel=\"noopener noreferrer\"><span style=\"color:#FFFFFF;padding:7px 20px;font-size:16px;line-height:24px;border-color:#c85353;border-radius:0px;-moz-border-radius:0px;-webkit-border-radius:0px;text-shadow:none;-moz-text-shadow:none;-webkit-text-shadow:none\"><i class=\"sui sui-mouse-pointer\" style=\"font-size:16px;color:#FFFFFF\"><\/i> Leer en e-book<\/span><\/a><\/div>\n<div class=\"su-button-center\"><a href=\"https:\/\/www.amazon.es\/Amor-rock-y-otras-canciones\/dp\/180116083X\/ref=tmm_pap_swatch_0?_encoding=UTF8&amp;qid=&amp;sr=\" class=\"su-button su-button-style-flat su-button-wide\" style=\"color:#FFFFFF;background-color:#b00909;border-color:#8d0808;border-radius:0px;-moz-border-radius:0px;-webkit-border-radius:0px\" target=\"_blank\" rel=\"noopener noreferrer\"><span style=\"color:#FFFFFF;padding:7px 20px;font-size:16px;line-height:24px;border-color:#c85353;border-radius:0px;-moz-border-radius:0px;-webkit-border-radius:0px;text-shadow:none;-moz-text-shadow:none;-webkit-text-shadow:none\"><i class=\"sui sui-mouse-pointer\" style=\"font-size:16px;color:#FFFFFF\"><\/i> Leer en tapa blanda<\/span><\/a><\/div>\n<div class=\"font_preload\" style=\"opacity: 0;\"><\/div>\n","protected":false},"excerpt":{"rendered":"<p>Tras ser expulsada de la universidad, la atolondrada Chloe Williams no sabe qu\u00e9 hacer con su vida. No le queda m\u00e1s remedio que volver a casa, en el peque\u00f1o pueblo de Ystrad, donde parece que todo ha cambiado. La m\u00fasica siempre ha sido la mejor amiga de Chloe, y es entre discos y rock donde se le presenta una oportunidad que cambiar\u00e1 su vida: formar un grupo de rock liderado por su antiguo amor plat\u00f3nico de la adolescencia, Adam Baker. Unos ojos azules y misteriosos de cuyo embrujo Chloe no podr\u00e1 escapar, pese a conocer las consecuencias de mirarlos. Un amor a destiempo y secreto, pero tan apasionante como el mejor riff de guitarra. \u00bfSer\u00e1n capaces de mantener el secreto? \u00bfDe fingir que el amor no les duele?<\/p>\n","protected":false},"featured_media":2503506,"comment_status":"closed","ping_status":"closed","template":"","meta":[],"_links":{"self":[{"href":"https:\/\/cherry-publishing.com\/es\/wp-json\/wp\/v2\/product\/2503505"}],"collection":[{"href":"https:\/\/cherry-publishing.com\/es\/wp-json\/wp\/v2\/product"}],"about":[{"href":"https:\/\/cherry-publishing.com\/es\/wp-json\/wp\/v2\/types\/product"}],"replies":[{"embeddable":true,"href":"https:\/\/cherry-publishing.com\/es\/wp-json\/wp\/v2\/comments?post=2503505"}],"wp:featuredmedia":[{"embeddable":true,"href":"https:\/\/cherry-publishing.com\/es\/wp-json\/wp\/v2\/media\/2503506"}],"wp:attachment":[{"href":"https:\/\/cherry-publishing.com\/es\/wp-json\/wp\/v2\/media?parent=2503505"}],"curies":[{"name":"wp","href":"https:\/\/api.w.org\/{rel}","templated":true}]}}