{"id":2503782,"date":"2021-05-17T22:05:03","date_gmt":"2021-05-17T21:05:03","guid":{"rendered":"https:\/\/cherry-publishing.com\/?post_type=product&#038;p=2503782"},"modified":"2021-10-15T11:48:12","modified_gmt":"2021-10-15T10:48:12","slug":"mackeiny","status":"publish","type":"product","link":"https:\/\/cherry-publishing.com\/es\/novelas\/romance\/historico\/mackeiny\/","title":{"rendered":"MacKeiny"},"content":{"rendered":"<div class=\"su-button-center\"><a href=\"https:\/\/www.amazon.es\/dp\/B094WZY7J4?&amp;linkCode=ll1&amp;tag=kdp2es-21&amp;linkId=3ecc19905c46a7af6fbd53591f6cf414&amp;language=es_ES&amp;ref_=as_li_ss_tl\" class=\"su-button su-button-style-flat su-button-wide\" style=\"color:#FFFFFF;background-color:#b00909;border-color:#8d0808;border-radius:0px;-moz-border-radius:0px;-webkit-border-radius:0px\" target=\"_blank\" rel=\"noopener noreferrer\"><span style=\"color:#FFFFFF;padding:7px 20px;font-size:16px;line-height:24px;border-color:#c85353;border-radius:0px;-moz-border-radius:0px;-webkit-border-radius:0px;text-shadow:none;-moz-text-shadow:none;-webkit-text-shadow:none\"><i class=\"sui sui-mouse-pointer\" style=\"font-size:16px;color:#FFFFFF\"><\/i> Leer en e-book<\/span><\/a><\/div>\n<div class=\"su-button-center\"><a href=\"https:\/\/www.amazon.es\/MacKeiny-Mabel-Cea-Becerra\/dp\/1801160953?_encoding=UTF8&amp;qid=&amp;sr=&amp;linkCode=ll1&amp;tag=kdp2es-21&amp;linkId=e3afc3fa18a9dfdba6505c0d2e54454b&amp;language=es_ES&amp;ref_=as_li_ss_tl\" class=\"su-button su-button-style-flat su-button-wide\" style=\"color:#FFFFFF;background-color:#b00909;border-color:#8d0808;border-radius:0px;-moz-border-radius:0px;-webkit-border-radius:0px\" target=\"_blank\" rel=\"noopener noreferrer\"><span style=\"color:#FFFFFF;padding:7px 20px;font-size:16px;line-height:24px;border-color:#c85353;border-radius:0px;-moz-border-radius:0px;-webkit-border-radius:0px;text-shadow:none;-moz-text-shadow:none;-webkit-text-shadow:none\"><i class=\"sui sui-mouse-pointer\" style=\"font-size:16px;color:#FFFFFF\"><\/i> Leer en tapa blanda<\/span><\/a><\/div>\n<div class=\"font_preload\" style=\"opacity: 0;\"><\/div>\n","protected":false},"excerpt":{"rendered":"<p>Tras quedar hu\u00e9rfanos, Nineth y su hermano peque\u00f1o ponen rumbo a tierras inglesas, donde Nineth trabajar\u00e1 como doncella de la reina Clarissa.A\u00f1os m\u00e1s tarde, volver\u00e1 a las Highlands para celebrar los juegos en los que la princesa Sienna tendr\u00e1 que escoger a su futuro marido. All\u00ed se reencontrar\u00e1 con su hermano, que hab\u00eda dejado Inglaterra para volver a su tierra natal.Convertida en una guerrera, ir\u00e1 viendo c\u00f3mo sus amigos van encontrando el amor, sin embargo ella no lograr\u00e1 hallar al hombre adecuado. Ir\u00e1 cautivando el coraz\u00f3n de distintos hombres, pero no podr\u00e1 hacer realidad su deseo m\u00e1s profundo. Solo aquel quien le profese un amor verdadero ser\u00e1 digno de su cari\u00f1o y, por caprichos del destino, puede que lo haya tenido delante todo este tiempo.<\/p>\n","protected":false},"featured_media":2503783,"comment_status":"closed","ping_status":"closed","template":"","meta":[],"_links":{"self":[{"href":"https:\/\/cherry-publishing.com\/es\/wp-json\/wp\/v2\/product\/2503782"}],"collection":[{"href":"https:\/\/cherry-publishing.com\/es\/wp-json\/wp\/v2\/product"}],"about":[{"href":"https:\/\/cherry-publishing.com\/es\/wp-json\/wp\/v2\/types\/product"}],"replies":[{"embeddable":true,"href":"https:\/\/cherry-publishing.com\/es\/wp-json\/wp\/v2\/comments?post=2503782"}],"wp:featuredmedia":[{"embeddable":true,"href":"https:\/\/cherry-publishing.com\/es\/wp-json\/wp\/v2\/media\/2503783"}],"wp:attachment":[{"href":"https:\/\/cherry-publishing.com\/es\/wp-json\/wp\/v2\/media?parent=2503782"}],"curies":[{"name":"wp","href":"https:\/\/api.w.org\/{rel}","templated":true}]}}