{"id":2504132,"date":"2021-06-03T16:06:36","date_gmt":"2021-06-03T15:06:36","guid":{"rendered":"https:\/\/cherry-publishing.com\/?post_type=product&#038;p=2504132"},"modified":"2021-06-11T15:08:01","modified_gmt":"2021-06-11T14:08:01","slug":"ana-belen-moreno","status":"publish","type":"product","link":"https:\/\/cherry-publishing.com\/es\/autores\/ana-belen-moreno\/","title":{"rendered":"Ana Bel\u00e9n Moreno"},"content":{"rendered":"<h2 style=\"text-align: center;\"><strong>Sus libros<\/strong><\/h2>\n<p style=\"text-align: center;\"><div class=\"woocommerce columns-4 \"><ul class=\"products columns-4\">\n<li class=\"sales-flash-overlay woocommerce-text-align-center woocommerce-image-align-center do-quantity-buttons product type-product post-2506553 status-publish first instock product_cat-new-adult has-post-thumbnail shipping-taxable product-type-simple\">\n\t<\/li>\n<li class=\"sales-flash-overlay woocommerce-text-align-center woocommerce-image-align-center do-quantity-buttons product type-product post-2504133 status-publish instock product_cat-new-adult has-post-thumbnail shipping-taxable product-type-simple\">\n\t<\/li>\n<\/ul>\n<\/div>\n","protected":false},"excerpt":{"rendered":"<p>Ana Bel\u00e9n Moreno, nacida en mayo de 1999, es una joven estudiante de Relaciones Laborales que no puede vivir sin libros. Escribe esas locuras que pasan por su cabeza y, al final, no le quedan tan mal. T\u00edmida hasta que le hablas sobre libros o el cine de superh\u00e9roes, comenz\u00f3 a escribir para evadirse de la realidad y public\u00f3 su primer libro <a href=\"https:\/\/cherry-publishing.com\/es\/novelas\/romance\/new-adult\/la-propuesta\/\">La propuesta<\/a>.<\/p>\n","protected":false},"featured_media":2504416,"comment_status":"closed","ping_status":"closed","template":"","meta":[],"_links":{"self":[{"href":"https:\/\/cherry-publishing.com\/es\/wp-json\/wp\/v2\/product\/2504132"}],"collection":[{"href":"https:\/\/cherry-publishing.com\/es\/wp-json\/wp\/v2\/product"}],"about":[{"href":"https:\/\/cherry-publishing.com\/es\/wp-json\/wp\/v2\/types\/product"}],"replies":[{"embeddable":true,"href":"https:\/\/cherry-publishing.com\/es\/wp-json\/wp\/v2\/comments?post=2504132"}],"wp:featuredmedia":[{"embeddable":true,"href":"https:\/\/cherry-publishing.com\/es\/wp-json\/wp\/v2\/media\/2504416"}],"wp:attachment":[{"href":"https:\/\/cherry-publishing.com\/es\/wp-json\/wp\/v2\/media?parent=2504132"}],"curies":[{"name":"wp","href":"https:\/\/api.w.org\/{rel}","templated":true}]}}