{"id":2504133,"date":"2021-06-03T16:10:05","date_gmt":"2021-06-03T15:10:05","guid":{"rendered":"https:\/\/cherry-publishing.com\/?post_type=product&#038;p=2504133"},"modified":"2021-06-04T11:05:38","modified_gmt":"2021-06-04T10:05:38","slug":"la-propuesta","status":"publish","type":"product","link":"https:\/\/cherry-publishing.com\/es\/novelas\/romance\/new-adult\/la-propuesta\/","title":{"rendered":"La Propuesta"},"content":{"rendered":"<div class=\"su-button-center\"><a href=\"https:\/\/www.amazon.es\/dp\/B096LTDPJ4?&amp;linkCode=sl1&amp;tag=kdp2es-21&amp;linkId=9c57058c10671420afc3cb0340c1f1e5&amp;language=es_ES&amp;ref_=as_li_ss_tl\" class=\"su-button su-button-style-flat su-button-wide\" style=\"color:#FFFFFF;background-color:#b00909;border-color:#8d0808;border-radius:0px;-moz-border-radius:0px;-webkit-border-radius:0px\" target=\"_blank\" rel=\"noopener noreferrer\"><span style=\"color:#FFFFFF;padding:7px 20px;font-size:16px;line-height:24px;border-color:#c85353;border-radius:0px;-moz-border-radius:0px;-webkit-border-radius:0px;text-shadow:none;-moz-text-shadow:none;-webkit-text-shadow:none\"><i class=\"sui sui-mouse-pointer\" style=\"font-size:16px;color:#FFFFFF\"><\/i> Leer en e-book<\/span><\/a><\/div>\n<div class=\"su-button-center\"><a href=\"https:\/\/www.amazon.es\/dp\/B096LTDPJ4?&amp;linkCode=sl1&amp;tag=kdp2es-21&amp;linkId=9c57058c10671420afc3cb0340c1f1e5&amp;language=es_ES&amp;ref_=as_li_ss_tl\" class=\"su-button su-button-style-flat su-button-wide\" style=\"color:#FFFFFF;background-color:#b00909;border-color:#8d0808;border-radius:0px;-moz-border-radius:0px;-webkit-border-radius:0px\" target=\"_blank\" rel=\"noopener noreferrer\"><span style=\"color:#FFFFFF;padding:7px 20px;font-size:16px;line-height:24px;border-color:#c85353;border-radius:0px;-moz-border-radius:0px;-webkit-border-radius:0px;text-shadow:none;-moz-text-shadow:none;-webkit-text-shadow:none\"><i class=\"sui sui-mouse-pointer\" style=\"font-size:16px;color:#FFFFFF\"><\/i> Leer en tapa blanda<\/span><\/a><\/div>\n<div class=\"su-youtube su-u-responsive-media-yes\"><iframe width=\"500\" height=\"400\" src=\"https:\/\/www.youtube.com\/embed\/6ACdRb96Uig?\" frameborder=\"0\" allowfullscreen allow=\"autoplay; encrypted-media; picture-in-picture\" title=\"\"><\/iframe><\/div>\n<div class=\"font_preload\" style=\"opacity: 0;\"><\/div>\n","protected":false},"excerpt":{"rendered":"<p>Brooklyn y su man\u00eda de no pensar antes de hablar.<\/p>\n<p>Alexander y su repentina sinceridad.<\/p>\n<p>Aaron y el v\u00eddeo que public\u00f3 de su hermano.Todo comienza con ese v\u00eddeo y la pregunta que cruza por la mente de Brook al verlo. Una pregunta que cambiar\u00e1 totalmente las vidas de Alexander M\u00fcller y Brooklyn Williams.<\/p>\n<p><i data-stringify-type=\"italic\">\u00ab\u00bfPor qu\u00e9 no puedes mantener la boca cerrada, Brooklyn?\u00bb.<\/i><\/p>\n","protected":false},"featured_media":2504134,"comment_status":"closed","ping_status":"closed","template":"","meta":[],"_links":{"self":[{"href":"https:\/\/cherry-publishing.com\/es\/wp-json\/wp\/v2\/product\/2504133"}],"collection":[{"href":"https:\/\/cherry-publishing.com\/es\/wp-json\/wp\/v2\/product"}],"about":[{"href":"https:\/\/cherry-publishing.com\/es\/wp-json\/wp\/v2\/types\/product"}],"replies":[{"embeddable":true,"href":"https:\/\/cherry-publishing.com\/es\/wp-json\/wp\/v2\/comments?post=2504133"}],"wp:featuredmedia":[{"embeddable":true,"href":"https:\/\/cherry-publishing.com\/es\/wp-json\/wp\/v2\/media\/2504134"}],"wp:attachment":[{"href":"https:\/\/cherry-publishing.com\/es\/wp-json\/wp\/v2\/media?parent=2504133"}],"curies":[{"name":"wp","href":"https:\/\/api.w.org\/{rel}","templated":true}]}}