{"id":2504298,"date":"2021-06-10T11:06:03","date_gmt":"2021-06-10T10:06:03","guid":{"rendered":"https:\/\/cherry-publishing.com\/?post_type=product&#038;p=2504298"},"modified":"2021-06-11T15:06:09","modified_gmt":"2021-06-11T14:06:09","slug":"laura-riera-ferron","status":"publish","type":"product","link":"https:\/\/cherry-publishing.com\/es\/autores\/laura-riera-ferron\/","title":{"rendered":"Laura Riera Ferr\u00f3n"},"content":{"rendered":"<h2 style=\"text-align: center;\"><strong>Sus libros<\/strong><\/h2>\n<p style=\"text-align: center;\"><div class=\"woocommerce columns-4 \"><ul class=\"products columns-4\">\n<li class=\"sales-flash-overlay woocommerce-text-align-center woocommerce-image-align-center do-quantity-buttons product type-product post-2502801 status-publish first instock product_cat-novela-erotica has-post-thumbnail shipping-taxable product-type-simple\">\n\t<\/li>\n<\/ul>\n<\/div>\n","protected":false},"excerpt":{"rendered":"<p>Laura Riera Ferr\u00f3n naci\u00f3 en Moi\u00e0, Barcelona, el d\u00eda de Navidad del a\u00f1o 1995. Su primer contacto con el mundo de la escritura fue a trav\u00e9s de la plataforma Wattpad, superando algunas de sus historias las 300.000 lecturas. <a href=\"https:\/\/cherry-publishing.com\/es\/novelas\/romance\/novela-erotica\/un-romance-entre-rejas\/\">Un romance entre rejas<\/a> es su primera novela publicada.<\/p>\n","protected":false},"featured_media":2504421,"comment_status":"closed","ping_status":"closed","template":"","meta":[],"_links":{"self":[{"href":"https:\/\/cherry-publishing.com\/es\/wp-json\/wp\/v2\/product\/2504298"}],"collection":[{"href":"https:\/\/cherry-publishing.com\/es\/wp-json\/wp\/v2\/product"}],"about":[{"href":"https:\/\/cherry-publishing.com\/es\/wp-json\/wp\/v2\/types\/product"}],"replies":[{"embeddable":true,"href":"https:\/\/cherry-publishing.com\/es\/wp-json\/wp\/v2\/comments?post=2504298"}],"wp:featuredmedia":[{"embeddable":true,"href":"https:\/\/cherry-publishing.com\/es\/wp-json\/wp\/v2\/media\/2504421"}],"wp:attachment":[{"href":"https:\/\/cherry-publishing.com\/es\/wp-json\/wp\/v2\/media?parent=2504298"}],"curies":[{"name":"wp","href":"https:\/\/api.w.org\/{rel}","templated":true}]}}