{"id":2505387,"date":"2021-08-26T16:24:28","date_gmt":"2021-08-26T15:24:28","guid":{"rendered":"https:\/\/cherry-publishing.com\/?post_type=product&#038;p=2505387"},"modified":"2022-05-11T10:53:08","modified_gmt":"2022-05-11T09:53:08","slug":"la-ultima-musa","status":"publish","type":"product","link":"https:\/\/cherry-publishing.com\/es\/novelas\/romance\/fantasia\/la-ultima-musa\/","title":{"rendered":"La \u00faltima musa"},"content":{"rendered":"<div class=\"su-button-center\"><a href=\"https:\/\/www.amazon.es\/dp\/B09DT4PXNG?&amp;linkCode=ll1&amp;tag=kdp2es-21&amp;linkId=7a4df46e9ab24025adf3b7ccacfabfe9&amp;language=es_ES&amp;ref_=as_li_ss_tl\" class=\"su-button su-button-style-flat su-button-wide\" style=\"color:#FFFFFF;background-color:#b00909;border-color:#8d0808;border-radius:0px;-moz-border-radius:0px;-webkit-border-radius:0px\" target=\"_self\"><span style=\"color:#FFFFFF;padding:7px 20px;font-size:16px;line-height:24px;border-color:#c85353;border-radius:0px;-moz-border-radius:0px;-webkit-border-radius:0px;text-shadow:none;-moz-text-shadow:none;-webkit-text-shadow:none\"><i class=\"sui sui-mouse-pointer\" style=\"font-size:16px;color:#FFFFFF\"><\/i> Leer en e-book<\/span><\/a><\/div>\n<div class=\"su-button-center\"><a href=\"https:\/\/www.amazon.es\/dp\/1801161496?&amp;linkCode=ll1&amp;tag=kdp2es-21&amp;linkId=263728a346c78082d0b3fce787aa6e59&amp;language=es_ES&amp;ref_=as_li_ss_tl\" class=\"su-button su-button-style-flat su-button-wide\" style=\"color:#FFFFFF;background-color:#b00909;border-color:#8d0808;border-radius:0px;-moz-border-radius:0px;-webkit-border-radius:0px\" target=\"_blank\" rel=\"noopener noreferrer\"><span style=\"color:#FFFFFF;padding:7px 20px;font-size:16px;line-height:24px;border-color:#c85353;border-radius:0px;-moz-border-radius:0px;-webkit-border-radius:0px;text-shadow:none;-moz-text-shadow:none;-webkit-text-shadow:none\"><i class=\"sui sui-mouse-pointer\" style=\"font-size:16px;color:#FFFFFF\"><\/i> Leer en tapa blanda<\/span><\/a><\/div>\n<div class=\"su-youtube su-u-responsive-media-yes\"><iframe width=\"500\" height=\"400\" src=\"https:\/\/www.youtube.com\/embed\/GYhWzgCAd8o?\" frameborder=\"0\" allowfullscreen allow=\"autoplay; encrypted-media; picture-in-picture\" title=\"\"><\/iframe><\/div>\n<div class=\"font_preload\" style=\"opacity: 0;\"><\/div>\n","protected":false},"excerpt":{"rendered":"<p>Para huir de su doloroso pasado Kataline deja los Estados Unidos para volver a Francia, a casa de Jess, una t\u00eda a la que apenas conoce. Como dibujante con talento que es, ayuda a su t\u00eda en su estudio de tatuajes, donde crea distintos dise\u00f1os para los clientes mientras estudia dos cursos en la universidad. Lejos de sus demonios, la joven vuelve a hacer una vida normal.<\/p>\n<p>As\u00ed es hasta que conoce a Maxime y se adentra en su mundo. Un mundo oscuro y peligroso, donde Rip, l\u00edder del grupo The Cursed y un despiadado street-fighter, parece reinar con mano dura.<br \/>\nR\u00e1pidamente, unos demonios m\u00e1s feroces que los de su pasado acechar\u00e1n a Kat, y la amenaza que se cierne sobre ella podr\u00eda costarle la vida.<\/p>\n<p><strong>\u00bfPodr\u00e1 Rip salvarla? \u00bfO ser\u00e1 \u00e9l mismo quien firme su destrucci\u00f3n de una vez por todas?<\/strong><\/p>\n","protected":false},"featured_media":2505388,"comment_status":"closed","ping_status":"closed","template":"","meta":[],"_links":{"self":[{"href":"https:\/\/cherry-publishing.com\/es\/wp-json\/wp\/v2\/product\/2505387"}],"collection":[{"href":"https:\/\/cherry-publishing.com\/es\/wp-json\/wp\/v2\/product"}],"about":[{"href":"https:\/\/cherry-publishing.com\/es\/wp-json\/wp\/v2\/types\/product"}],"replies":[{"embeddable":true,"href":"https:\/\/cherry-publishing.com\/es\/wp-json\/wp\/v2\/comments?post=2505387"}],"wp:featuredmedia":[{"embeddable":true,"href":"https:\/\/cherry-publishing.com\/es\/wp-json\/wp\/v2\/media\/2505388"}],"wp:attachment":[{"href":"https:\/\/cherry-publishing.com\/es\/wp-json\/wp\/v2\/media?parent=2505387"}],"curies":[{"name":"wp","href":"https:\/\/api.w.org\/{rel}","templated":true}]}}