{"id":2505746,"date":"2021-09-28T16:10:19","date_gmt":"2021-09-28T15:10:19","guid":{"rendered":"https:\/\/cherry-publishing.com\/?post_type=product&#038;p=2505746"},"modified":"2022-05-11T10:53:00","modified_gmt":"2022-05-11T09:53:00","slug":"invocadores","status":"publish","type":"product","link":"https:\/\/cherry-publishing.com\/es\/novelas\/romance\/fantasia\/invocadores\/","title":{"rendered":"Invocadores"},"content":{"rendered":"<div class=\"su-button-center\"><a href=\"https:\/\/amzn.to\/3uBnPCb\" class=\"su-button su-button-style-flat su-button-wide\" style=\"color:#FFFFFF;background-color:#b00909;border-color:#8d0808;border-radius:0px;-moz-border-radius:0px;-webkit-border-radius:0px\" target=\"_self\"><span style=\"color:#FFFFFF;padding:7px 20px;font-size:16px;line-height:24px;border-color:#c85353;border-radius:0px;-moz-border-radius:0px;-webkit-border-radius:0px;text-shadow:none;-moz-text-shadow:none;-webkit-text-shadow:none\"><i class=\"sui sui-mouse-pointer\" style=\"font-size:16px;color:#FFFFFF\"><\/i> Leer en e-book<\/span><\/a><\/div>\n<div class=\"su-button-center\"><a href=\"https:\/\/amzn.to\/3uBnPCb\" class=\"su-button su-button-style-flat su-button-wide\" style=\"color:#FFFFFF;background-color:#b00909;border-color:#8d0808;border-radius:0px;-moz-border-radius:0px;-webkit-border-radius:0px\" target=\"_blank\" rel=\"noopener noreferrer\"><span style=\"color:#FFFFFF;padding:7px 20px;font-size:16px;line-height:24px;border-color:#c85353;border-radius:0px;-moz-border-radius:0px;-webkit-border-radius:0px;text-shadow:none;-moz-text-shadow:none;-webkit-text-shadow:none\"><i class=\"sui sui-mouse-pointer\" style=\"font-size:16px;color:#FFFFFF\"><\/i> Leer en tapa blanda<\/span><\/a><\/div>\n<div class=\"su-youtube su-u-responsive-media-yes\"><iframe width=\"500\" height=\"400\" src=\"https:\/\/www.youtube.com\/embed\/pYEiAeBhjh4?\" frameborder=\"0\" allowfullscreen allow=\"autoplay; encrypted-media; picture-in-picture\" title=\"\"><\/iframe><\/div>\n<div class=\"font_preload\" style=\"opacity: 0;\"><\/div>\n","protected":false},"excerpt":{"rendered":"<p><span class=\"\">En Th\u00e9ras, una isla perdida en la que los monstruos campan a sus anchas, solo los Invocadores podr\u00e1n defender a los habitantes de sus mort\u00edferas garras. Incontables leyendas relatan la existencia de un monstruo quim\u00e9rico, el m\u00e1s poderoso de los que habitan la isla: el Ther\u00e1stios.<br \/>\nLo \u00faltimo que vieron los ojos de Xandra Katsaros fue su garra, que con solo ocho a\u00f1os, adem\u00e1s de con su vista, acab\u00f3 con la vida de sus padres. El destino no le pondr\u00e1 las cosas sencillas, y no le quedar\u00e1 m\u00e1s remedio que conformarse con llevar una vida normal y corriente, lejos de leyendas e invocadores.<br \/>\nPero cuando la temible criatura legendaria que atac\u00f3 a Xandra vuelve para arrasar la isla, solo ella podr\u00e1 defender a sus amigos del peligro que les acecha, y, tal vez\u2026 enamorarse en el proceso.<\/span><\/p>\n<p>La \u00fanica capaz de matar al monstruo que los acecha, y, as\u00ed, convertirse en una leyenda y salvar la vida de sus amigos y del amor de su vida: Zarek.<\/p>\n","protected":false},"featured_media":2505753,"comment_status":"closed","ping_status":"closed","template":"","meta":[],"_links":{"self":[{"href":"https:\/\/cherry-publishing.com\/es\/wp-json\/wp\/v2\/product\/2505746"}],"collection":[{"href":"https:\/\/cherry-publishing.com\/es\/wp-json\/wp\/v2\/product"}],"about":[{"href":"https:\/\/cherry-publishing.com\/es\/wp-json\/wp\/v2\/types\/product"}],"replies":[{"embeddable":true,"href":"https:\/\/cherry-publishing.com\/es\/wp-json\/wp\/v2\/comments?post=2505746"}],"wp:featuredmedia":[{"embeddable":true,"href":"https:\/\/cherry-publishing.com\/es\/wp-json\/wp\/v2\/media\/2505753"}],"wp:attachment":[{"href":"https:\/\/cherry-publishing.com\/es\/wp-json\/wp\/v2\/media?parent=2505746"}],"curies":[{"name":"wp","href":"https:\/\/api.w.org\/{rel}","templated":true}]}}