{"id":2505825,"date":"2021-10-07T15:10:40","date_gmt":"2021-10-07T14:10:40","guid":{"rendered":"https:\/\/cherry-publishing.com\/?post_type=product&#038;p=2505825"},"modified":"2022-05-11T10:52:52","modified_gmt":"2022-05-11T09:52:52","slug":"eira","status":"publish","type":"product","link":"https:\/\/cherry-publishing.com\/es\/novelas\/romance\/new-adult\/eira\/","title":{"rendered":"Eira"},"content":{"rendered":"<div class=\"su-button-center\"><a href=\"https:\/\/amzn.to\/3EdnFoz\" class=\"su-button su-button-style-flat su-button-wide\" style=\"color:#FFFFFF;background-color:#b00909;border-color:#8d0808;border-radius:0px;-moz-border-radius:0px;-webkit-border-radius:0px\" target=\"_self\"><span style=\"color:#FFFFFF;padding:7px 20px;font-size:16px;line-height:24px;border-color:#c85353;border-radius:0px;-moz-border-radius:0px;-webkit-border-radius:0px;text-shadow:none;-moz-text-shadow:none;-webkit-text-shadow:none\"><i class=\"sui sui-mouse-pointer\" style=\"font-size:16px;color:#FFFFFF\"><\/i> Leer en e-book<\/span><\/a><\/div>\n<div class=\"su-button-center\"><a href=\"https:\/\/amzn.to\/31eneMv\" class=\"su-button su-button-style-flat su-button-wide\" style=\"color:#FFFFFF;background-color:#b00909;border-color:#8d0808;border-radius:0px;-moz-border-radius:0px;-webkit-border-radius:0px\" target=\"_blank\" rel=\"noopener noreferrer\"><span style=\"color:#FFFFFF;padding:7px 20px;font-size:16px;line-height:24px;border-color:#c85353;border-radius:0px;-moz-border-radius:0px;-webkit-border-radius:0px;text-shadow:none;-moz-text-shadow:none;-webkit-text-shadow:none\"><i class=\"sui sui-mouse-pointer\" style=\"font-size:16px;color:#FFFFFF\"><\/i> Leer en tapa blanda<\/span><\/a><\/div>\n<div class=\"su-youtube su-u-responsive-media-yes\"><iframe width=\"500\" height=\"400\" src=\"https:\/\/www.youtube.com\/embed\/DqW1qlx9kBs?\" frameborder=\"0\" allowfullscreen allow=\"autoplay; encrypted-media; picture-in-picture\" title=\"\"><\/iframe><\/div>\n<div class=\"font_preload\" style=\"opacity: 0;\"><\/div>\n","protected":false},"excerpt":{"rendered":"<p>Joven y so\u00f1adora, pasa sus d\u00edas entre el polvo y las viejas novelas de la librer\u00eda donde trabaja. Cada ma\u00f1ana suspira con el ronroneo de una moto y cada noche sue\u00f1a con un n\u00f3rdico vestido de cuero. Ella se llama Eira.<\/p>\n","protected":false},"featured_media":2505826,"comment_status":"closed","ping_status":"closed","template":"","meta":[],"_links":{"self":[{"href":"https:\/\/cherry-publishing.com\/es\/wp-json\/wp\/v2\/product\/2505825"}],"collection":[{"href":"https:\/\/cherry-publishing.com\/es\/wp-json\/wp\/v2\/product"}],"about":[{"href":"https:\/\/cherry-publishing.com\/es\/wp-json\/wp\/v2\/types\/product"}],"replies":[{"embeddable":true,"href":"https:\/\/cherry-publishing.com\/es\/wp-json\/wp\/v2\/comments?post=2505825"}],"wp:featuredmedia":[{"embeddable":true,"href":"https:\/\/cherry-publishing.com\/es\/wp-json\/wp\/v2\/media\/2505826"}],"wp:attachment":[{"href":"https:\/\/cherry-publishing.com\/es\/wp-json\/wp\/v2\/media?parent=2505825"}],"curies":[{"name":"wp","href":"https:\/\/api.w.org\/{rel}","templated":true}]}}