{"id":2506356,"date":"2021-11-11T16:25:51","date_gmt":"2021-11-11T15:25:51","guid":{"rendered":"https:\/\/cherry-publishing.com\/?post_type=product&#038;p=2506356"},"modified":"2022-05-11T10:52:04","modified_gmt":"2022-05-11T09:52:04","slug":"perdiendo-el-camino","status":"publish","type":"product","link":"https:\/\/cherry-publishing.com\/es\/novelas\/romance\/new-adult\/perdiendo-el-camino\/","title":{"rendered":"Perdiendo el camino"},"content":{"rendered":"<div class=\"su-button-center\"><a href=\"https:\/\/amzn.to\/30tQGNM\" class=\"su-button su-button-style-flat su-button-wide\" style=\"color:#FFFFFF;background-color:#b00909;border-color:#8d0808;border-radius:0px;-moz-border-radius:0px;-webkit-border-radius:0px\" target=\"_self\"><span style=\"color:#FFFFFF;padding:7px 20px;font-size:16px;line-height:24px;border-color:#c85353;border-radius:0px;-moz-border-radius:0px;-webkit-border-radius:0px;text-shadow:none;-moz-text-shadow:none;-webkit-text-shadow:none\"><i class=\"sui sui-mouse-pointer\" style=\"font-size:16px;color:#FFFFFF\"><\/i> Leer en e-book<\/span><\/a><\/div>\n<div class=\"su-button-center\"><a href=\"https:\/\/amzn.to\/3qIfoVL\" class=\"su-button su-button-style-flat su-button-wide\" style=\"color:#FFFFFF;background-color:#b00909;border-color:#8d0808;border-radius:0px;-moz-border-radius:0px;-webkit-border-radius:0px\" target=\"_blank\" rel=\"noopener noreferrer\"><span style=\"color:#FFFFFF;padding:7px 20px;font-size:16px;line-height:24px;border-color:#c85353;border-radius:0px;-moz-border-radius:0px;-webkit-border-radius:0px;text-shadow:none;-moz-text-shadow:none;-webkit-text-shadow:none\"><i class=\"sui sui-mouse-pointer\" style=\"font-size:16px;color:#FFFFFF\"><\/i> Leer en tapa blanda<\/span><\/a><\/div>\n<div class=\"su-youtube su-u-responsive-media-yes\"><iframe width=\"500\" height=\"400\" src=\"https:\/\/www.youtube.com\/embed\/fAMiCLD2qxE?\" frameborder=\"0\" allowfullscreen allow=\"autoplay; encrypted-media; picture-in-picture\" title=\"\"><\/iframe><\/div>\n<div class=\"font_preload\" style=\"opacity: 0;\"><\/div>\n","protected":false},"excerpt":{"rendered":"<p><span class=\"\">Nikki se encuentra sola y cruelmente abandonada por una aparente broma de su novio en una gasolinera de Nueva Orleans y, sinceramente, est\u00e1 harta de todo.<br \/>\nPor eso, cuando se cruza casualmente en el camino con Jay Martin, Nikki decide hacer una excepci\u00f3n en su vida y dejarse llevar por el deseo. Porque Jay, adem\u00e1s de ser atractivo y encontrarse tan solo como ella en Nueva Orleans, es algo m\u00e1s: es el excomponente de la conocida boy band Westside Blue que triunf\u00f3 a finales de los 90 y cuya m\u00fasica Nikki detesta por encima de todo.<br \/>\nNikki est\u00e1 dispuesta a odiar a Jay y todo lo que este representa en la industria de la m\u00fasica. Sin embargo, se encuentra atra\u00edda por \u00e9l, por su amabilidad, por su sensibilidad musical y por la manera dulce que tiene de tratarla, tan distinta a la de su novio.<br \/>\n\u00bfQu\u00e9 tendr\u00eda de malo pasar una noche secreta en brazos de la m\u00e1s famosa estrella del pop del pa\u00eds? Solo es una noche y luego cada uno seguir\u00e1 su camino sin m\u00e1s.<\/span><\/p>\n","protected":false},"featured_media":2506357,"comment_status":"closed","ping_status":"closed","template":"","meta":[],"_links":{"self":[{"href":"https:\/\/cherry-publishing.com\/es\/wp-json\/wp\/v2\/product\/2506356"}],"collection":[{"href":"https:\/\/cherry-publishing.com\/es\/wp-json\/wp\/v2\/product"}],"about":[{"href":"https:\/\/cherry-publishing.com\/es\/wp-json\/wp\/v2\/types\/product"}],"replies":[{"embeddable":true,"href":"https:\/\/cherry-publishing.com\/es\/wp-json\/wp\/v2\/comments?post=2506356"}],"wp:featuredmedia":[{"embeddable":true,"href":"https:\/\/cherry-publishing.com\/es\/wp-json\/wp\/v2\/media\/2506357"}],"wp:attachment":[{"href":"https:\/\/cherry-publishing.com\/es\/wp-json\/wp\/v2\/media?parent=2506356"}],"curies":[{"name":"wp","href":"https:\/\/api.w.org\/{rel}","templated":true}]}}