{"id":2506444,"date":"2021-11-16T21:28:52","date_gmt":"2021-11-16T20:28:52","guid":{"rendered":"https:\/\/cherry-publishing.com\/?post_type=product&#038;p=2506444"},"modified":"2022-05-11T10:51:57","modified_gmt":"2022-05-11T09:51:57","slug":"el-despertar-de-la-pasion","status":"publish","type":"product","link":"https:\/\/cherry-publishing.com\/es\/novelas\/romance\/new-adult\/el-despertar-de-la-pasion\/","title":{"rendered":"El despertar de la pasi\u00f3n"},"content":{"rendered":"<div class=\"su-button-center\"><a href=\"https:\/\/amzn.to\/3nx4gJf\" class=\"su-button su-button-style-flat su-button-wide\" style=\"color:#FFFFFF;background-color:#b00909;border-color:#8d0808;border-radius:0px;-moz-border-radius:0px;-webkit-border-radius:0px\" target=\"_self\"><span style=\"color:#FFFFFF;padding:7px 20px;font-size:16px;line-height:24px;border-color:#c85353;border-radius:0px;-moz-border-radius:0px;-webkit-border-radius:0px;text-shadow:none;-moz-text-shadow:none;-webkit-text-shadow:none\"><i class=\"sui sui-mouse-pointer\" style=\"font-size:16px;color:#FFFFFF\"><\/i> Leer en e-book<\/span><\/a><\/div>\n<div class=\"su-button-center\"><a href=\"https:\/\/amzn.to\/3nx4gJf\" class=\"su-button su-button-style-flat su-button-wide\" style=\"color:#FFFFFF;background-color:#b00909;border-color:#8d0808;border-radius:0px;-moz-border-radius:0px;-webkit-border-radius:0px\" target=\"_blank\" rel=\"noopener noreferrer\"><span style=\"color:#FFFFFF;padding:7px 20px;font-size:16px;line-height:24px;border-color:#c85353;border-radius:0px;-moz-border-radius:0px;-webkit-border-radius:0px;text-shadow:none;-moz-text-shadow:none;-webkit-text-shadow:none\"><i class=\"sui sui-mouse-pointer\" style=\"font-size:16px;color:#FFFFFF\"><\/i> Leer en tapa blanda<\/span><\/a><\/div>\n<div class=\"su-youtube su-u-responsive-media-yes\"><iframe width=\"500\" height=\"400\" src=\"https:\/\/www.youtube.com\/embed\/FbrxyP1U36A?\" frameborder=\"0\" allowfullscreen allow=\"autoplay; encrypted-media; picture-in-picture\" title=\"\"><\/iframe><\/div>\n<div class=\"font_preload\" style=\"opacity: 0;\"><\/div>\n","protected":false},"excerpt":{"rendered":"<div class=\"Jv7Aj mArmR pZp3x\"><\/div>\n<div class=\"C4VMK\"><span class=\"\">\u00bfQu\u00e9 tienen en com\u00fan un chef de alta cocina ansioso por redimirse, y una ayudante de dise\u00f1o obligada a encargarse de un restaurante pese a no tener nociones de cocina? Lo mal que se llevan y lo mucho que se desean.<\/span><\/div>\n<div class=\"C4VMK\"><span class=\"\"><br \/>\nCuando Ginebra acept\u00f3 a rega\u00f1adientes hacerse cargo del restaurante de su abuelo en una de las avenidas m\u00e1s concurridas de Nueva York, nunca imaginar\u00eda que era un castigo divino a punto de sacudir todo su mundo. Y es que nadie, ni siquiera la persona m\u00e1s preparada, sabr\u00eda c\u00f3mo lidiar con el soberbio, exc\u00e9ntrico e irritante Massimo De Luca.<\/span><\/div>\n<div class=\"C4VMK\"><span class=\"\"><br \/>\nUn chef dispuesto a todo para redirigir su vida y recuperar el reconocimiento que perdi\u00f3 tras la peor \u00e9poca de su vida. Incluso si eso implica seguir las \u00f3rdenes de una mujer que no sabe diferenciar entre fre\u00edr y asar, y le despierta emociones que cre\u00eda dormidas para siempre: irritaci\u00f3n, desesperaci\u00f3n y una pasi\u00f3n capaz de quemarle las venas.<\/span><\/div>\n","protected":false},"featured_media":2506445,"comment_status":"closed","ping_status":"closed","template":"","meta":[],"_links":{"self":[{"href":"https:\/\/cherry-publishing.com\/es\/wp-json\/wp\/v2\/product\/2506444"}],"collection":[{"href":"https:\/\/cherry-publishing.com\/es\/wp-json\/wp\/v2\/product"}],"about":[{"href":"https:\/\/cherry-publishing.com\/es\/wp-json\/wp\/v2\/types\/product"}],"replies":[{"embeddable":true,"href":"https:\/\/cherry-publishing.com\/es\/wp-json\/wp\/v2\/comments?post=2506444"}],"wp:featuredmedia":[{"embeddable":true,"href":"https:\/\/cherry-publishing.com\/es\/wp-json\/wp\/v2\/media\/2506445"}],"wp:attachment":[{"href":"https:\/\/cherry-publishing.com\/es\/wp-json\/wp\/v2\/media?parent=2506444"}],"curies":[{"name":"wp","href":"https:\/\/api.w.org\/{rel}","templated":true}]}}