{"id":2506553,"date":"2021-11-23T18:41:51","date_gmt":"2021-11-23T17:41:51","guid":{"rendered":"https:\/\/cherry-publishing.com\/?post_type=product&#038;p=2506553"},"modified":"2021-11-26T11:10:29","modified_gmt":"2021-11-26T10:10:29","slug":"nuestra-ruta-66","status":"publish","type":"product","link":"https:\/\/cherry-publishing.com\/es\/novelas\/romance\/new-adult\/nuestra-ruta-66\/","title":{"rendered":"Nuestra Ruta 66"},"content":{"rendered":"<div class=\"su-button-center\"><a href=\"https:\/\/www.amazon.es\/dp\/B09MLF7MCK?&amp;linkCode=ll1&amp;tag=kdp-email-21&amp;linkId=91a20f9ac9ac482449a1e4e013076666&amp;language=es_ES&amp;ref_=as_li_ss_tl\" class=\"su-button su-button-style-flat su-button-wide\" style=\"color:#FFFFFF;background-color:#b00909;border-color:#8d0808;border-radius:0px;-moz-border-radius:0px;-webkit-border-radius:0px\" target=\"_self\"><span style=\"color:#FFFFFF;padding:7px 20px;font-size:16px;line-height:24px;border-color:#c85353;border-radius:0px;-moz-border-radius:0px;-webkit-border-radius:0px;text-shadow:none;-moz-text-shadow:none;-webkit-text-shadow:none\"><i class=\"sui sui-mouse-pointer\" style=\"font-size:16px;color:#FFFFFF\"><\/i> Leer en e-book<\/span><\/a><\/div>\n<div class=\"su-button-center\"><a href=\"https:\/\/www.amazon.es\/dp\/1801162018?_encoding=UTF8&amp;qid=&amp;sr=&amp;linkCode=ll1&amp;tag=kdp-email-21&amp;linkId=5a3f0b5f532c8620076d5a0390b469ff&amp;language=es_ES&amp;ref_=as_li_ss_tl\" class=\"su-button su-button-style-flat su-button-wide\" style=\"color:#FFFFFF;background-color:#b00909;border-color:#8d0808;border-radius:0px;-moz-border-radius:0px;-webkit-border-radius:0px\" target=\"_blank\" rel=\"noopener noreferrer\"><span style=\"color:#FFFFFF;padding:7px 20px;font-size:16px;line-height:24px;border-color:#c85353;border-radius:0px;-moz-border-radius:0px;-webkit-border-radius:0px;text-shadow:none;-moz-text-shadow:none;-webkit-text-shadow:none\"><i class=\"sui sui-mouse-pointer\" style=\"font-size:16px;color:#FFFFFF\"><\/i> Leer en tapa blanda<\/span><\/a><\/div>\n<div class=\"su-youtube su-u-responsive-media-yes\"><iframe width=\"500\" height=\"400\" src=\"https:\/\/www.youtube.com\/embed\/JkGHo7juc0w?\" frameborder=\"0\" allowfullscreen allow=\"autoplay; encrypted-media; picture-in-picture\" title=\"\"><\/iframe><\/div>\n<div class=\"font_preload\" style=\"opacity: 0;\"><\/div>\n","protected":false},"excerpt":{"rendered":"<p><em>\u00abHuye de lo que te molesta\u00bb<\/em>, ese es el consejo de su psic\u00f3logo. Sorprendentemente, Aaron le hace caso y decide hacer la Ruta 66. Es un viaje para encontrarse de nuevo a s\u00ed mismo, para dejar el odio y el rencor que siente hacia su exnovia atr\u00e1s, lo que no espera es que cambie su vida por completo.<\/p>\n<p>Durante su viaje conoce a Neith, una chica t\u00edmida que logra llamar lo suficiente su atenci\u00f3n como para dejar que lo acompa\u00f1e. Ella quiere huir de su vida y \u00e9l de los viejos fantasmas que le atormentan.<\/p>\n<p>Aaron no cree en el amor y est\u00e1 segur\u00edsimo de que nadie le har\u00e1 cambiar de opini\u00f3n. Pero \u00bfqu\u00e9 pasar\u00e1 cuando cierta chica extra\u00f1a y asustadiza se cruce en su camino?<\/p>\n","protected":false},"featured_media":2506554,"comment_status":"closed","ping_status":"closed","template":"","meta":[],"_links":{"self":[{"href":"https:\/\/cherry-publishing.com\/es\/wp-json\/wp\/v2\/product\/2506553"}],"collection":[{"href":"https:\/\/cherry-publishing.com\/es\/wp-json\/wp\/v2\/product"}],"about":[{"href":"https:\/\/cherry-publishing.com\/es\/wp-json\/wp\/v2\/types\/product"}],"replies":[{"embeddable":true,"href":"https:\/\/cherry-publishing.com\/es\/wp-json\/wp\/v2\/comments?post=2506553"}],"wp:featuredmedia":[{"embeddable":true,"href":"https:\/\/cherry-publishing.com\/es\/wp-json\/wp\/v2\/media\/2506554"}],"wp:attachment":[{"href":"https:\/\/cherry-publishing.com\/es\/wp-json\/wp\/v2\/media?parent=2506553"}],"curies":[{"name":"wp","href":"https:\/\/api.w.org\/{rel}","templated":true}]}}