{"id":2507104,"date":"2022-01-13T11:07:15","date_gmt":"2022-01-13T10:07:15","guid":{"rendered":"https:\/\/cherry-publishing.com\/?post_type=product&#038;p=2507104"},"modified":"2022-05-11T10:51:26","modified_gmt":"2022-05-11T09:51:26","slug":"tormenta-de-colores","status":"publish","type":"product","link":"https:\/\/cherry-publishing.com\/es\/novelas\/romance\/fantasia\/tormenta-de-colores\/","title":{"rendered":"Tormenta de Colores"},"content":{"rendered":"<div class=\"su-button-center\"><a href=\"https:\/\/amzn.to\/3rbG93m\" class=\"su-button su-button-style-flat su-button-wide\" style=\"color:#FFFFFF;background-color:#b00909;border-color:#8d0808;border-radius:0px;-moz-border-radius:0px;-webkit-border-radius:0px\" target=\"_self\"><span style=\"color:#FFFFFF;padding:7px 20px;font-size:16px;line-height:24px;border-color:#c85353;border-radius:0px;-moz-border-radius:0px;-webkit-border-radius:0px;text-shadow:none;-moz-text-shadow:none;-webkit-text-shadow:none\"><i class=\"sui sui-mouse-pointer\" style=\"font-size:16px;color:#FFFFFF\"><\/i> Leer en e-book<\/span><\/a><\/div>\n<div class=\"su-button-center\"><a href=\"https:\/\/amzn.to\/3rbG93m\" class=\"su-button su-button-style-flat su-button-wide\" style=\"color:#FFFFFF;background-color:#b00909;border-color:#8d0808;border-radius:0px;-moz-border-radius:0px;-webkit-border-radius:0px\" target=\"_blank\" rel=\"noopener noreferrer\"><span style=\"color:#FFFFFF;padding:7px 20px;font-size:16px;line-height:24px;border-color:#c85353;border-radius:0px;-moz-border-radius:0px;-webkit-border-radius:0px;text-shadow:none;-moz-text-shadow:none;-webkit-text-shadow:none\"><i class=\"sui sui-mouse-pointer\" style=\"font-size:16px;color:#FFFFFF\"><\/i> Leer en tapa blanda<\/span><\/a><\/div>\n<div class=\"su-youtube su-u-responsive-media-yes\"><iframe width=\"500\" height=\"400\" src=\"https:\/\/www.youtube.com\/embed\/9G1uQzWJlDc?\" frameborder=\"0\" allowfullscreen allow=\"autoplay; encrypted-media; picture-in-picture\" title=\"\"><\/iframe><\/div>\n<div class=\"font_preload\" style=\"opacity: 0;\"><\/div>\n","protected":false},"excerpt":{"rendered":"<p><span class=\"\">Cruzando el mar entre Shegnia y Carshia, huyendo de la despiadada guerra contra los elfos oscuros, Nasha llega a la tierra de los humanos. Una joven elfa que vivir\u00e1 siempre atormentada por los humanos que la rodean.<br \/>\nEs Sarah, su \u00fanica amiga, la persona que aporta luz a sus d\u00edas, de la que est\u00e1 enamorada y que\u2026 no le corresponde. La humana con la que Nasha sue\u00f1a. Pero un d\u00eda dice basta. Quiere curar su coraz\u00f3n lejos de Sarah, aunque suponga dejarla a la suerte de su novio y de su padre.<br \/>\nEs entonces cuando el curioso Eshir aparece para hacerla entender que pueden existir humanos capaces de amar a los elfos oscuros. Que merece ser amada.<\/span><\/p>\n","protected":false},"featured_media":2507105,"comment_status":"closed","ping_status":"closed","template":"","meta":[],"_links":{"self":[{"href":"https:\/\/cherry-publishing.com\/es\/wp-json\/wp\/v2\/product\/2507104"}],"collection":[{"href":"https:\/\/cherry-publishing.com\/es\/wp-json\/wp\/v2\/product"}],"about":[{"href":"https:\/\/cherry-publishing.com\/es\/wp-json\/wp\/v2\/types\/product"}],"replies":[{"embeddable":true,"href":"https:\/\/cherry-publishing.com\/es\/wp-json\/wp\/v2\/comments?post=2507104"}],"wp:featuredmedia":[{"embeddable":true,"href":"https:\/\/cherry-publishing.com\/es\/wp-json\/wp\/v2\/media\/2507105"}],"wp:attachment":[{"href":"https:\/\/cherry-publishing.com\/es\/wp-json\/wp\/v2\/media?parent=2507104"}],"curies":[{"name":"wp","href":"https:\/\/api.w.org\/{rel}","templated":true}]}}