{"id":2507206,"date":"2022-01-19T19:14:35","date_gmt":"2022-01-19T18:14:35","guid":{"rendered":"https:\/\/cherry-publishing.com\/?post_type=product&#038;p=2507206"},"modified":"2022-04-07T18:48:07","modified_gmt":"2022-04-07T17:48:07","slug":"raquel-pastor","status":"publish","type":"product","link":"https:\/\/cherry-publishing.com\/es\/autores\/raquel-pastor\/","title":{"rendered":"Raquel Pastor"},"content":{"rendered":"<h2 style=\"text-align: center;\"><strong>Sus libros<\/strong><\/h2>\n<div class=\"woocommerce columns-4 \"><ul class=\"products columns-4\">\n<li class=\"sales-flash-overlay woocommerce-text-align-center woocommerce-image-align-center do-quantity-buttons product type-product post-2507207 status-publish first instock product_cat-novelas product_cat-romance product_cat-thriller-romantico has-post-thumbnail shipping-taxable product-type-simple\">\n\t<\/li>\n<\/ul>\n<\/div>\n<p>&nbsp;<\/p>\n","protected":false},"excerpt":{"rendered":"<p>Raquel Pastor es una escritora nacida en Alicante junto al mar Mediterr\u00e1neo en 1997. Desde muy peque\u00f1a sinti\u00f3 el deseo de sacar a la luz su extenso mundo interior a trav\u00e9s de las letras, que cristaliz\u00f3 en sus dos primeras novelas de fantas\u00eda publicadas: Magia prohibida y Magia paralela. Ahora adem\u00e1s se adentra en el territorio rom\u00e1ntico con Un anillo, siete verdades. Influenciada por su otra gran pasi\u00f3n y profesi\u00f3n, la ciencia, su estilo de escritura es claro y conciso, directo a la mente y al coraz\u00f3n del lector.<\/p>\n","protected":false},"featured_media":501263,"comment_status":"closed","ping_status":"closed","template":"","meta":[],"_links":{"self":[{"href":"https:\/\/cherry-publishing.com\/es\/wp-json\/wp\/v2\/product\/2507206"}],"collection":[{"href":"https:\/\/cherry-publishing.com\/es\/wp-json\/wp\/v2\/product"}],"about":[{"href":"https:\/\/cherry-publishing.com\/es\/wp-json\/wp\/v2\/types\/product"}],"replies":[{"embeddable":true,"href":"https:\/\/cherry-publishing.com\/es\/wp-json\/wp\/v2\/comments?post=2507206"}],"wp:featuredmedia":[{"embeddable":true,"href":"https:\/\/cherry-publishing.com\/es\/wp-json\/wp\/v2\/media\/501263"}],"wp:attachment":[{"href":"https:\/\/cherry-publishing.com\/es\/wp-json\/wp\/v2\/media?parent=2507206"}],"curies":[{"name":"wp","href":"https:\/\/api.w.org\/{rel}","templated":true}]}}