{"id":2507207,"date":"2022-01-19T19:18:26","date_gmt":"2022-01-19T18:18:26","guid":{"rendered":"https:\/\/cherry-publishing.com\/?post_type=product&#038;p=2507207"},"modified":"2022-05-11T10:51:18","modified_gmt":"2022-05-11T09:51:18","slug":"un-anillo-siete-verdades","status":"publish","type":"product","link":"https:\/\/cherry-publishing.com\/es\/novelas\/romance\/thriller-romantico\/un-anillo-siete-verdades\/","title":{"rendered":"Un anillo, siete verdades"},"content":{"rendered":"<div class=\"su-button-center\"><a href=\"https:\/\/amzn.to\/3nKl5An\" class=\"su-button su-button-style-flat su-button-wide\" style=\"color:#FFFFFF;background-color:#b00909;border-color:#8d0808;border-radius:0px;-moz-border-radius:0px;-webkit-border-radius:0px\" target=\"_self\"><span style=\"color:#FFFFFF;padding:7px 20px;font-size:16px;line-height:24px;border-color:#c85353;border-radius:0px;-moz-border-radius:0px;-webkit-border-radius:0px;text-shadow:none;-moz-text-shadow:none;-webkit-text-shadow:none\"><i class=\"sui sui-mouse-pointer\" style=\"font-size:16px;color:#FFFFFF\"><\/i> Leer en e-book<\/span><\/a><\/div>\n<div class=\"su-button-center\"><a href=\"https:\/\/amzn.to\/3nKl5An\" class=\"su-button su-button-style-flat su-button-wide\" style=\"color:#FFFFFF;background-color:#b00909;border-color:#8d0808;border-radius:0px;-moz-border-radius:0px;-webkit-border-radius:0px\" target=\"_blank\" rel=\"noopener noreferrer\"><span style=\"color:#FFFFFF;padding:7px 20px;font-size:16px;line-height:24px;border-color:#c85353;border-radius:0px;-moz-border-radius:0px;-webkit-border-radius:0px;text-shadow:none;-moz-text-shadow:none;-webkit-text-shadow:none\"><i class=\"sui sui-mouse-pointer\" style=\"font-size:16px;color:#FFFFFF\"><\/i> Leer en tapa blanda<\/span><\/a><\/div>\n<div class=\"su-youtube su-u-responsive-media-yes\"><iframe width=\"500\" height=\"400\" src=\"https:\/\/www.youtube.com\/embed\/0qHiDOZpKdI?\" frameborder=\"0\" allowfullscreen allow=\"autoplay; encrypted-media; picture-in-picture\" title=\"\"><\/iframe><\/div>\n<div class=\"font_preload\" style=\"opacity: 0;\"><\/div>\n","protected":false},"excerpt":{"rendered":"<p><span class=\"\">\u00bfEl dinero, la fama y una relaci\u00f3n amorosa garantizan la felicidad?<br \/>\nPaolo no est\u00e1 convencido de querer casarse con Sandra por mucho que su<br \/>\nentorno considere que es lo mejor para \u00e9l. \u00bfSer\u00e1 feliz si dice \u00abS\u00ed, quiero\u00bb? \u00bfRepercutir\u00e1 en su carrera de actor si cuenta toda la verdad?<br \/>\nSu decisi\u00f3n ser\u00e1 el punto de partida para una serie de sucesos turbulentos que har\u00e1n que las siete personas m\u00e1s importantes para \u00e9l expongan sus secretos m\u00e1s oscuros. Sus vidas nunca volver\u00e1n a ser como antes.<\/span><\/p>\n","protected":false},"featured_media":2507208,"comment_status":"closed","ping_status":"closed","template":"","meta":[],"_links":{"self":[{"href":"https:\/\/cherry-publishing.com\/es\/wp-json\/wp\/v2\/product\/2507207"}],"collection":[{"href":"https:\/\/cherry-publishing.com\/es\/wp-json\/wp\/v2\/product"}],"about":[{"href":"https:\/\/cherry-publishing.com\/es\/wp-json\/wp\/v2\/types\/product"}],"replies":[{"embeddable":true,"href":"https:\/\/cherry-publishing.com\/es\/wp-json\/wp\/v2\/comments?post=2507207"}],"wp:featuredmedia":[{"embeddable":true,"href":"https:\/\/cherry-publishing.com\/es\/wp-json\/wp\/v2\/media\/2507208"}],"wp:attachment":[{"href":"https:\/\/cherry-publishing.com\/es\/wp-json\/wp\/v2\/media?parent=2507207"}],"curies":[{"name":"wp","href":"https:\/\/api.w.org\/{rel}","templated":true}]}}