{"id":2507549,"date":"2022-02-18T21:05:36","date_gmt":"2022-02-18T20:05:36","guid":{"rendered":"https:\/\/cherry-publishing.com\/?post_type=product&#038;p=2507549"},"modified":"2022-05-11T10:49:34","modified_gmt":"2022-05-11T09:49:34","slug":"el-novio-equivocado","status":"publish","type":"product","link":"https:\/\/cherry-publishing.com\/es\/novelas\/romance\/new-adult\/el-novio-equivocado\/","title":{"rendered":"El novio equivocado"},"content":{"rendered":"<div class=\"su-button-center\"><a href=\"https:\/\/amzn.to\/33xJYrX\" class=\"su-button su-button-style-flat su-button-wide\" style=\"color:#FFFFFF;background-color:#b00909;border-color:#8d0808;border-radius:0px;-moz-border-radius:0px;-webkit-border-radius:0px\" target=\"_self\"><span style=\"color:#FFFFFF;padding:7px 20px;font-size:16px;line-height:24px;border-color:#c85353;border-radius:0px;-moz-border-radius:0px;-webkit-border-radius:0px;text-shadow:none;-moz-text-shadow:none;-webkit-text-shadow:none\"><i class=\"sui sui-mouse-pointer\" style=\"font-size:16px;color:#FFFFFF\"><\/i> Leer en e-book<\/span><\/a><\/div>\n<div class=\"su-button-center\"><a href=\"https:\/\/amzn.to\/33xJYrX\" class=\"su-button su-button-style-flat su-button-wide\" style=\"color:#FFFFFF;background-color:#b00909;border-color:#8d0808;border-radius:0px;-moz-border-radius:0px;-webkit-border-radius:0px\" target=\"_blank\" rel=\"noopener noreferrer\"><span style=\"color:#FFFFFF;padding:7px 20px;font-size:16px;line-height:24px;border-color:#c85353;border-radius:0px;-moz-border-radius:0px;-webkit-border-radius:0px;text-shadow:none;-moz-text-shadow:none;-webkit-text-shadow:none\"><i class=\"sui sui-mouse-pointer\" style=\"font-size:16px;color:#FFFFFF\"><\/i> Leer en tapa blanda<\/span><\/a><\/div>\n<div class=\"su-youtube su-u-responsive-media-yes\"><iframe width=\"500\" height=\"400\" src=\"https:\/\/www.youtube.com\/embed\/Bu7zRgS91rY?\" frameborder=\"0\" allowfullscreen allow=\"autoplay; encrypted-media; picture-in-picture\" title=\"\"><\/iframe><\/div>\n<div class=\"font_preload\" style=\"opacity: 0;\"><\/div>\n","protected":false},"excerpt":{"rendered":"<p><span class=\"\">Rebeca es una mujer ejemplar: empresaria, educada, con las ideas claras y con una vida perfecta.<\/span><\/p>\n<p><span class=\"\"><br \/>\nEn fin, casi toda su vida es perfecta. En los \u00faltimos tiempos ha resultado tener muy mala suerte en el amor: su exnovio la dej\u00f3 meses antes de la boda para estar con su hermana. Ahora, meses despu\u00e9s, tiene que asistir a la que deb\u00eda ser su boda, con sus invitados y con el que era su prometido. Pero lo que no piensa tolerar es tener que ir sin acompa\u00f1ante, as\u00ed que decide contratar a una agencia que ofrece servicios de acompa\u00f1amiento masculino. All\u00ed conocer\u00e1 a Tyler, quien la acompa\u00f1ar\u00e1 hasta Nueva York como su nuevo novio. Aunque al principio los dos finjan su relaci\u00f3n, pasar tiempo juntos har\u00e1 que, d\u00eda a d\u00eda, tengan que pretender un poco menos.<\/span><\/p>\n","protected":false},"featured_media":2507550,"comment_status":"closed","ping_status":"closed","template":"","meta":[],"_links":{"self":[{"href":"https:\/\/cherry-publishing.com\/es\/wp-json\/wp\/v2\/product\/2507549"}],"collection":[{"href":"https:\/\/cherry-publishing.com\/es\/wp-json\/wp\/v2\/product"}],"about":[{"href":"https:\/\/cherry-publishing.com\/es\/wp-json\/wp\/v2\/types\/product"}],"replies":[{"embeddable":true,"href":"https:\/\/cherry-publishing.com\/es\/wp-json\/wp\/v2\/comments?post=2507549"}],"wp:featuredmedia":[{"embeddable":true,"href":"https:\/\/cherry-publishing.com\/es\/wp-json\/wp\/v2\/media\/2507550"}],"wp:attachment":[{"href":"https:\/\/cherry-publishing.com\/es\/wp-json\/wp\/v2\/media?parent=2507549"}],"curies":[{"name":"wp","href":"https:\/\/api.w.org\/{rel}","templated":true}]}}