{"id":2507709,"date":"2022-03-01T10:37:58","date_gmt":"2022-03-01T09:37:58","guid":{"rendered":"https:\/\/cherry-publishing.com\/?post_type=product&#038;p=2507709"},"modified":"2022-05-11T10:49:37","modified_gmt":"2022-05-11T09:49:37","slug":"quererse-es-la-mitad-del-camino","status":"publish","type":"product","link":"https:\/\/cherry-publishing.com\/es\/novelas\/romance\/young-adult\/quererse-es-la-mitad-del-camino\/","title":{"rendered":"Quererse es la mitad del camino"},"content":{"rendered":"<div class=\"su-button-center\"><a href=\"https:\/\/amzn.to\/3CaOuJQ\" class=\"su-button su-button-style-flat su-button-wide\" style=\"color:#FFFFFF;background-color:#b00909;border-color:#8d0808;border-radius:0px;-moz-border-radius:0px;-webkit-border-radius:0px\" target=\"_self\"><span style=\"color:#FFFFFF;padding:7px 20px;font-size:16px;line-height:24px;border-color:#c85353;border-radius:0px;-moz-border-radius:0px;-webkit-border-radius:0px;text-shadow:none;-moz-text-shadow:none;-webkit-text-shadow:none\"><i class=\"sui sui-mouse-pointer\" style=\"font-size:16px;color:#FFFFFF\"><\/i> Leer en e-book<\/span><\/a><\/div>\n<div class=\"su-button-center\"><a href=\"https:\/\/amzn.to\/3CaOuJQ\" class=\"su-button su-button-style-flat su-button-wide\" style=\"color:#FFFFFF;background-color:#b00909;border-color:#8d0808;border-radius:0px;-moz-border-radius:0px;-webkit-border-radius:0px\" target=\"_blank\" rel=\"noopener noreferrer\"><span style=\"color:#FFFFFF;padding:7px 20px;font-size:16px;line-height:24px;border-color:#c85353;border-radius:0px;-moz-border-radius:0px;-webkit-border-radius:0px;text-shadow:none;-moz-text-shadow:none;-webkit-text-shadow:none\"><i class=\"sui sui-mouse-pointer\" style=\"font-size:16px;color:#FFFFFF\"><\/i> Leer en tapa blanda<\/span><\/a><\/div>\n<div class=\"su-youtube su-u-responsive-media-yes\"><iframe width=\"500\" height=\"400\" src=\"https:\/\/www.youtube.com\/embed\/rzX3jZWH0C8?\" frameborder=\"0\" allowfullscreen allow=\"autoplay; encrypted-media; picture-in-picture\" title=\"\"><\/iframe><\/div>\n<div class=\"font_preload\" style=\"opacity: 0;\"><\/div>\n","protected":false},"excerpt":{"rendered":"<p>Los padres de Nina y Leo deciden celebrar su aniversario haciendo un viaje por Australia. Nina sigue delicada despu\u00e9s de lo sucedido el a\u00f1o pasado y, adem\u00e1s, tiene la selectividad a la vuelta de la esquina. Su hermano Leo va a ser el encargado de cuidarla en ausencia de sus padres y, aunque sea de lo m\u00e1s protector con ella, no va a dejar las fiestas en casa de lado.<\/p>\n<p>Es en una de estas fiestas donde Nina conocer\u00e1 a Jordi y se dejar\u00e1 llevar por las mil y una aventuras que suponen enamorarse de un chico guapo, alto, divertido y bueno como \u00e9l.<\/p>\n<p>Sigue sus aventuras de la mano de Nina y Leo, dos hermanos que se pueden llevar como el perro y el gato, pero que formar\u00e1n siempre el mejor d\u00fao y te sacar\u00e1n m\u00e1s de una sonrisa.<\/p>\n","protected":false},"featured_media":2507710,"comment_status":"closed","ping_status":"closed","template":"","meta":[],"_links":{"self":[{"href":"https:\/\/cherry-publishing.com\/es\/wp-json\/wp\/v2\/product\/2507709"}],"collection":[{"href":"https:\/\/cherry-publishing.com\/es\/wp-json\/wp\/v2\/product"}],"about":[{"href":"https:\/\/cherry-publishing.com\/es\/wp-json\/wp\/v2\/types\/product"}],"replies":[{"embeddable":true,"href":"https:\/\/cherry-publishing.com\/es\/wp-json\/wp\/v2\/comments?post=2507709"}],"wp:featuredmedia":[{"embeddable":true,"href":"https:\/\/cherry-publishing.com\/es\/wp-json\/wp\/v2\/media\/2507710"}],"wp:attachment":[{"href":"https:\/\/cherry-publishing.com\/es\/wp-json\/wp\/v2\/media?parent=2507709"}],"curies":[{"name":"wp","href":"https:\/\/api.w.org\/{rel}","templated":true}]}}