{"id":2507781,"date":"2022-03-09T16:59:41","date_gmt":"2022-03-09T15:59:41","guid":{"rendered":"https:\/\/cherry-publishing.com\/?post_type=product&#038;p=2507781"},"modified":"2022-05-11T10:49:44","modified_gmt":"2022-05-11T09:49:44","slug":"acordes-de-un-oceano","status":"publish","type":"product","link":"https:\/\/cherry-publishing.com\/es\/novelas\/romance\/lgbtq\/acordes-de-un-oceano\/","title":{"rendered":"Acordes de un oceano"},"content":{"rendered":"<div class=\"su-button-center\"><a href=\"https:\/\/amzn.to\/3KE1DhM\" class=\"su-button su-button-style-flat su-button-wide\" style=\"color:#FFFFFF;background-color:#b00909;border-color:#8d0808;border-radius:0px;-moz-border-radius:0px;-webkit-border-radius:0px\" target=\"_self\"><span style=\"color:#FFFFFF;padding:7px 20px;font-size:16px;line-height:24px;border-color:#c85353;border-radius:0px;-moz-border-radius:0px;-webkit-border-radius:0px;text-shadow:none;-moz-text-shadow:none;-webkit-text-shadow:none\"><i class=\"sui sui-mouse-pointer\" style=\"font-size:16px;color:#FFFFFF\"><\/i> Leer en e-book<\/span><\/a><\/div>\n<div class=\"su-button-center\"><a href=\"https:\/\/amzn.to\/3KE1DhM\" class=\"su-button su-button-style-flat su-button-wide\" style=\"color:#FFFFFF;background-color:#b00909;border-color:#8d0808;border-radius:0px;-moz-border-radius:0px;-webkit-border-radius:0px\" target=\"_blank\" rel=\"noopener noreferrer\"><span style=\"color:#FFFFFF;padding:7px 20px;font-size:16px;line-height:24px;border-color:#c85353;border-radius:0px;-moz-border-radius:0px;-webkit-border-radius:0px;text-shadow:none;-moz-text-shadow:none;-webkit-text-shadow:none\"><i class=\"sui sui-mouse-pointer\" style=\"font-size:16px;color:#FFFFFF\"><\/i> Leer en tapa blanda<\/span><\/a><\/div>\n<div class=\"font_preload\" style=\"opacity: 0;\"><\/div>\n","protected":false},"excerpt":{"rendered":"<p>Kai lleva a\u00f1os cargando con un infierno insoportable. Oculto entre las rocas del para\u00edso de Akahai, desea que las olas se lleven consigo el caos que lo rodea.<br \/>\nNahele escapa de un infierno al que un d\u00eda llam\u00f3 \u00abhogar\u00bb con sus dos fieles compa\u00f1eras: su madre y la m\u00fasica. Gracias a una vieja camioneta y la esperanza de poder alcanzar la libertad, viajan hacia la isla que cambiar\u00e1 sus vidas por completo: Akahai, tras cuyas olas se esconde el amor de su vida.<br \/>\nEl amor arroja luz sobre la oscuridad y la m\u00fasica puede ayudar a sanar las heridas del pasado. Descubre que Akahai est\u00e1 llena de secretos, sue\u00f1os y canciones. En la isla, tras las tormentas, siempre sale el sol.<\/p>\n","protected":false},"featured_media":2507782,"comment_status":"closed","ping_status":"closed","template":"","meta":[],"_links":{"self":[{"href":"https:\/\/cherry-publishing.com\/es\/wp-json\/wp\/v2\/product\/2507781"}],"collection":[{"href":"https:\/\/cherry-publishing.com\/es\/wp-json\/wp\/v2\/product"}],"about":[{"href":"https:\/\/cherry-publishing.com\/es\/wp-json\/wp\/v2\/types\/product"}],"replies":[{"embeddable":true,"href":"https:\/\/cherry-publishing.com\/es\/wp-json\/wp\/v2\/comments?post=2507781"}],"wp:featuredmedia":[{"embeddable":true,"href":"https:\/\/cherry-publishing.com\/es\/wp-json\/wp\/v2\/media\/2507782"}],"wp:attachment":[{"href":"https:\/\/cherry-publishing.com\/es\/wp-json\/wp\/v2\/media?parent=2507781"}],"curies":[{"name":"wp","href":"https:\/\/api.w.org\/{rel}","templated":true}]}}